{"id":26446,"date":"2021-03-04T20:30:53","date_gmt":"2021-03-05T02:30:53","guid":{"rendered":"https:\/\/defabrica.com.mx\/defabrica\/?post_type=product&#038;p=26446"},"modified":"2023-01-26T15:25:00","modified_gmt":"2023-01-26T21:25:00","slug":"rasuradora-philips-norelco-13pz-recargable-litio-60mn","status":"publish","type":"product","link":"https:\/\/defabrica.com.mx\/defabrica\/producto\/rasuradora-philips-norelco-13pz-recargable-litio-60mn\/","title":{"rendered":"Rasuradora Philips Norelco &#8211; 13pz &#8211; Recargable Litio 60mn"},"content":{"rendered":"<p>El Philips Norelco Multigroom 3000 es un recortador todo en uno con todo lo que necesita y nada que no necesite.\u00a0Nuestra recortadora multiusos m\u00e1s resistente cuenta con hojas de corte de acero templado que se autoafilan y no se oxidan.\u00a0La recortadora incluye 13 piezas para recortar su cara, cabeza y cabello, incluida una recortadora de acero de tama\u00f1o completo, una recortadora de acero, una recortadora de nariz y orejas, 3 protectores de corte de pelo, 3 protectores de recorte de barba, 1 protector de recortador de barba y una bolsa de almacenamiento.\u00a0La recortadora duradera incluye protectores de corte resistentes a los impactos, un motor reforzado con acero y una potente bater\u00eda de litio que ofrece 60 minutos de tiempo de funcionamiento.\u00a0Las cuchillas y los protectores se pueden enjuagar.<\/p>\n<p><b>Philips Norelco Multigroom 3000, MG3750 \/ 60, 13 accesorios para cortapelos y cortapelos de barba, cara, nariz y orejas &#8211; Aseo sin aceite:<\/b><\/p>\n<ul>\n<li>13 piezas para todas sus necesidades de aseo personal: recorte y mantenimiento de barba y rastrojo, recortador de precisi\u00f3n que permite la colocaci\u00f3n exacta de l\u00edneas n\u00edtidas, recortador de nariz y orejas que se encarga de los pelos no deseados<\/li>\n<li>Tecnolog\u00eda DualCut: 2 veces m\u00e1s cuchillas autoafilables.\u00a0Las hojas de acero se afilan solas a medida que funcionan, lo que da como resultado hojas que permanecen tan afiladas como nuevas despu\u00e9s de 2 a\u00f1os de uso.<\/li>\n<li>Limpie f\u00e1cilmente las cuchillas y los protectores separ\u00e1ndolos del mango y enjuag\u00e1ndolos con agua.<\/li>\n<li>A diferencia de la competencia, no se necesita aceite de cuchilla para mantener un rendimiento de alta calidad<\/li>\n<li>La potente bater\u00eda de litio ofrece hasta 60 minutos de tiempo de funcionamiento.<\/li>\n<li>1 mes de garant\u00eda directamente con Defabrica<\/li>\n<\/ul>\n","protected":false},"excerpt":{"rendered":"<p>El Philips Norelco Multigroom 3000 es un recortador todo en uno con todo lo que necesita y nada que no necesite.\u00a0Nuestra recortadora multiusos m\u00e1s resistente cuenta con hojas de corte<\/p>\n","protected":false},"featured_media":26454,"comment_status":"open","ping_status":"closed","template":"","meta":{"_acf_changed":false,"_joinchat":[]},"product_brand":[],"product_cat":[331,351,462],"product_tag":[],"class_list":{"0":"post-26446","1":"product","2":"type-product","3":"status-publish","4":"has-post-thumbnail","6":"product_cat-salud-y-belleza","7":"product_cat-el","8":"product_cat-afeitado-y-aseo","10":"first","11":"instock","12":"sale","13":"shipping-taxable","14":"purchasable","15":"product-type-simple"},"acf":[],"_links":{"self":[{"href":"https:\/\/defabrica.com.mx\/defabrica\/wp-json\/wp\/v2\/product\/26446","targetHints":{"allow":["GET"]}}],"collection":[{"href":"https:\/\/defabrica.com.mx\/defabrica\/wp-json\/wp\/v2\/product"}],"about":[{"href":"https:\/\/defabrica.com.mx\/defabrica\/wp-json\/wp\/v2\/types\/product"}],"replies":[{"embeddable":true,"href":"https:\/\/defabrica.com.mx\/defabrica\/wp-json\/wp\/v2\/comments?post=26446"}],"wp:featuredmedia":[{"embeddable":true,"href":"https:\/\/defabrica.com.mx\/defabrica\/wp-json\/wp\/v2\/media\/26454"}],"wp:attachment":[{"href":"https:\/\/defabrica.com.mx\/defabrica\/wp-json\/wp\/v2\/media?parent=26446"}],"wp:term":[{"taxonomy":"product_brand","embeddable":true,"href":"https:\/\/defabrica.com.mx\/defabrica\/wp-json\/wp\/v2\/product_brand?post=26446"},{"taxonomy":"product_cat","embeddable":true,"href":"https:\/\/defabrica.com.mx\/defabrica\/wp-json\/wp\/v2\/product_cat?post=26446"},{"taxonomy":"product_tag","embeddable":true,"href":"https:\/\/defabrica.com.mx\/defabrica\/wp-json\/wp\/v2\/product_tag?post=26446"}],"curies":[{"name":"wp","href":"https:\/\/api.w.org\/{rel}","templated":true}]}}