{"id":26104,"date":"2021-03-01T23:05:17","date_gmt":"2021-03-02T05:05:17","guid":{"rendered":"https:\/\/defabrica.com.mx\/defabrica\/?post_type=product&#038;p=26104"},"modified":"2022-12-06T13:27:29","modified_gmt":"2022-12-06T19:27:29","slug":"lasko-torre-platinum-blackwood-ventilador-oscilante-con-ionizador-de-aire-temporizador-control-remoto-de-42","status":"publish","type":"product","link":"https:\/\/defabrica.com.mx\/defabrica\/producto\/lasko-torre-platinum-blackwood-ventilador-oscilante-con-ionizador-de-aire-temporizador-control-remoto-de-42\/","title":{"rendered":"Lasko Torre Platinum Blackwood Ventilador oscilante con ionizador de aire, temporizador, control remoto, de 42&#8243;."},"content":{"rendered":"<h3 class=\"a-spacing-mini\">De confianza para generaciones<\/h3>\n<p class=\"a-spacing-base\">Lasko lleva m\u00e1s de 100 a\u00f1os dise\u00f1ando productos dom\u00e9sticos y ventiladores de calidad. Si necesitas superar el calor, los ventiladores Lasko Tower son una opci\u00f3n excelente para una brisa refrescante cuando hace calor y h\u00famedo al aire libre.<\/p>\n<h3 class=\"a-spacing-mini\">Un verdadero ahorro de espacio.<\/h3>\n<p>Con una superficie de 43 pulgadas de alto con una peque\u00f1a superficie de 13 pulgadas x 13 pulgadas, el dise\u00f1o elegante y sofisticado optimiza el espacio del suelo, lo que te permite colocar el ventilador en lugares donde los ventiladores de pedestal y caja no encajan, sin sacrificar la circulaci\u00f3n del aire, la comodidad o el estilo. Ideal para la cocina, dormitorio, sala de estar, RV y dormitorio.<\/p>\n","protected":false},"excerpt":{"rendered":"<p>De confianza para generaciones Lasko lleva m\u00e1s de 100 a\u00f1os dise\u00f1ando productos dom\u00e9sticos y ventiladores de calidad. Si necesitas superar el calor, los ventiladores Lasko Tower son una opci\u00f3n excelente<\/p>\n","protected":false},"featured_media":29587,"comment_status":"open","ping_status":"closed","template":"","meta":{"_acf_changed":false,"_joinchat":[]},"product_brand":[],"product_cat":[1474,336,1159],"product_tag":[],"class_list":{"0":"post-26104","1":"product","2":"type-product","3":"status-publish","4":"has-post-thumbnail","6":"product_cat-ofertas-primavera-electrodomesticos","7":"product_cat-hogar","8":"product_cat-calefaccion-y-refrigeracion-ventiladores","10":"first","11":"instock","12":"sale","13":"shipping-taxable","14":"purchasable","15":"product-type-simple"},"acf":[],"_links":{"self":[{"href":"https:\/\/defabrica.com.mx\/defabrica\/wp-json\/wp\/v2\/product\/26104","targetHints":{"allow":["GET"]}}],"collection":[{"href":"https:\/\/defabrica.com.mx\/defabrica\/wp-json\/wp\/v2\/product"}],"about":[{"href":"https:\/\/defabrica.com.mx\/defabrica\/wp-json\/wp\/v2\/types\/product"}],"replies":[{"embeddable":true,"href":"https:\/\/defabrica.com.mx\/defabrica\/wp-json\/wp\/v2\/comments?post=26104"}],"wp:featuredmedia":[{"embeddable":true,"href":"https:\/\/defabrica.com.mx\/defabrica\/wp-json\/wp\/v2\/media\/29587"}],"wp:attachment":[{"href":"https:\/\/defabrica.com.mx\/defabrica\/wp-json\/wp\/v2\/media?parent=26104"}],"wp:term":[{"taxonomy":"product_brand","embeddable":true,"href":"https:\/\/defabrica.com.mx\/defabrica\/wp-json\/wp\/v2\/product_brand?post=26104"},{"taxonomy":"product_cat","embeddable":true,"href":"https:\/\/defabrica.com.mx\/defabrica\/wp-json\/wp\/v2\/product_cat?post=26104"},{"taxonomy":"product_tag","embeddable":true,"href":"https:\/\/defabrica.com.mx\/defabrica\/wp-json\/wp\/v2\/product_tag?post=26104"}],"curies":[{"name":"wp","href":"https:\/\/api.w.org\/{rel}","templated":true}]}}