{"id":26090,"date":"2021-03-01T22:56:35","date_gmt":"2021-03-02T04:56:35","guid":{"rendered":"https:\/\/defabrica.com.mx\/defabrica\/?post_type=product&#038;p=26090"},"modified":"2023-01-28T13:18:16","modified_gmt":"2023-01-28T19:18:16","slug":"ventilador-lasko-utilitario-potente-de-alta-velocidad-profesional-3-velocidades-con-salidas-para-accesorios-2","status":"publish","type":"product","link":"https:\/\/defabrica.com.mx\/defabrica\/producto\/ventilador-lasko-utilitario-potente-de-alta-velocidad-profesional-3-velocidades-con-salidas-para-accesorios-2\/","title":{"rendered":"Ventilador Lasko Utilitario Potente de alta velocidad profesional, 3 velocidades, con salidas para accesorios."},"content":{"rendered":"<p>El ventilador Pivoting Pro Blower de Lasko es un ventilador utilitario pivotante, multiprop\u00f3sito y \u00fanico que es ideal para usar en espacios reducidos donde el aire fresco es esencial, como espacios de trabajo, \u00e1ticos, s\u00f3tanos y garajes.\u00a0Repleto de caracter\u00edsticas para ayudar en el lugar de trabajo, est\u00e1 equipado con una acci\u00f3n giratoria patentada que le permite dirigir el flujo de aire justo donde lo necesita, desde secar pisos mojados hasta expulsar el aire de un techo reci\u00e9n pintado y cualquier lugar intermedio.\u00a0Tres velocidades de alta velocidad y una corriente de aire enfocada brindan un rendimiento poderoso.\u00a0Incluye 2 salidas adicionales, un disyuntor con reinicio y un enchufe con conexi\u00f3n a tierra para mayor seguridad y conveniencia.\u00a0Viene completamente ensamblado.\u00a0ETL listado.<\/p>\n<div class=\"bullet-list-wrapper\">\n<ul class=\"bullet-list bullet-list--margin list list--type-square\">\n<li class=\"list__item\">El dise\u00f1o vers\u00e1til y polivalente incluye tres potentes velocidades<\/li>\n<li class=\"list__item\">Equipado con dos tomacorrientes conectados a tierra de 120 voltios para uso de accesorios<\/li>\n<li class=\"list__item\">El cabezal del soplador pivotante lanza aire donde se necesita<\/li>\n<li class=\"list__item\">Asa de transporte de f\u00e1cil agarre para m\u00e1xima portabilidad<\/li>\n<li class=\"list__item\">Disyuntor con bot\u00f3n de reinicio para mayor comodidad<\/li>\n<li class=\"list__item\">Viene completamente ensamblado y listo para trabajar.<\/li>\n<li class=\"list__item\">\u00daselo en el hogar para secar pintura fresca, hacer circular el aire y extraer<\/li>\n<li class=\"list__item\">Ideal para espacios reducidos donde el aire fresco es esencial, como espacios de trabajo, \u00e1ticos, s\u00f3tanos y garajes.<\/li>\n<li class=\"list__item\">Usando salidas de accesorios, conecte varios ventiladores para maximizar el flujo de aire en espacios muy grandes<\/li>\n<li class=\"list__item\">Enchufe de seguridad de 3 clavijas con conexi\u00f3n a tierra<\/li>\n<\/ul>\n<\/div>\n","protected":false},"excerpt":{"rendered":"<p>El ventilador Pivoting Pro Blower de Lasko es un ventilador utilitario pivotante, multiprop\u00f3sito y \u00fanico que es ideal para usar en espacios reducidos donde el aire fresco es esencial, como<\/p>\n","protected":false},"featured_media":29586,"comment_status":"open","ping_status":"closed","template":"","meta":{"_acf_changed":false,"_joinchat":[]},"product_brand":[],"product_cat":[1474,336,1159],"product_tag":[],"class_list":{"0":"post-26090","1":"product","2":"type-product","3":"status-publish","4":"has-post-thumbnail","6":"product_cat-ofertas-primavera-electrodomesticos","7":"product_cat-hogar","8":"product_cat-calefaccion-y-refrigeracion-ventiladores","10":"first","11":"instock","12":"sale","13":"shipping-taxable","14":"purchasable","15":"product-type-simple"},"acf":[],"_links":{"self":[{"href":"https:\/\/defabrica.com.mx\/defabrica\/wp-json\/wp\/v2\/product\/26090","targetHints":{"allow":["GET"]}}],"collection":[{"href":"https:\/\/defabrica.com.mx\/defabrica\/wp-json\/wp\/v2\/product"}],"about":[{"href":"https:\/\/defabrica.com.mx\/defabrica\/wp-json\/wp\/v2\/types\/product"}],"replies":[{"embeddable":true,"href":"https:\/\/defabrica.com.mx\/defabrica\/wp-json\/wp\/v2\/comments?post=26090"}],"wp:featuredmedia":[{"embeddable":true,"href":"https:\/\/defabrica.com.mx\/defabrica\/wp-json\/wp\/v2\/media\/29586"}],"wp:attachment":[{"href":"https:\/\/defabrica.com.mx\/defabrica\/wp-json\/wp\/v2\/media?parent=26090"}],"wp:term":[{"taxonomy":"product_brand","embeddable":true,"href":"https:\/\/defabrica.com.mx\/defabrica\/wp-json\/wp\/v2\/product_brand?post=26090"},{"taxonomy":"product_cat","embeddable":true,"href":"https:\/\/defabrica.com.mx\/defabrica\/wp-json\/wp\/v2\/product_cat?post=26090"},{"taxonomy":"product_tag","embeddable":true,"href":"https:\/\/defabrica.com.mx\/defabrica\/wp-json\/wp\/v2\/product_tag?post=26090"}],"curies":[{"name":"wp","href":"https:\/\/api.w.org\/{rel}","templated":true}]}}