{"id":26011,"date":"2021-03-01T21:10:18","date_gmt":"2021-03-02T03:10:18","guid":{"rendered":"https:\/\/defabrica.com.mx\/defabrica\/?post_type=product&#038;p=26011"},"modified":"2023-01-21T14:15:26","modified_gmt":"2023-01-21T20:15:26","slug":"hamilton-beach-batidora-personal-con-taza-de-viaje-de-400ml","status":"publish","type":"product","link":"https:\/\/defabrica.com.mx\/defabrica\/producto\/hamilton-beach-batidora-personal-con-taza-de-viaje-de-400ml\/","title":{"rendered":"Hamilton Beach &#8211; Batidora personal, con taza de viaje de 400\u202fml"},"content":{"rendered":"<ul class=\"a-unordered-list a-vertical a-spacing-mini\">\n<li><span class=\"a-list-item\">Dise\u00f1o compacto y sin BPA: ideal para el hogar, la oficina y viajes con portabilidad en movimiento<\/span><\/li>\n<li><span class=\"a-list-item\">Licue y listo: licue y beba del frasco y la tapa de 14 onzas, ambos aptos para lavavajillas<\/span><\/li>\n<li><span class=\"a-list-item\">Mezcla con un solo toque: hace excelentes batidos, batidos, f\u00f3rmula para beb\u00e9s, adobos, aderezos para ensaladas y m\u00e1s<\/span><\/li>\n<li><span class=\"a-list-item\">Cuchillas de acero inoxidable: poder triturador de hielo para resultados suaves<\/span><\/li>\n<li><span class=\"a-list-item\">El eficiente motor de 175 vatios proporciona toda la potencia que necesita para un rendimiento r\u00e1pido y confiable<\/span><\/li>\n<li>\n<p class=\"a-spacing-base\">Si los batidos y los batidos de prote\u00ednas son un elemento b\u00e1sico en su dieta, la vida se ha vuelto un poco m\u00e1s f\u00e1cil.\u00a0La licuadora Hamilton Beach Personal Creations con tapa de viaje te permite mezclar y correr.\u00a0Dado que la jarra para batir tambi\u00e9n es una taza de viaje con tapa, no es necesario encontrar la taza adecuada ni dedicar tiempo a limpiar la licuadora antes de salir de casa.\u00a0En su lugar, simplemente retire el frasco de la base y estar\u00e1 listo para comenzar.<\/p>\n<div class=\"amp-centerthirdcol-listbox\">\n<div class=\"a-box a-spacing-small a-color-alternate-background apm-listbox amp-centerthirdcol-listbox\">\n<div class=\"a-box-inner\">\n<ul class=\"a-unordered-list a-vertical\">\n<li><span class=\"a-list-item\"><span class=\"a-size-base\">Hace excelentes batidos y bebidas heladas.<\/span><\/span><\/li>\n<li><span class=\"a-list-item\"><span class=\"a-size-base\">Poder triturador de hielo para resultados suaves<\/span><\/span><\/li>\n<li><span class=\"a-list-item\"><span class=\"a-size-base\">Licue y beba del frasco<\/span><\/span><\/li>\n<li><span class=\"a-list-item\"><span class=\"a-size-base\">F\u00e1cil de limpiar: la jarra y la tapa se pueden lavar en el lavavajillas.<\/span><\/span><\/li>\n<li><span class=\"a-list-item\"><span class=\"a-size-base\">Mezcla r\u00e1pida y sencilla con un solo toque<\/span><\/span><\/li>\n<li><span class=\"a-list-item\"><span class=\"a-size-base\">Libre de BPA en zonas de comida<\/span><\/span><\/li>\n<li><span class=\"a-list-item\"><span class=\"a-size-base\">Cable de alimentaci\u00f3n de 24 \u00ab<\/span><\/span><\/li>\n<\/ul>\n<\/div>\n<\/div>\n<\/div>\n<\/li>\n<\/ul>\n","protected":false},"excerpt":{"rendered":"<p>Dise\u00f1o compacto y sin BPA: ideal para el hogar, la oficina y viajes con portabilidad en movimiento Licue y listo: licue y beba del frasco y la tapa de 14<\/p>\n","protected":false},"featured_media":29590,"comment_status":"open","ping_status":"closed","template":"","meta":{"_acf_changed":false,"_joinchat":[]},"product_brand":[],"product_cat":[1474,336,338,952],"product_tag":[],"class_list":{"0":"post-26011","1":"product","2":"type-product","3":"status-publish","4":"has-post-thumbnail","6":"product_cat-ofertas-primavera-electrodomesticos","7":"product_cat-hogar","8":"product_cat-electrodomesticos","9":"product_cat-licuadoras-y-mezcladoras","11":"first","12":"instock","13":"sale","14":"shipping-taxable","15":"purchasable","16":"product-type-variable","17":"has-default-attributes"},"acf":[],"_links":{"self":[{"href":"https:\/\/defabrica.com.mx\/defabrica\/wp-json\/wp\/v2\/product\/26011","targetHints":{"allow":["GET"]}}],"collection":[{"href":"https:\/\/defabrica.com.mx\/defabrica\/wp-json\/wp\/v2\/product"}],"about":[{"href":"https:\/\/defabrica.com.mx\/defabrica\/wp-json\/wp\/v2\/types\/product"}],"replies":[{"embeddable":true,"href":"https:\/\/defabrica.com.mx\/defabrica\/wp-json\/wp\/v2\/comments?post=26011"}],"wp:featuredmedia":[{"embeddable":true,"href":"https:\/\/defabrica.com.mx\/defabrica\/wp-json\/wp\/v2\/media\/29590"}],"wp:attachment":[{"href":"https:\/\/defabrica.com.mx\/defabrica\/wp-json\/wp\/v2\/media?parent=26011"}],"wp:term":[{"taxonomy":"product_brand","embeddable":true,"href":"https:\/\/defabrica.com.mx\/defabrica\/wp-json\/wp\/v2\/product_brand?post=26011"},{"taxonomy":"product_cat","embeddable":true,"href":"https:\/\/defabrica.com.mx\/defabrica\/wp-json\/wp\/v2\/product_cat?post=26011"},{"taxonomy":"product_tag","embeddable":true,"href":"https:\/\/defabrica.com.mx\/defabrica\/wp-json\/wp\/v2\/product_tag?post=26011"}],"curies":[{"name":"wp","href":"https:\/\/api.w.org\/{rel}","templated":true}]}}