{"id":25962,"date":"2021-03-01T14:36:24","date_gmt":"2021-03-01T20:36:24","guid":{"rendered":"https:\/\/defabrica.com.mx\/defabrica\/?post_type=product&#038;p=25962"},"modified":"2023-01-26T15:20:05","modified_gmt":"2023-01-26T21:20:05","slug":"procesador-hamilton-beach-70730-con-capacidad-para-10-tazas","status":"publish","type":"product","link":"https:\/\/defabrica.com.mx\/defabrica\/producto\/procesador-hamilton-beach-70730-con-capacidad-para-10-tazas\/","title":{"rendered":"Procesador Hamilton Beach 70730 Con Capacidad Para 10 Tazas"},"content":{"rendered":"<p>Ahorre tiempo y prepare la comida como un profesional con el procesador de alimentos Hamilton Beach Bowl Scraper de 10 tazas.\u00a0Ya sea que est\u00e9 cortando, triturando o haciendo pur\u00e9, puede llevar a cabo su trabajo a la perfecci\u00f3n sin tener que hacer una pausa, retire la tapa y use una esp\u00e1tula para raspar los bordes del taz\u00f3n.\u00a0El pr\u00e1ctico accesorio raspador de taz\u00f3n del procesador de alimentos Hamilton, que se puede utilizar durante y despu\u00e9s del procesamiento, elimina de forma r\u00e1pida y segura los ingredientes que se pegan.\u00a0Los beneficios adicionales son la ausencia de desperdicio de alimentos y una preparaci\u00f3n de recetas m\u00e1s precisa.\u00a0El procesador de alimentos de 10 tazas de Hamilton Beach tambi\u00e9n viene con un disco de rebanar y desmenuzar reversible, y una cuchilla en S para picar.\u00a0Le encantar\u00e1 la comodidad del gran conducto de alimentaci\u00f3n, que puede acomodar un bloque completo de queso, as\u00ed como el potente motor que hace de este procesador un verdadero caballo de batalla en cualquier cocina.<\/p>\n<div>\n<ul>\n<li>Procesador de alimentos Hamilton Beach Bowl Scraper para 10 tazas, modelo # 70730: Procesador de alimentos Hamilton Beach Bowl Scraper para 10 tazas<\/li>\n<li>Accesorio raspador de taz\u00f3n: el accesorio especial raspa los lados del taz\u00f3n para mantener los ingredientes cerca de las cuchillas para obtener resultados m\u00e1s uniformes y para ahorrarle tiempo al picar o hacer pur\u00e9; no es necesario detenerse y quitar la tapa para usar una esp\u00e1tula<\/li>\n<li>Capacidad para 10 tazas: el generoso taz\u00f3n de 10 tazas puede manejar grandes vol\u00famenes de alimentos sin tener que detenerse para vaciarlo<\/li>\n<li>Conducto de alimentaci\u00f3n grande: puede caber alimentos grandes como un bloque entero de queso para un procesamiento r\u00e1pido y f\u00e1cil y menos tiempo de preparaci\u00f3n<\/li>\n<li>Versatilidad de un procesador de alimentos, un picador de alimentos y un picador de verduras: el disco de acero inoxidable reversible corta y tritura, mientras que la cuchilla en S de acero inoxidable corta, mezcla y hace pur\u00e9<\/li>\n<li>2 velocidades m\u00e1s pulso y 450 vatios de potencia: las velocidades altas y bajas m\u00e1s el pulso del procesador de alimentos le brindan el control que necesita para una variedad de recetas<\/li>\n<li>Material: Pl\u00e1stico<\/li>\n<li>Color: acero inoxidable<\/li>\n<li>Material de la hoja\u00a0 Acero inoxidable<\/li>\n<li>Potencia: 450 vatios<\/li>\n<li>Capacidad para 10 tazas<\/li>\n<li>2 velocidades y funci\u00f3n de pulso<\/li>\n<li>Incluye disco para rebanar \/ triturar y hoja en S<\/li>\n<li>Canal de alimentaci\u00f3n grande<\/li>\n<li>El recipiente, la tapa y las cuchillas se pueden lavar en el lavavajillas.<\/li>\n<li>Dimensiones: 7.5 \u00abL x 9.5\u00bb W x 13 \u00abH<\/li>\n<li>Peso: 6,9 libras<\/li>\n<\/ul>\n<\/div>\n","protected":false},"excerpt":{"rendered":"<p>Ahorre tiempo y prepare la comida como un profesional con el procesador de alimentos Hamilton Beach Bowl Scraper de 10 tazas.\u00a0Ya sea que est\u00e9 cortando, triturando o haciendo pur\u00e9, puede<\/p>\n","protected":false},"featured_media":25971,"comment_status":"open","ping_status":"closed","template":"","meta":{"_acf_changed":false,"_joinchat":[]},"product_brand":[],"product_cat":[336,338,952],"product_tag":[],"class_list":{"0":"post-25962","1":"product","2":"type-product","3":"status-publish","4":"has-post-thumbnail","6":"product_cat-hogar","7":"product_cat-electrodomesticos","8":"product_cat-licuadoras-y-mezcladoras","10":"first","11":"instock","12":"sale","13":"shipping-taxable","14":"purchasable","15":"product-type-simple"},"acf":[],"_links":{"self":[{"href":"https:\/\/defabrica.com.mx\/defabrica\/wp-json\/wp\/v2\/product\/25962","targetHints":{"allow":["GET"]}}],"collection":[{"href":"https:\/\/defabrica.com.mx\/defabrica\/wp-json\/wp\/v2\/product"}],"about":[{"href":"https:\/\/defabrica.com.mx\/defabrica\/wp-json\/wp\/v2\/types\/product"}],"replies":[{"embeddable":true,"href":"https:\/\/defabrica.com.mx\/defabrica\/wp-json\/wp\/v2\/comments?post=25962"}],"wp:featuredmedia":[{"embeddable":true,"href":"https:\/\/defabrica.com.mx\/defabrica\/wp-json\/wp\/v2\/media\/25971"}],"wp:attachment":[{"href":"https:\/\/defabrica.com.mx\/defabrica\/wp-json\/wp\/v2\/media?parent=25962"}],"wp:term":[{"taxonomy":"product_brand","embeddable":true,"href":"https:\/\/defabrica.com.mx\/defabrica\/wp-json\/wp\/v2\/product_brand?post=25962"},{"taxonomy":"product_cat","embeddable":true,"href":"https:\/\/defabrica.com.mx\/defabrica\/wp-json\/wp\/v2\/product_cat?post=25962"},{"taxonomy":"product_tag","embeddable":true,"href":"https:\/\/defabrica.com.mx\/defabrica\/wp-json\/wp\/v2\/product_tag?post=25962"}],"curies":[{"name":"wp","href":"https:\/\/api.w.org\/{rel}","templated":true}]}}