{"id":25754,"date":"2021-02-28T16:11:04","date_gmt":"2021-02-28T22:11:04","guid":{"rendered":"https:\/\/defabrica.com.mx\/defabrica\/?post_type=product&#038;p=25754"},"modified":"2025-10-10T11:34:54","modified_gmt":"2025-10-10T17:34:54","slug":"zulay-original-espumador-de-leche-de-mano-para-lattes-batidor-para-cafe-mini-espumador-para-capuchino-frape-matcha-chocolate-caliente","status":"publish","type":"product","link":"https:\/\/defabrica.com.mx\/defabrica\/producto\/zulay-original-espumador-de-leche-de-mano-para-lattes-batidor-para-cafe-mini-espumador-para-capuchino-frape-matcha-chocolate-caliente\/","title":{"rendered":"ZULAY Original Espumador de leche de mano para lattes, batidor para caf\u00e9, mini espumador para capuchino, frap\u00e9, Matcha, chocolate caliente."},"content":{"rendered":"<ul class=\"a-unordered-list a-vertical a-spacing-mini\">\n<li><span class=\"a-list-item\">Haz que los amantes del caf\u00e9 sean ricos y cremosos en cuesti\u00f3n de segundos. El Milk Boss Frother da ese toque final profesional a tu caf\u00e9 con leche, capuchino, macchiato o chocolate caliente. Haz deliciosas bebidas espumosas en casa sin tener que visitar Starbucks con tu propia espumadora de leche. Los beneficios de tener tu propia batidora el\u00e9ctrica son infinitas, puedes hacer tu propio caf\u00e9 con leche, t\u00fa mejor que nadie conoces tus gustos.<\/span><\/li>\n<li><span class=\"a-list-item\">Batidora para matcha, caf\u00e9 keto y m\u00e1s &#8211; Los clientes dicen que nuestra batidora funciona mejor que un batidor manual de matcha para hacer t\u00e9 de matcha y funciona mucho mejor que un tenedor o batidor para el caf\u00e9. Funciona muy bien para mezclar bebidas proteicas y nutritivas en polvo sin un recipiente adicional, licuadora o vaso mezclador para lavar. Utiliza nuestro mini mezclador para tus necesidades de batidor y mezcla: Dale alegr\u00eda a tu d\u00eda agregando y mezclando suero de leche o ponche de huevo a tus batidos o licuados saludables.<\/span><\/li>\n<li><span class=\"a-list-item\">Calidad probada y de confianza. Solo utilizamos materiales de primera calidad. Fabricaci\u00f3n duradera, y no se oxidar\u00e1 nunca. Nuestro espumador peque\u00f1o y eficiente funciona en todo tipo de leche, media y media, crema, soja, almendra, anacardo, avellana, leche entera y otros productos l\u00e1cteos como mantequilla o crema.<\/span><\/li>\n<li><span class=\"a-list-item\">F\u00e1cil de limpiar y almacenar: El pr\u00e1ctico soporte de metal duradero proporciona un f\u00e1cil acceso para una bondad espumosa en cuesti\u00f3n de segundos. Su limpieza es a\u00fan m\u00e1s r\u00e1pida. Para limpiar simplemente pon el batidor en agua caliente y enci\u00e9ndelo brevemente, \u00a1limpia al instante! Cuando se almacena en el mostrador o en la mesa, se coloca muy bien junto a otros accesorios de caf\u00e9. Nuestro potente y duradero espumador de leche de mano funciona con dos pilas AA (no incluidas) con un dise\u00f1o el\u00e9ctrico compacto que cabe f\u00e1cilmente en un caj\u00f3n.<\/span><\/li>\n<li><span class=\"a-list-item\">Sin complicaciones, ZULAY garantiza la satisfacci\u00f3n en la cocina. Nos encanta y nos enorgullecemos de nuestro espumador de leche. &#8211; Haz tu pedido ahora y ver\u00e1s que este producto estar\u00e1 a la altura de tus expectativas. Si no hace que tu espuma sea exactamente la que quieres, te tenemos cubierto. \u00a1Que lo disfrutes! Bulletproof es una marca registrada de Bulletproof 360, Inc.<\/span><\/li>\n<li>6 meses de garant\u00eda directamente con Defabrica<\/li>\n<\/ul>\n","protected":false},"excerpt":{"rendered":"<p>Haz que los amantes del caf\u00e9 sean ricos y cremosos en cuesti\u00f3n de segundos. El Milk Boss Frother da ese toque final profesional a tu caf\u00e9 con leche, capuchino, macchiato<\/p>\n","protected":false},"featured_media":25861,"comment_status":"open","ping_status":"closed","template":"","meta":{"_acf_changed":false,"_joinchat":[]},"product_brand":[],"product_cat":[1522,1474,336,337,986],"product_tag":[],"class_list":{"0":"post-25754","1":"product","2":"type-product","3":"status-publish","4":"has-post-thumbnail","6":"product_cat-ofertas-hogar","7":"product_cat-ofertas-primavera-electrodomesticos","8":"product_cat-hogar","9":"product_cat-cocina","10":"product_cat-batidoras","12":"first","13":"instock","14":"sale","15":"shipping-taxable","16":"purchasable","17":"product-type-variable","18":"has-default-attributes"},"acf":[],"_links":{"self":[{"href":"https:\/\/defabrica.com.mx\/defabrica\/wp-json\/wp\/v2\/product\/25754","targetHints":{"allow":["GET"]}}],"collection":[{"href":"https:\/\/defabrica.com.mx\/defabrica\/wp-json\/wp\/v2\/product"}],"about":[{"href":"https:\/\/defabrica.com.mx\/defabrica\/wp-json\/wp\/v2\/types\/product"}],"replies":[{"embeddable":true,"href":"https:\/\/defabrica.com.mx\/defabrica\/wp-json\/wp\/v2\/comments?post=25754"}],"wp:featuredmedia":[{"embeddable":true,"href":"https:\/\/defabrica.com.mx\/defabrica\/wp-json\/wp\/v2\/media\/25861"}],"wp:attachment":[{"href":"https:\/\/defabrica.com.mx\/defabrica\/wp-json\/wp\/v2\/media?parent=25754"}],"wp:term":[{"taxonomy":"product_brand","embeddable":true,"href":"https:\/\/defabrica.com.mx\/defabrica\/wp-json\/wp\/v2\/product_brand?post=25754"},{"taxonomy":"product_cat","embeddable":true,"href":"https:\/\/defabrica.com.mx\/defabrica\/wp-json\/wp\/v2\/product_cat?post=25754"},{"taxonomy":"product_tag","embeddable":true,"href":"https:\/\/defabrica.com.mx\/defabrica\/wp-json\/wp\/v2\/product_tag?post=25754"}],"curies":[{"name":"wp","href":"https:\/\/api.w.org\/{rel}","templated":true}]}}