{"id":25660,"date":"2021-02-25T21:27:46","date_gmt":"2021-02-26T03:27:46","guid":{"rendered":"https:\/\/defabrica.com.mx\/defabrica\/?post_type=product&#038;p=25660"},"modified":"2022-07-05T13:49:14","modified_gmt":"2022-07-05T18:49:14","slug":"lenovo-tab-m10-plus-android-fhd-de-10-3-iron-grey","status":"publish","type":"product","link":"https:\/\/defabrica.com.mx\/defabrica\/producto\/lenovo-tab-m10-plus-android-fhd-de-10-3-iron-grey\/","title":{"rendered":"Lenovo Tab M10 Plus, Android FHD de 10.3&#8243;, Iron Grey."},"content":{"rendered":"<p>Con un cuerpo totalmente met\u00e1lico y un dise\u00f1o ultramoderno, la Lenovo Tab M10 FHD Plus (2.a generaci\u00f3n) se destaca entre la multitud.\u00a0Su pantalla FHD de 10,3 \u00aby sus altavoces duales con Dolby Atmos\u00ae le brindan un entretenimiento realmente envolvente.<\/p>\n<ul>\n<li>Elija una Lenovo Tab M10 FHD Plus (2.a generaci\u00f3n) y le resultar\u00e1 dif\u00edcil dejarla.\u00a0Su cubierta de cuerpo de metal completo es muy suave, al tiempo que mantiene un bisel ultradelgado que permite una mayor proporci\u00f3n de pantalla a pantalla.\u00a0El resultado es una tableta de aspecto moderno que todos querr\u00e1n usar.<\/li>\n<li>La Lenovo Tab M10 FHD Plus (2.a generaci\u00f3n) tiene una impresionante pantalla de 10,3 \u00abcon visualizaci\u00f3n de gran angular, que ofrece im\u00e1genes de imagen perfecta. Agregue el procesamiento de ocho n\u00facleos Qualcomm\u00ae Snapdragon \u2122 sin interrupciones y una conexi\u00f3n WiFi ultrarr\u00e1pida, y tendr\u00e1 un dispositivo de entretenimiento serio, para el hogar o mientras viaja.<\/li>\n<li>La Lenovo Tab M10 FHD Plus (2.a generaci\u00f3n) se destaca por brindar una experiencia de audio premium.\u00a0Sus dos parlantes laterales, finamente afinados con Dolby Atmos\u00ae, hacen que todo, desde m\u00fasica y juegos hasta videos y podcasts, suene y se sienta fuera de este mundo.<\/li>\n<li>Puede desbloquear su Tab M10 Plus (2.a generaci\u00f3n) con solo una sonrisa gracias a la tecnolog\u00eda de reconocimiento facial que lo ve y lo conoce; es realmente as\u00ed de simple y seguro.<\/li>\n<li>Con el modo Ni\u00f1os, sus peque\u00f1os pueden disfrutar de contenido divertido y seguro para ni\u00f1os.\u00a0Tambi\u00e9n puede administrar lo que ven y durante cu\u00e1nto tiempo.\u00a0Incluso recibir una alerta si alguien no est\u00e1 sentado correctamente.\u00a0Adem\u00e1s, la tecnolog\u00eda de protecci\u00f3n ocular incorporada ayuda a reducir el riesgo de fatiga visual.<\/li>\n<\/ul>\n","protected":false},"excerpt":{"rendered":"<p>Con un cuerpo totalmente met\u00e1lico y un dise\u00f1o ultramoderno, la Lenovo Tab M10 FHD Plus (2.a generaci\u00f3n) se destaca entre la multitud.\u00a0Su pantalla FHD de 10,3 \u00aby sus altavoces duales<\/p>\n","protected":false},"featured_media":62860,"comment_status":"open","ping_status":"closed","template":"","meta":{"_acf_changed":false,"_joinchat":[]},"product_brand":[],"product_cat":[1453,1472,408,409,1111,410],"product_tag":[],"class_list":{"0":"post-25660","1":"product","2":"type-product","3":"status-publish","4":"has-post-thumbnail","6":"product_cat-black-friday","7":"product_cat-ofertas-primavera-tablets","8":"product_cat-celulares-y-tablets","9":"product_cat-tablets-y-ipad","10":"product_cat-lenovo","11":"product_cat-todas-las-tablets","13":"first","14":"instock","15":"sale","16":"shipping-taxable","17":"purchasable","18":"product-type-simple"},"acf":[],"_links":{"self":[{"href":"https:\/\/defabrica.com.mx\/defabrica\/wp-json\/wp\/v2\/product\/25660","targetHints":{"allow":["GET"]}}],"collection":[{"href":"https:\/\/defabrica.com.mx\/defabrica\/wp-json\/wp\/v2\/product"}],"about":[{"href":"https:\/\/defabrica.com.mx\/defabrica\/wp-json\/wp\/v2\/types\/product"}],"replies":[{"embeddable":true,"href":"https:\/\/defabrica.com.mx\/defabrica\/wp-json\/wp\/v2\/comments?post=25660"}],"wp:featuredmedia":[{"embeddable":true,"href":"https:\/\/defabrica.com.mx\/defabrica\/wp-json\/wp\/v2\/media\/62860"}],"wp:attachment":[{"href":"https:\/\/defabrica.com.mx\/defabrica\/wp-json\/wp\/v2\/media?parent=25660"}],"wp:term":[{"taxonomy":"product_brand","embeddable":true,"href":"https:\/\/defabrica.com.mx\/defabrica\/wp-json\/wp\/v2\/product_brand?post=25660"},{"taxonomy":"product_cat","embeddable":true,"href":"https:\/\/defabrica.com.mx\/defabrica\/wp-json\/wp\/v2\/product_cat?post=25660"},{"taxonomy":"product_tag","embeddable":true,"href":"https:\/\/defabrica.com.mx\/defabrica\/wp-json\/wp\/v2\/product_tag?post=25660"}],"curies":[{"name":"wp","href":"https:\/\/api.w.org\/{rel}","templated":true}]}}