{"id":25620,"date":"2021-02-25T20:45:58","date_gmt":"2021-02-26T02:45:58","guid":{"rendered":"https:\/\/defabrica.com.mx\/defabrica\/?post_type=product&#038;p=25620"},"modified":"2022-12-06T13:12:45","modified_gmt":"2022-12-06T19:12:45","slug":"2020-tablet-amazon-fire-8-hd-8-32gb-ram-2gb","status":"publish","type":"product","link":"https:\/\/defabrica.com.mx\/defabrica\/producto\/2020-tablet-amazon-fire-8-hd-8-32gb-ram-2gb\/","title":{"rendered":"2020 Tablet Amazon Fire 8 HD  8&#8243; 32GB RAM 2GB"},"content":{"rendered":"<div class=\"content-grid-row-wrapper \" data-lazy-loading-background-image=\"\">\n<div class=\"a-row\">\n<div class=\"content-grid-col-wrapper override-column-spacing\">\n<div class=\"a-column a-span8 block-content block-type-text textalign-center\">\n<div class=\"content-grid-block\">\n<h2><strong>Mira y haz m\u00e1s con Alexa<\/strong><\/h2>\n<p>&nbsp;<\/p>\n<\/div>\n<\/div>\n<\/div>\n<\/div>\n<\/div>\n<div class=\"content-grid-row-wrapper \" data-lazy-loading-background-image=\"\">\n<div class=\"a-row\">\n<div class=\"content-grid-col-wrapper override-column-spacing\">\n<div class=\"a-column a-span4 block-content block-type-text textalign-left\">\n<div class=\"content-grid-block\">\n<p>Alexa te conecta con la informaci\u00f3n, el entretenimiento y la gente que m\u00e1s importa, s\u00f3lo con tu voz. Pide que reproduzca videos y m\u00fasica, que abra aplicaciones, que consulte el tiempo, que llame o env\u00ede mensajes a casi todo el mundo, y mucho m\u00e1s.<\/p>\n<\/div>\n<\/div>\n<\/div>\n<div class=\"content-grid-col-wrapper override-column-spacing\">\n<div class=\"a-column a-span4 block-content block-type-text textalign-left\">\n<div class=\"content-grid-block\">\n<p>S\u00f3lo di \u201cAlexa\u201d, incluso cuando la pantalla de la tablet est\u00e1 reposando en espera. Alexa y Fire HD 8 est\u00e1n dise\u00f1adas para proteger tu privacidad. Por ejemplo, puedes ver y borrar tus grabaciones de voz o activar y desactivar el modo manos libres de Alexa en cualquier momento.<\/p>\n<p>&nbsp;<\/p>\n<\/div>\n<\/div>\n<\/div>\n<\/div>\n<\/div>\n<h2><strong>R\u00e1pida y sensible<\/strong><\/h2>\n<p>Fire HD 8 es r\u00e1pida y con gran capacidad de respuesta, con una vibrante pantalla HD de 8 pulgadas, 2X el almacenamiento, 2 GB de RAM y un rendimiento 30 % m\u00e1s r\u00e1pido gracias al nuevo procesador de n\u00facleo cu\u00e1druple de 2.0 GHz. Reproduce pel\u00edculas, mira videos o juega juegos con el wifi mejorado. Disfruta de los contenidos descargados todo el d\u00eda con la bater\u00eda de 12 horas de duraci\u00f3n. USB-C para facilitar la carga cuando necesites volver a cargarla.<\/p>\n<ul class=\"a-unordered-list a-vertical a-spacing-mini\">\n<li><span class=\"a-list-item\">Pantalla HD de 8 \u00ab, 2 veces el almacenamiento (32 o 64 GB de almacenamiento interno y hasta 1 TB con tarjeta microSD) + 2 GB de RAM.<\/span><\/li>\n<li><span class=\"a-list-item\">Duraci\u00f3n de la bater\u00eda para todo el d\u00eda: hasta 12 horas para leer, navegar por la web, ver videos y escuchar m\u00fasica.<\/span><\/li>\n<li><span class=\"a-list-item\">Ahora con USB-C para una carga m\u00e1s sencilla.\u00a0Se carga completamente en menos de 5 horas (con cable + adaptador incluido).<\/span><\/li>\n<li><span class=\"a-list-item\">30% m\u00e1s r\u00e1pido gracias al nuevo procesador de cuatro n\u00facleos a 2,0 GHz.<\/span><\/li>\n<li><span class=\"a-list-item\">Disfrute de sus aplicaciones favoritas como Netflix, Facebook, Hulu, Instagram, TikTok y m\u00e1s a trav\u00e9s de la tienda de aplicaciones de Amazon (Google Play no es compatible).<\/span><\/li>\n<li><span class=\"a-list-item\">Presentamos el modo de juego: una experiencia de juego optimizada y sin distracciones.<\/span><\/li>\n<li><span class=\"a-list-item\">Manos libres con Alexa, incluido interruptor de encendido \/ apagado.<\/span><\/li>\n<li>3 meses de garant\u00eda directamente con Defabrica<\/li>\n<\/ul>\n","protected":false},"excerpt":{"rendered":"<p>Mira y haz m\u00e1s con Alexa &nbsp; Alexa te conecta con la informaci\u00f3n, el entretenimiento y la gente que m\u00e1s importa, s\u00f3lo con tu voz. Pide que reproduzca videos y<\/p>\n","protected":false},"featured_media":25625,"comment_status":"open","ping_status":"closed","template":"","meta":{"_acf_changed":false,"_joinchat":[]},"product_brand":[],"product_cat":[408,409,261,410],"product_tag":[],"class_list":{"0":"post-25620","1":"product","2":"type-product","3":"status-publish","4":"has-post-thumbnail","6":"product_cat-celulares-y-tablets","7":"product_cat-tablets-y-ipad","8":"product_cat-amazon","9":"product_cat-todas-las-tablets","11":"first","12":"instock","13":"sale","14":"shipping-taxable","15":"purchasable","16":"product-type-variable","17":"has-default-attributes"},"acf":[],"_links":{"self":[{"href":"https:\/\/defabrica.com.mx\/defabrica\/wp-json\/wp\/v2\/product\/25620","targetHints":{"allow":["GET"]}}],"collection":[{"href":"https:\/\/defabrica.com.mx\/defabrica\/wp-json\/wp\/v2\/product"}],"about":[{"href":"https:\/\/defabrica.com.mx\/defabrica\/wp-json\/wp\/v2\/types\/product"}],"replies":[{"embeddable":true,"href":"https:\/\/defabrica.com.mx\/defabrica\/wp-json\/wp\/v2\/comments?post=25620"}],"wp:featuredmedia":[{"embeddable":true,"href":"https:\/\/defabrica.com.mx\/defabrica\/wp-json\/wp\/v2\/media\/25625"}],"wp:attachment":[{"href":"https:\/\/defabrica.com.mx\/defabrica\/wp-json\/wp\/v2\/media?parent=25620"}],"wp:term":[{"taxonomy":"product_brand","embeddable":true,"href":"https:\/\/defabrica.com.mx\/defabrica\/wp-json\/wp\/v2\/product_brand?post=25620"},{"taxonomy":"product_cat","embeddable":true,"href":"https:\/\/defabrica.com.mx\/defabrica\/wp-json\/wp\/v2\/product_cat?post=25620"},{"taxonomy":"product_tag","embeddable":true,"href":"https:\/\/defabrica.com.mx\/defabrica\/wp-json\/wp\/v2\/product_tag?post=25620"}],"curies":[{"name":"wp","href":"https:\/\/api.w.org\/{rel}","templated":true}]}}