{"id":25598,"date":"2021-02-25T20:16:35","date_gmt":"2021-02-26T02:16:35","guid":{"rendered":"https:\/\/defabrica.com.mx\/defabrica\/?post_type=product&#038;p=25598"},"modified":"2022-12-06T13:12:02","modified_gmt":"2022-12-06T19:12:02","slug":"tablet-amazon-fire-7-16-gb-con-alexa-9na-generacion-2019","status":"publish","type":"product","link":"https:\/\/defabrica.com.mx\/defabrica\/producto\/tablet-amazon-fire-7-16-gb-con-alexa-9na-generacion-2019\/","title":{"rendered":"Tablet Amazon Fire 7&#8243; 16 GB Con Alexa 9na Generaci\u00f3n 2019"},"content":{"rendered":"<div class=\"a-column a-span4 block-content block-type-text textalign-left\">\n<div class=\"content-grid-block\">\n<p>Alexa te conecta con la informaci\u00f3n, el entretenimiento y las personas que m\u00e1s te importan, con solo tu voz. Pide reproducir videos y m\u00fasica, abrir aplicaciones, comprar en l\u00ednea, verificar el clima, llamar o enviar mensajes a casi cualquier persona y mucho m\u00e1s. Solo di \u201cAlexa\u201d, incluso cuando la pantalla de la tablet est\u00e9 en modo de espera.<\/p>\n<\/div>\n<\/div>\n<div class=\"a-column a-span4 block-content block-type-text textalign-left\">\n<div class=\"content-grid-block\">\n<div class=\"a-column a-span4 block-content block-type-text textalign-left\">\n<div class=\"content-grid-block\">\n<p>Alexa y Fire 7 est\u00e1n dise\u00f1ados para proteger tu privacidad. Por ejemplo, puedes ver y eliminar tus grabaciones de voz o desactivar o activar el modo manos libres de Alexa en cualquier momento.<\/p>\n<\/div>\n<\/div>\n<\/div>\n<\/div>\n<p><span class=\"a-list-item\">Pantalla IPS de 7 \u00ab; 16 o 32 GB de almacenamiento interno (agregue hasta 512 GB con microSD); 9.a generaci\u00f3n (versi\u00f3n 2019)<\/span><\/p>\n<ul class=\"a-unordered-list a-vertical a-spacing-mini\">\n<li><span class=\"a-list-item\">Procesador de cuatro n\u00facleos a 1,3 GHz m\u00e1s r\u00e1pido<\/span><\/li>\n<li><span class=\"a-list-item\">Hasta 7 horas para leer, navegar por la web, ver videos y escuchar m\u00fasica<\/span><\/li>\n<li><span class=\"a-list-item\">Manos libres con Alexa, incluido interruptor de encendido \/ apagado<\/span><\/li>\n<li><span class=\"a-list-item\">1 GB de RAM<\/span><\/li>\n<li><span class=\"a-list-item\">C\u00e1maras delanteras y traseras de 2 MP con grabaci\u00f3n de video HD de 720p<\/span><\/li>\n<li><span class=\"a-list-item\">Wi-Fi de doble banda<\/span><\/li>\n<li>3 meses de garant\u00eda directamente con Defabrica<\/li>\n<\/ul>\n","protected":false},"excerpt":{"rendered":"<p>Alexa te conecta con la informaci\u00f3n, el entretenimiento y las personas que m\u00e1s te importan, con solo tu voz. Pide reproducir videos y m\u00fasica, abrir aplicaciones, comprar en l\u00ednea, verificar<\/p>\n","protected":false},"featured_media":52288,"comment_status":"open","ping_status":"closed","template":"","meta":{"_acf_changed":false,"_joinchat":[]},"product_brand":[],"product_cat":[1453,1472,408,409,261,410],"product_tag":[],"class_list":{"0":"post-25598","1":"product","2":"type-product","3":"status-publish","4":"has-post-thumbnail","6":"product_cat-black-friday","7":"product_cat-ofertas-primavera-tablets","8":"product_cat-celulares-y-tablets","9":"product_cat-tablets-y-ipad","10":"product_cat-amazon","11":"product_cat-todas-las-tablets","13":"first","14":"instock","15":"sale","16":"shipping-taxable","17":"purchasable","18":"product-type-variable","19":"has-default-attributes"},"acf":[],"_links":{"self":[{"href":"https:\/\/defabrica.com.mx\/defabrica\/wp-json\/wp\/v2\/product\/25598","targetHints":{"allow":["GET"]}}],"collection":[{"href":"https:\/\/defabrica.com.mx\/defabrica\/wp-json\/wp\/v2\/product"}],"about":[{"href":"https:\/\/defabrica.com.mx\/defabrica\/wp-json\/wp\/v2\/types\/product"}],"replies":[{"embeddable":true,"href":"https:\/\/defabrica.com.mx\/defabrica\/wp-json\/wp\/v2\/comments?post=25598"}],"wp:featuredmedia":[{"embeddable":true,"href":"https:\/\/defabrica.com.mx\/defabrica\/wp-json\/wp\/v2\/media\/52288"}],"wp:attachment":[{"href":"https:\/\/defabrica.com.mx\/defabrica\/wp-json\/wp\/v2\/media?parent=25598"}],"wp:term":[{"taxonomy":"product_brand","embeddable":true,"href":"https:\/\/defabrica.com.mx\/defabrica\/wp-json\/wp\/v2\/product_brand?post=25598"},{"taxonomy":"product_cat","embeddable":true,"href":"https:\/\/defabrica.com.mx\/defabrica\/wp-json\/wp\/v2\/product_cat?post=25598"},{"taxonomy":"product_tag","embeddable":true,"href":"https:\/\/defabrica.com.mx\/defabrica\/wp-json\/wp\/v2\/product_tag?post=25598"}],"curies":[{"name":"wp","href":"https:\/\/api.w.org\/{rel}","templated":true}]}}