{"id":25341,"date":"2021-02-23T17:19:55","date_gmt":"2021-02-23T23:19:55","guid":{"rendered":"https:\/\/defabrica.com.mx\/defabrica\/?post_type=product&#038;p=25341"},"modified":"2022-12-06T13:10:26","modified_gmt":"2022-12-06T19:10:26","slug":"moto-g9-power-128gb-4gb-6-8-hd-snapdragon-662-6000mah-bateria-dual-sim-gsm-libre","status":"publish","type":"product","link":"https:\/\/defabrica.com.mx\/defabrica\/producto\/moto-g9-power-128gb-4gb-6-8-hd-snapdragon-662-6000mah-bateria-dual-sim-gsm-libre\/","title":{"rendered":"Moto G9 Power (128\u202fGB, 4\u202fGB) 6,8&#8243; HD+, Snapdragon 662, 6000 mAh Bater\u00eda, Dual SIM GSM Libre."},"content":{"rendered":"<p>Presentamos la potencia de moto G9 y su bater\u00eda de 6000 mAh l\u00edder en la industria, que dura hasta 60 horas con una sola carga. Siempre tenga la c\u00e1mara adecuada para el momento adecuado con un sistema de c\u00e1mara triple de 64 MP. Disfruta de todas tus pel\u00edculas, programas, juegos y mucho m\u00e1s favoritos en una pantalla Max Vision de 6,8&#8243;. Y obt\u00e9n 128 GB de almacenamiento para que tengas espacio para todo. Hasta 60 horas de energ\u00eda sin parar Siente la libertad de ir varios d\u00edas con una sola carga. La bater\u00eda de 6000 mAh es nuestra m\u00e1s grande hasta la fecha, por lo que puede ir a lo grande y no preocuparse por recargar. \u00bfQuieres chatear m\u00e1s tiempo en videollamadas? Lo tienes. \u00bfViajar sin cargador? No hay problema. \u00bfBinge-watch todo el fin de semana? Hecho. Adem\u00e1s, acelera r\u00e1pidamente con la carga TurboPower 20 para obtener horas de energ\u00eda en minutos. Rendimiento (y almacenamiento) para todo lo que necesitas Capture fotos, juegue juegos y realice varias tareas entre diferentes aplicaciones con facilidad gracias al rendimiento sin retrasos de un procesador Qualcomm Snapdragon y 4 GB de RAM. Adem\u00e1s, nunca pienses en el almacenamiento con 128 GB incorporados. Y siempre puedes a\u00f1adir hasta 512 GB m\u00e1s, con una tarjeta microSD. Repelente al agua. A prueba de preocupaciones. No dejes que los derrames o salpicaduras te retrasen. Tanto si vas a correr como si haces una llamada bajo la lluvia, un dise\u00f1o repelente al agua mantiene la potencia de moto g9 protegida.<\/p>\n<p>&nbsp;<\/p>\n","protected":false},"excerpt":{"rendered":"<p>Presentamos la potencia de moto G9 y su bater\u00eda de 6000 mAh l\u00edder en la industria, que dura hasta 60 horas con una sola carga. Siempre tenga la c\u00e1mara adecuada<\/p>\n","protected":false},"featured_media":46386,"comment_status":"open","ping_status":"closed","template":"","meta":{"_acf_changed":false,"_joinchat":[]},"product_brand":[],"product_cat":[408,265,267,276],"product_tag":[],"class_list":{"0":"post-25341","1":"product","2":"type-product","3":"status-publish","4":"has-post-thumbnail","6":"product_cat-celulares-y-tablets","7":"product_cat-celulares","8":"product_cat-motorola","9":"product_cat-todos-los-celulares","11":"first","12":"outofstock","13":"sale","14":"shipping-taxable","15":"purchasable","16":"product-type-simple"},"acf":[],"_links":{"self":[{"href":"https:\/\/defabrica.com.mx\/defabrica\/wp-json\/wp\/v2\/product\/25341","targetHints":{"allow":["GET"]}}],"collection":[{"href":"https:\/\/defabrica.com.mx\/defabrica\/wp-json\/wp\/v2\/product"}],"about":[{"href":"https:\/\/defabrica.com.mx\/defabrica\/wp-json\/wp\/v2\/types\/product"}],"replies":[{"embeddable":true,"href":"https:\/\/defabrica.com.mx\/defabrica\/wp-json\/wp\/v2\/comments?post=25341"}],"wp:featuredmedia":[{"embeddable":true,"href":"https:\/\/defabrica.com.mx\/defabrica\/wp-json\/wp\/v2\/media\/46386"}],"wp:attachment":[{"href":"https:\/\/defabrica.com.mx\/defabrica\/wp-json\/wp\/v2\/media?parent=25341"}],"wp:term":[{"taxonomy":"product_brand","embeddable":true,"href":"https:\/\/defabrica.com.mx\/defabrica\/wp-json\/wp\/v2\/product_brand?post=25341"},{"taxonomy":"product_cat","embeddable":true,"href":"https:\/\/defabrica.com.mx\/defabrica\/wp-json\/wp\/v2\/product_cat?post=25341"},{"taxonomy":"product_tag","embeddable":true,"href":"https:\/\/defabrica.com.mx\/defabrica\/wp-json\/wp\/v2\/product_tag?post=25341"}],"curies":[{"name":"wp","href":"https:\/\/api.w.org\/{rel}","templated":true}]}}