{"id":25052,"date":"2021-02-18T18:39:27","date_gmt":"2021-02-19T00:39:27","guid":{"rendered":"https:\/\/defabrica.com.mx\/defabrica\/?post_type=product&#038;p=25052"},"modified":"2023-01-26T15:17:31","modified_gmt":"2023-01-26T21:17:31","slug":"moderna-laptop-lenovo-chromebook-s330-4gb-ram-32gb-hdd-pantalla-de-14-led-sistema-operativo-chrome","status":"publish","type":"product","link":"https:\/\/defabrica.com.mx\/defabrica\/producto\/moderna-laptop-lenovo-chromebook-s330-4gb-ram-32gb-hdd-pantalla-de-14-led-sistema-operativo-chrome\/","title":{"rendered":"Lenovo Chromebook S330 14&#8243; Mediatek 4GB\/32GB eMMC SSD Chromebook Dise\u00f1o Black"},"content":{"rendered":"<p>Compatible con Google Classroom. Chromebook es una computadora para la forma en que funciona el mundo moderno, con miles de aplicaciones, protecci\u00f3n antivirus incorporada y copias de seguridad en la nube. Es seguro, r\u00e1pido, actualizado, vers\u00e1til y sencillo. Creado para la velocidad y la simplicidad. Comienza en segundos y permanece r\u00e1pido durante todo el d\u00eda.<\/p>\n<p>M\u00e1s tiempo de actividad entre cargas con hasta 8 horas de duraci\u00f3n de la bater\u00eda, puede navegar, trabajar o jugar desde cualquier lugar. (Todos los Chromebook vienen con al menos 8 horas de duraci\u00f3n de la bater\u00eda). Seguridad desde el principio Las actualizaciones y copias de seguridad autom\u00e1ticas ofrecen protecci\u00f3n y tranquilidad Haga m\u00e1s con las aplicaciones Entretenimiento o productividad, todas sus aplicaciones favoritas est\u00e1n disponibles en Google Play Store. Dise\u00f1ado pensando en usted Hardware de fabricantes premium con dise\u00f1os innovadores y elegantes.<\/p>\n<p>Establezca reglas b\u00e1sicas digitales con Family Link Los padres pueden administrar su familia s aplicaciones y sitios web, establecer l\u00edmites de tiempo de pantalla e incluso bloquear dispositivos de forma remota. Descubre tu Chromebook<\/p>\n<ul>\n<li><b>Lenovo Chromebook S330 14.0 \u00abport\u00e1til<\/b><\/li>\n<li><b>Sistema operativo Chrome<\/b><\/li>\n<li><b>Procesador MediaTek MT8173c de cuatro n\u00facleos<\/b><\/li>\n<li><b>Memoria de 4GB<\/b><\/li>\n<li><b>Almacenamiento SSD EMMc de 32 GB<\/b><\/li>\n<li><b>Negocios Negro<\/b><\/li>\n<\/ul>\n","protected":false},"excerpt":{"rendered":"<p>Compatible con Google Classroom. Chromebook es una computadora para la forma en que funciona el mundo moderno, con miles de aplicaciones, protecci\u00f3n antivirus incorporada y copias de seguridad en la<\/p>\n","protected":false},"featured_media":65624,"comment_status":"open","ping_status":"closed","template":"","meta":{"_acf_changed":false,"_joinchat":[]},"product_brand":[],"product_cat":[1453,1471,240,241],"product_tag":[],"class_list":{"0":"post-25052","1":"product","2":"type-product","3":"status-publish","4":"has-post-thumbnail","6":"product_cat-black-friday","7":"product_cat-ofertas-primavera-computo","8":"product_cat-computadoras","9":"product_cat-laptops","11":"first","12":"instock","13":"sale","14":"shipping-taxable","15":"purchasable","16":"product-type-simple"},"acf":[],"_links":{"self":[{"href":"https:\/\/defabrica.com.mx\/defabrica\/wp-json\/wp\/v2\/product\/25052","targetHints":{"allow":["GET"]}}],"collection":[{"href":"https:\/\/defabrica.com.mx\/defabrica\/wp-json\/wp\/v2\/product"}],"about":[{"href":"https:\/\/defabrica.com.mx\/defabrica\/wp-json\/wp\/v2\/types\/product"}],"replies":[{"embeddable":true,"href":"https:\/\/defabrica.com.mx\/defabrica\/wp-json\/wp\/v2\/comments?post=25052"}],"wp:featuredmedia":[{"embeddable":true,"href":"https:\/\/defabrica.com.mx\/defabrica\/wp-json\/wp\/v2\/media\/65624"}],"wp:attachment":[{"href":"https:\/\/defabrica.com.mx\/defabrica\/wp-json\/wp\/v2\/media?parent=25052"}],"wp:term":[{"taxonomy":"product_brand","embeddable":true,"href":"https:\/\/defabrica.com.mx\/defabrica\/wp-json\/wp\/v2\/product_brand?post=25052"},{"taxonomy":"product_cat","embeddable":true,"href":"https:\/\/defabrica.com.mx\/defabrica\/wp-json\/wp\/v2\/product_cat?post=25052"},{"taxonomy":"product_tag","embeddable":true,"href":"https:\/\/defabrica.com.mx\/defabrica\/wp-json\/wp\/v2\/product_tag?post=25052"}],"curies":[{"name":"wp","href":"https:\/\/api.w.org\/{rel}","templated":true}]}}