{"id":25041,"date":"2021-02-18T18:15:59","date_gmt":"2021-02-19T00:15:59","guid":{"rendered":"https:\/\/defabrica.com.mx\/defabrica\/?post_type=product&#038;p=25041"},"modified":"2023-01-26T15:16:25","modified_gmt":"2023-01-26T21:16:25","slug":"moderna-laptop-acer-chromebook-cb3-431-intel-atom-x5-e8000-4gb-ram-pantalla-de-14-led-hasta-12hrs-de-bateria-funda-protectora-gratis","status":"publish","type":"product","link":"https:\/\/defabrica.com.mx\/defabrica\/producto\/moderna-laptop-acer-chromebook-cb3-431-intel-atom-x5-e8000-4gb-ram-pantalla-de-14-led-hasta-12hrs-de-bateria-funda-protectora-gratis\/","title":{"rendered":"Moderna Laptop Acer Chromebook CB3-431 Intel Atom x5-E8000 4\u202fGB RAM Pantalla de 14&#8243;  Led &#8211; Hasta 12hrs de Bater\u00eda. \u00a1Funda protectora GRATIS!"},"content":{"rendered":"<p>Compatible con Google Classroom.\u00a0Chromebook es una computadora para la forma en que funciona el mundo moderno, con miles de aplicaciones, protecci\u00f3n antivirus incorporada y copias de seguridad en la nube.\u00a0Es seguro, r\u00e1pido, actualizado, vers\u00e1til y sencillo.\u00a0Creado para la velocidad y la simplicidad: comienza en segundos y permanece r\u00e1pido durante todo el d\u00eda.\u00a0M\u00e1s tiempo de actividad entre cargas: con hasta 8 horas * de duraci\u00f3n de la bater\u00eda, puede navegar, trabajar o jugar desde cualquier lugar.\u00a0(* Todos los Chromebook vienen con al menos 8 horas de duraci\u00f3n de la bater\u00eda). Seguridad desde el principio: las actualizaciones autom\u00e1ticas y las copias de seguridad ofrecen protecci\u00f3n y tranquilidad Haga m\u00e1s con las aplicaciones: entretenimiento o productividad, todas sus aplicaciones favoritas est\u00e1n disponibles en Google Play Store .\u00a0Dise\u00f1ado pensando en usted: hardware de fabricantes premium con dise\u00f1os innovadores y elegantes.\u00a0Establezca reglas b\u00e1sicas digitales con Family Link: los padres pueden administrar su familia\u00a0s aplicaciones y sitios web, establecer l\u00edmites de tiempo de pantalla e incluso bloquear dispositivos de forma remota.\u00a0Descubre tu Chromebook aqu\u00ed<\/p>\n<h3>Caracter\u00edsticas principales:<\/h3>\n<p>El Acer Chromebook 14 es una poderosa estrella de rock con su elegante chasis 100% met\u00e1lico y su pantalla HD inmersiva que ofrece una experiencia m\u00f3vil \u00e9pica que no tiene rival en otros Chromebook en el gran escenario.\u00a0La conexi\u00f3n inal\u00e1mbrica incre\u00edblemente r\u00e1pida y la incre\u00edble duraci\u00f3n de la bater\u00eda le brindan todo el d\u00eda para ejecutar sus aplicaciones favoritas de Google o acceder a sus fotos, videos, m\u00fasica y documentos.\u00a0Deslice el Chromebook en la funda protectora incluida y estar\u00e1 listo para salir y afrontar su d\u00eda.\u00a0Carcasa de aleaci\u00f3n de aluminio 100%.<\/p>\n<h3>M\u00e1s caracter\u00edsticas:<\/h3>\n<ul>\n<li>Procesador Intel Atom x5-E8000 de cuatro n\u00facleos (hasta 2,0 GHz)<\/li>\n<li>Pantalla ancha con retroiluminaci\u00f3n LED de 14 \u00abHD ComfyView (1366&#215;768)<\/li>\n<li>Memoria LPDDR3 SDRAM de 4GB y eMMC de 32GB<\/li>\n<li>WiFi 802.11ac con tecnolog\u00eda MIMO (banda dual de 2,4 GHz y 5 GHz)<\/li>\n<li>Bater\u00eda de pol\u00edmero de litio de 3 celdas (3950 mAh), hasta 12 horas de duraci\u00f3n de la bater\u00eda<\/li>\n<li>Chasis 100% aluminio<\/li>\n<\/ul>\n","protected":false},"excerpt":{"rendered":"<p>Compatible con Google Classroom.\u00a0Chromebook es una computadora para la forma en que funciona el mundo moderno, con miles de aplicaciones, protecci\u00f3n antivirus incorporada y copias de seguridad en la nube.\u00a0Es<\/p>\n","protected":false},"featured_media":65644,"comment_status":"open","ping_status":"closed","template":"","meta":{"_acf_changed":false,"_joinchat":[]},"product_brand":[],"product_cat":[1453,1471,240,241],"product_tag":[],"class_list":{"0":"post-25041","1":"product","2":"type-product","3":"status-publish","4":"has-post-thumbnail","6":"product_cat-black-friday","7":"product_cat-ofertas-primavera-computo","8":"product_cat-computadoras","9":"product_cat-laptops","11":"first","12":"instock","13":"sale","14":"shipping-taxable","15":"purchasable","16":"product-type-simple"},"acf":[],"_links":{"self":[{"href":"https:\/\/defabrica.com.mx\/defabrica\/wp-json\/wp\/v2\/product\/25041","targetHints":{"allow":["GET"]}}],"collection":[{"href":"https:\/\/defabrica.com.mx\/defabrica\/wp-json\/wp\/v2\/product"}],"about":[{"href":"https:\/\/defabrica.com.mx\/defabrica\/wp-json\/wp\/v2\/types\/product"}],"replies":[{"embeddable":true,"href":"https:\/\/defabrica.com.mx\/defabrica\/wp-json\/wp\/v2\/comments?post=25041"}],"wp:featuredmedia":[{"embeddable":true,"href":"https:\/\/defabrica.com.mx\/defabrica\/wp-json\/wp\/v2\/media\/65644"}],"wp:attachment":[{"href":"https:\/\/defabrica.com.mx\/defabrica\/wp-json\/wp\/v2\/media?parent=25041"}],"wp:term":[{"taxonomy":"product_brand","embeddable":true,"href":"https:\/\/defabrica.com.mx\/defabrica\/wp-json\/wp\/v2\/product_brand?post=25041"},{"taxonomy":"product_cat","embeddable":true,"href":"https:\/\/defabrica.com.mx\/defabrica\/wp-json\/wp\/v2\/product_cat?post=25041"},{"taxonomy":"product_tag","embeddable":true,"href":"https:\/\/defabrica.com.mx\/defabrica\/wp-json\/wp\/v2\/product_tag?post=25041"}],"curies":[{"name":"wp","href":"https:\/\/api.w.org\/{rel}","templated":true}]}}