{"id":25034,"date":"2021-02-18T18:10:33","date_gmt":"2021-02-19T00:10:33","guid":{"rendered":"https:\/\/defabrica.com.mx\/defabrica\/?post_type=product&#038;p=25034"},"modified":"2023-01-26T15:15:04","modified_gmt":"2023-01-26T21:15:04","slug":"moderna-laptop-asus-chromebook-c423-intel-celeron-4gb-ram-pantalla-de-14-led-hasta-10hrs-de-bateria","status":"publish","type":"product","link":"https:\/\/defabrica.com.mx\/defabrica\/producto\/moderna-laptop-asus-chromebook-c423-intel-celeron-4gb-ram-pantalla-de-14-led-hasta-10hrs-de-bateria\/","title":{"rendered":"Moderna Laptop Asus Chromebook C423  Intel Celeron 4\u202fGB RAM Pantalla de 14&#8243;  Led &#8211; Hasta 10hrs de Bater\u00eda."},"content":{"rendered":"<p>Compatible con Google Classroom. Chromebook es una computadora para la forma en que funciona el mundo moderno, con miles de aplicaciones, protecci\u00f3n antivirus incorporada y copias de seguridad en la nube. Es seguro, r\u00e1pido, actualizado, vers\u00e1til y sencillo. Creado para la velocidad y la simplicidad: comienza en segundos y permanece r\u00e1pido durante todo el d\u00eda. M\u00e1s tiempo de actividad entre cargas: con hasta 8 horas * de duraci\u00f3n de la bater\u00eda, puede navegar, trabajar o jugar desde cualquier lugar. (* Todos los Chromebook vienen con al menos 8 horas de duraci\u00f3n de la bater\u00eda). Seguridad desde el principio: las actualizaciones autom\u00e1ticas y las copias de seguridad ofrecen protecci\u00f3n y tranquilidad Haga m\u00e1s con las aplicaciones: entretenimiento o productividad, todas sus aplicaciones favoritas est\u00e1n disponibles en Google Play Store. Dise\u00f1ado pensando en usted: hardware de fabricantes premium con dise\u00f1os innovadores y elegantes. Establezca reglas b\u00e1sicas digitales con Family Link: los padres pueden administrar su familia s aplicaciones y sitios web, establecer l\u00edmites de tiempo de pantalla e incluso bloquear dispositivos de forma remota. Descubra su Chromebook:<\/p>\n<ul>\n<li>Pantalla: resoluci\u00f3n HD de 14 \u00ab(1366&#215;768)<\/li>\n<li>Procesador: Intel Celeron N3350 de doble n\u00facleo<\/li>\n<li>4 GB de RAM, 64 GB de almacenamiento eMMC<\/li>\n<li>Duraci\u00f3n de la bater\u00eda: 10 horas.<\/li>\n<\/ul>\n","protected":false},"excerpt":{"rendered":"<p>Compatible con Google Classroom. Chromebook es una computadora para la forma en que funciona el mundo moderno, con miles de aplicaciones, protecci\u00f3n antivirus incorporada y copias de seguridad en la<\/p>\n","protected":false},"featured_media":65625,"comment_status":"open","ping_status":"closed","template":"","meta":{"_acf_changed":false,"_joinchat":[]},"product_brand":[],"product_cat":[1453,1471,240,241,277],"product_tag":[],"class_list":{"0":"post-25034","1":"product","2":"type-product","3":"status-publish","4":"has-post-thumbnail","6":"product_cat-black-friday","7":"product_cat-ofertas-primavera-computo","8":"product_cat-computadoras","9":"product_cat-laptops","10":"product_cat-zona-gamer","12":"first","13":"instock","14":"sale","15":"shipping-taxable","16":"purchasable","17":"product-type-simple"},"acf":[],"_links":{"self":[{"href":"https:\/\/defabrica.com.mx\/defabrica\/wp-json\/wp\/v2\/product\/25034","targetHints":{"allow":["GET"]}}],"collection":[{"href":"https:\/\/defabrica.com.mx\/defabrica\/wp-json\/wp\/v2\/product"}],"about":[{"href":"https:\/\/defabrica.com.mx\/defabrica\/wp-json\/wp\/v2\/types\/product"}],"replies":[{"embeddable":true,"href":"https:\/\/defabrica.com.mx\/defabrica\/wp-json\/wp\/v2\/comments?post=25034"}],"wp:featuredmedia":[{"embeddable":true,"href":"https:\/\/defabrica.com.mx\/defabrica\/wp-json\/wp\/v2\/media\/65625"}],"wp:attachment":[{"href":"https:\/\/defabrica.com.mx\/defabrica\/wp-json\/wp\/v2\/media?parent=25034"}],"wp:term":[{"taxonomy":"product_brand","embeddable":true,"href":"https:\/\/defabrica.com.mx\/defabrica\/wp-json\/wp\/v2\/product_brand?post=25034"},{"taxonomy":"product_cat","embeddable":true,"href":"https:\/\/defabrica.com.mx\/defabrica\/wp-json\/wp\/v2\/product_cat?post=25034"},{"taxonomy":"product_tag","embeddable":true,"href":"https:\/\/defabrica.com.mx\/defabrica\/wp-json\/wp\/v2\/product_tag?post=25034"}],"curies":[{"name":"wp","href":"https:\/\/api.w.org\/{rel}","templated":true}]}}