{"id":24767,"date":"2021-02-03T23:12:55","date_gmt":"2021-02-04T05:12:55","guid":{"rendered":"https:\/\/defabrica.com.mx\/defabrica\/?post_type=product&#038;p=24767"},"modified":"2023-01-22T13:40:25","modified_gmt":"2023-01-22T19:40:25","slug":"giorgio-armani-acqua-di-gio-for-men-100ml","status":"publish","type":"product","link":"https:\/\/defabrica.com.mx\/defabrica\/producto\/giorgio-armani-acqua-di-gio-for-men-100ml\/","title":{"rendered":"Giorgio Armani Acqua Di Gio For Men 100ml"},"content":{"rendered":"<p>El Perfume Acqua Di Gio Eau de Toilette 100 ml es una fragancia perteneciente a la familia olfativa Arom\u00e1tica Acu\u00e1tica para hombres. Es uno de los perfumes y lociones que sobresale por su frescura, sobre todo, porque logra una fusi\u00f3n arm\u00f3nica entre esencias frutales y florales, ideal para aquellos que llevan una vida activa entre el hogar, la oficina y las reuniones sociales.<\/p>\n<p>Con el Perfume Acqua Di Gio Eau de Toilette 100 ml, podr\u00e1s disfrutar de esencias de naranja y lima (lim\u00f3n verde) como notas de salida. Esta complementada por los efectos del ciclamen (violeta persa), nuez moscada, reseda, cilantro, la violenta, fresia, durazno, la rosa, jazm\u00edn, romero y calone, que constituyen sus notas de coraz\u00f3n.<\/p>\n<p>El disfrute se extiende a lo largo de la fragancia con sus notas de fondo como el \u00e1mbar, el pachul\u00ed, el musgo de roble, el cedro y el almizcle blanco. Te da la facilidad de llevarlo a tus viajes de trabajo o salidas con la familia gracias a un dise\u00f1o compacto. Si est\u00e1s en busca de un aroma que refleje tu personalidad y estilo, te recomendamos el Perfume Acqua Di Gio Eau de Toilette 100 ml.<\/p>\n","protected":false},"excerpt":{"rendered":"<p>El Perfume Acqua Di Gio Eau de Toilette 100 ml es una fragancia perteneciente a la familia olfativa Arom\u00e1tica Acu\u00e1tica para hombres. Es uno de los perfumes y lociones que<\/p>\n","protected":false},"featured_media":24768,"comment_status":"open","ping_status":"closed","template":"","meta":{"_acf_changed":false,"_joinchat":[]},"product_brand":[],"product_cat":[331,351,465],"product_tag":[],"class_list":{"0":"post-24767","1":"product","2":"type-product","3":"status-publish","4":"has-post-thumbnail","6":"product_cat-salud-y-belleza","7":"product_cat-el","8":"product_cat-perfumes-y-lociones","10":"first","11":"instock","12":"shipping-taxable","13":"purchasable","14":"product-type-simple"},"acf":[],"_links":{"self":[{"href":"https:\/\/defabrica.com.mx\/defabrica\/wp-json\/wp\/v2\/product\/24767","targetHints":{"allow":["GET"]}}],"collection":[{"href":"https:\/\/defabrica.com.mx\/defabrica\/wp-json\/wp\/v2\/product"}],"about":[{"href":"https:\/\/defabrica.com.mx\/defabrica\/wp-json\/wp\/v2\/types\/product"}],"replies":[{"embeddable":true,"href":"https:\/\/defabrica.com.mx\/defabrica\/wp-json\/wp\/v2\/comments?post=24767"}],"wp:featuredmedia":[{"embeddable":true,"href":"https:\/\/defabrica.com.mx\/defabrica\/wp-json\/wp\/v2\/media\/24768"}],"wp:attachment":[{"href":"https:\/\/defabrica.com.mx\/defabrica\/wp-json\/wp\/v2\/media?parent=24767"}],"wp:term":[{"taxonomy":"product_brand","embeddable":true,"href":"https:\/\/defabrica.com.mx\/defabrica\/wp-json\/wp\/v2\/product_brand?post=24767"},{"taxonomy":"product_cat","embeddable":true,"href":"https:\/\/defabrica.com.mx\/defabrica\/wp-json\/wp\/v2\/product_cat?post=24767"},{"taxonomy":"product_tag","embeddable":true,"href":"https:\/\/defabrica.com.mx\/defabrica\/wp-json\/wp\/v2\/product_tag?post=24767"}],"curies":[{"name":"wp","href":"https:\/\/api.w.org\/{rel}","templated":true}]}}