{"id":24691,"date":"2021-02-03T01:14:39","date_gmt":"2021-02-03T07:14:39","guid":{"rendered":"https:\/\/defabrica.com.mx\/defabrica\/?post_type=product&#038;p=24691"},"modified":"2023-01-13T15:33:06","modified_gmt":"2023-01-13T21:33:06","slug":"amazon-altavoz-inteligente-echo-dot-4-a-generacion-con-reloj-y-alexa-blanco-glaciar","status":"publish","type":"product","link":"https:\/\/defabrica.com.mx\/defabrica\/producto\/amazon-altavoz-inteligente-echo-dot-4-a-generacion-con-reloj-y-alexa-blanco-glaciar\/","title":{"rendered":"Amazon &#8211; Altavoz inteligente Echo Dot (4ta generaci\u00f3n) con reloj y Alexa &#8211; Blanco glaciar"},"content":{"rendered":"<div class=\"embedded-component-container lv\">\n<div>\n<div id=\"shop-product-description-bf4b196e-67a0-42e7-b852-6614405d40fa\" class=\"None\" data-version=\"1.3.5\">\n<div class=\"shop-product-description\">\n<section class=\"align-heading-left\" data-reactroot=\"\">\n<div class=\"long-description-container body-copy \">\n<div class=\"html-fragment\">\n<div>\n<div>Conoce el nuevo Echo Dot con reloj.\u00a0Completa cualquier habitaci\u00f3n con Alexa.\u00a0Nuestro altavoz inteligente m\u00e1s popular tiene un dise\u00f1o elegante y compacto que se adapta perfectamente a espacios peque\u00f1os.\u00a0Ofrece voces n\u00edtidas y bajos equilibrados para un sonido completo que puede disfrutar en cualquier lugar de su hogar.\u00a0Vea la hora, las alarmas y los temporizadores en la pantalla LED.\u00a0Adem\u00e1s, toca la parte superior para posponer una alarma.<\/div>\n<\/div>\n<\/div>\n<\/div>\n<\/section>\n<\/div>\n<\/div>\n<\/div>\n<\/div>\n<div class=\"embedded-component-container lv\"><\/div>\n<div><\/div>\n<div><\/div>\n<div><\/div>\n<div><\/div>\n<div>\n<h3><\/h3>\n<h3><\/h3>\n<h3 class=\"heading-5 v-fw-regular feature-heading\"><strong>Caracter\u00edsticas<\/strong><\/h3>\n<ul>\n<li><strong>Conoce el nuevo Echo Dot con reloj<\/strong><br \/>\nNuestro altavoz inteligente m\u00e1s popular con Alexa. El dise\u00f1o elegante y compacto ofrece voces n\u00edtidas y bajos equilibrados para un sonido completo.<\/li>\n<li><strong>Perfecto para tu mesita de noche<\/strong><br \/>\nVea la hora, las alarmas y los temporizadores en la pantalla LED. Toca la parte superior para posponer una alarma.<\/li>\n<li><strong>Listo para ayudar<\/strong><br \/>\nP\u00eddale a Alexa que cuente un chiste, reproduzca m\u00fasica, responda preguntas, reproduzca las noticias, verifique el clima, configure alarmas y m\u00e1s.<\/li>\n<li><strong>Controla tu hogar inteligente<\/strong><br \/>\nUse su voz para encender luces, ajustar termostatos y bloquear puertas con dispositivos compatibles.<\/li>\n<li><strong>Con\u00e9ctate con otros<\/strong><br \/>\nLlame a casi cualquier persona con manos libres. Visite instant\u00e1neamente otras habitaciones o anuncie a toda la casa que la cena est\u00e1 lista.<\/li>\n<li><strong>Dise\u00f1ado para proteger su privacidad<\/strong><br \/>\nConstruido con m\u00faltiples capas de protecciones y controles de privacidad, incluido un bot\u00f3n de apagado de micr\u00f3fono que desconecta electr\u00f3nicamente los micr\u00f3fonos.<\/li>\n<\/ul>\n<\/div>\n<p>&nbsp;<\/p>\n<h3>Qu\u00e9 est\u00e1 incluido<\/h3>\n<div class=\"list-container list-lv\">\n<div id=\"shop-overview-accordion-7d75d189-447e-472a-aeee-6735afdd63eb\" class=\"None\" data-version=\"1.3.1\">\n<div class=\"shop-overview-accordion\">\n<div class=\"overview-accordion-container show \" data-reactroot=\"\">\n<div class=\"c-accordion size-l\">\n<div id=\"overview-accordion-content\" class=\"c-show-hide \" aria-hidden=\"false\">\n<div class=\"c-accordion-content c-accordion-content-active c-accordion-content-complete\">\n<div class=\"overview-accordion-content-wrapper\">\n<div class=\"embedded-component-container lv\">\n<div>\n<div id=\"shop-whats-included-2c49949f-9615-4296-81ae-0aa02702a9ce\" class=\"None\" data-version=\"2.1.2\">\n<div class=\"shop-whats-included\">\n<div class=\"whats-included accordion-container \" data-reactroot=\"\">\n<div class=\"list-container list-lv\">\n<ul class=\" bold\">\n<li class=\"bold v-fw-medium body-copy\">Altavoz inteligente Amazon Echo Dot (4.a generaci\u00f3n) con reloj y Alexa<\/li>\n<\/ul>\n<\/div>\n<\/div>\n<\/div>\n<\/div>\n<\/div>\n<\/div>\n<div class=\"embedded-component-container lv\">\n<div>\n<div id=\"shop-product-energy-ratings-6c700de3-bef3-49c7-b5ae-09437bfbe5d8\" class=\"None\" data-version=\"1.3.6\">\n<div class=\"shop-product-energy-ratings\"><\/div>\n<\/div>\n<\/div>\n<\/div>\n<\/div>\n<\/div>\n<\/div>\n<\/div>\n<\/div>\n<\/div>\n<\/div>\n<div id=\"shop-specifications-9eb03b28-c4cd-4e5e-ad45-250cf10420e0\" class=\"None\" data-version=\"2.3.13\">\n<div class=\"shop-specifications\">\n<section class=\"specs-container specs-wrapper all-specs-wrapper \" data-reactroot=\"\">\n<div class=\"specifications-accordion-wrapper \">\n<div class=\"c-accordion size-l\"><\/div>\n<\/div>\n<\/section>\n<\/div>\n<\/div>\n<\/div>\n<div>\n<div class=\"feature-body-container\">\n<div class=\"features-list-container\"><\/div>\n<\/div>\n<\/div>\n","protected":false},"excerpt":{"rendered":"<p>Conoce el nuevo Echo Dot con reloj.\u00a0Completa cualquier habitaci\u00f3n con Alexa.\u00a0Nuestro altavoz inteligente m\u00e1s popular tiene un dise\u00f1o elegante y compacto que se adapta perfectamente a espacios peque\u00f1os.\u00a0Ofrece voces n\u00edtidas<\/p>\n","protected":false},"featured_media":24699,"comment_status":"open","ping_status":"closed","template":"","meta":{"_acf_changed":false,"_joinchat":[]},"product_brand":[],"product_cat":[294,295,1081,299],"product_tag":[],"class_list":{"0":"post-24691","1":"product","2":"type-product","3":"status-publish","4":"has-post-thumbnail","6":"product_cat-audio","7":"product_cat-bocinas","8":"product_cat-bocinas-inteligentes","9":"product_cat-ver-todas-las-bocinas","11":"first","12":"instock","13":"sale","14":"shipping-taxable","15":"purchasable","16":"product-type-simple"},"acf":[],"_links":{"self":[{"href":"https:\/\/defabrica.com.mx\/defabrica\/wp-json\/wp\/v2\/product\/24691","targetHints":{"allow":["GET"]}}],"collection":[{"href":"https:\/\/defabrica.com.mx\/defabrica\/wp-json\/wp\/v2\/product"}],"about":[{"href":"https:\/\/defabrica.com.mx\/defabrica\/wp-json\/wp\/v2\/types\/product"}],"replies":[{"embeddable":true,"href":"https:\/\/defabrica.com.mx\/defabrica\/wp-json\/wp\/v2\/comments?post=24691"}],"wp:featuredmedia":[{"embeddable":true,"href":"https:\/\/defabrica.com.mx\/defabrica\/wp-json\/wp\/v2\/media\/24699"}],"wp:attachment":[{"href":"https:\/\/defabrica.com.mx\/defabrica\/wp-json\/wp\/v2\/media?parent=24691"}],"wp:term":[{"taxonomy":"product_brand","embeddable":true,"href":"https:\/\/defabrica.com.mx\/defabrica\/wp-json\/wp\/v2\/product_brand?post=24691"},{"taxonomy":"product_cat","embeddable":true,"href":"https:\/\/defabrica.com.mx\/defabrica\/wp-json\/wp\/v2\/product_cat?post=24691"},{"taxonomy":"product_tag","embeddable":true,"href":"https:\/\/defabrica.com.mx\/defabrica\/wp-json\/wp\/v2\/product_tag?post=24691"}],"curies":[{"name":"wp","href":"https:\/\/api.w.org\/{rel}","templated":true}]}}