{"id":24683,"date":"2021-02-03T01:06:47","date_gmt":"2021-02-03T07:06:47","guid":{"rendered":"https:\/\/defabrica.com.mx\/defabrica\/?post_type=product&#038;p=24683"},"modified":"2022-12-06T13:03:15","modified_gmt":"2022-12-06T19:03:15","slug":"bocina-inteligente-asistente-google-nest-mini-2da-generacion","status":"publish","type":"product","link":"https:\/\/defabrica.com.mx\/defabrica\/producto\/bocina-inteligente-asistente-google-nest-mini-2da-generacion\/","title":{"rendered":"Bocina Inteligente Asistente Google Nest Mini 2da Generaci\u00f3n"},"content":{"rendered":"<div>\n<div>Conoce el Nest Mini de segunda generaci\u00f3n, el altavoz inteligente que controlas con tu voz.\u00a0Solo di \u00abOk Google\u00bb para reproducir canciones de Spotify, YouTube Music y m\u00e1s. La m\u00fasica suena m\u00e1s grande y rica.\u00a0Preg\u00fantale a tu Asistente de Google sobre el clima, las noticias o casi cualquier cosa.\u00a0Escuche su horario personalizado, las condiciones clim\u00e1ticas actuales y los recordatorios.\u00b2 Configure temporizadores y alarmas.\u00a0Y controla tus dispositivos inteligentes compatibles\u00b3.<\/div>\n<\/div>\n<div><\/div>\n<div><\/div>\n<div>\n<h3><\/h3>\n<h3><\/h3>\n<h3><\/h3>\n<h3><\/h3>\n<h3 class=\"heading-5 v-fw-regular feature-heading\"><strong>Caracter\u00edsticas<\/strong><\/h3>\n<ul>\n<li><strong>Mejor sonido en todos lados.<\/strong><br \/>\nLa m\u00fasica suena m\u00e1s grande y rica en Nest Mini, con m\u00e1s potencia y bajos. P\u00eddale a su Asistente de Google que reproduzca sus canciones favoritas de Spotify, YouTube Music y m\u00e1s.\u00b9 O transmita m\u00fasica desde su tel\u00e9fono a Nest Mini.\u2074<\/li>\n<li><strong>Un poco de ayuda con el Asistente de Google.<\/strong><br \/>\nSimplemente pregunte y obtenga lo mejor de Google: el clima, las noticias o casi cualquier cosa. Configure temporizadores y alarmas. Y con Voice Match, puede escuchar su horario personalizado, horarios de viaje, recordatorios y m\u00e1s.\u00b2 Para que su d\u00eda comience con buen pie.<\/li>\n<li><strong>Controla tu hogar solo con tu voz.<\/strong><br \/>\nAten\u00faa las luces, pausa el televisor o sube la temperatura, todo con tu voz.\u00b3 Nest Mini funciona con miles de dispositivos inteligentes compatibles, como luces, termostatos y televisores, de tus marcas favoritas. Solo di \u00abOk Google\u00bb.<\/li>\n<li><strong>Dise\u00f1ado cuidadosamente para cada habitaci\u00f3n.<\/strong><br \/>\nNest Mini se integra perfectamente en tu hogar. Se ve muy bien en una mesa de noche, estante o encimera, incluso en la pared. Cada color complementa la entrada, la sala de estar, el dormitorio o la cocina.<\/li>\n<li><strong>\u00b9 Es posible que se requieran suscripciones de m\u00fasica.<\/strong><\/li>\n<li>\u00b2 Voice Match requiere configuraci\u00f3n e inscripci\u00f3n adicionales y admite hasta seis usuarios. Cuando use Voice Match, tenga en cuenta que una voz similar a la suya, o una grabaci\u00f3n de su voz, podr\u00eda hacer que Google reconozca incorrectamente a otra persona como usted.<\/li>\n<li>\u00b3 Se requieren dispositivos inteligentes compatibles.<\/li>\n<li>\u2074 Se requiere un tel\u00e9fono Android o aplicaciones habilitadas para Chromecast en iOS.<\/li>\n<\/ul>\n<\/div>\n<p>&nbsp;<\/p>\n<div class=\"header-container header-lv\">\n<h3 class=\"heading-5 v-fw-regular\">Qu\u00e9 est\u00e1 incluido<\/h3>\n<\/div>\n<div class=\"list-container list-lv\">\n<div id=\"shop-overview-accordion-a949146c-25ff-4e1b-b3e8-65fc8fe90688\" class=\"None\" data-version=\"1.3.1\">\n<div class=\"shop-overview-accordion\">\n<div class=\"overview-accordion-container show \" data-reactroot=\"\">\n<div class=\"c-accordion size-l\">\n<div id=\"overview-accordion-content\" class=\"c-show-hide \" aria-hidden=\"false\">\n<div class=\"c-accordion-content c-accordion-content-active c-accordion-content-complete\">\n<div class=\"overview-accordion-content-wrapper\">\n<div class=\"embedded-component-container lv\">\n<div>\n<div id=\"shop-whats-included-e19051e6-1bf3-4ab9-88c3-5fd908c5626e\" class=\"None\" data-version=\"2.1.2\">\n<div class=\"shop-whats-included\">\n<div class=\"whats-included accordion-container \" data-reactroot=\"\">\n<div class=\"list-container list-lv\">\n<ul class=\" bold\">\n<li class=\"bold v-fw-medium body-copy\">Google Nest Mini (2.a generaci\u00f3n) con Asistente de Google<\/li>\n<li class=\"bold v-fw-medium body-copy\">El manual del propietario<\/li>\n<li class=\"bold v-fw-medium body-copy\">Adaptador de corriente<\/li>\n<\/ul>\n<\/div>\n<\/div>\n<\/div>\n<\/div>\n<\/div>\n<\/div>\n<div class=\"embedded-component-container lv\">\n<div>\n<div id=\"shop-product-energy-ratings-0f14090f-e79e-4b2b-a288-ca32c990bbf4\" class=\"None\" data-version=\"1.3.6\">\n<div class=\"shop-product-energy-ratings\">\n<div data-reactroot=\"\"><\/div>\n<\/div>\n<\/div>\n<\/div>\n<\/div>\n<div class=\"embedded-component-container lv\">\n<div><\/div>\n<\/div>\n<\/div>\n<\/div>\n<\/div>\n<\/div>\n<\/div>\n<\/div>\n<\/div>\n<div id=\"shop-product-compatibility-ecd46b0c-f731-40e6-891b-50e66d108a07\" class=\"None\" data-version=\"1.3.2\">\n<div class=\"shop-product-compatibility\">\n<div class=\"compatibility-accordion-wrapper\" data-reactroot=\"\">\n<div class=\"c-accordion size-l\" tabindex=\"0\">\n<div role=\"heading\" aria-level=\"2\"><\/div>\n<\/div>\n<\/div>\n<\/div>\n<\/div>\n<\/div>\n<div>\n<div class=\"feature-body-container\">\n<div class=\"features-list-container\">\n<div class=\"features-list all-features\">\n<div class=\"list-row\"><\/div>\n<\/div>\n<\/div>\n<\/div>\n<\/div>\n","protected":false},"excerpt":{"rendered":"<p>Conoce el Nest Mini de segunda generaci\u00f3n, el altavoz inteligente que controlas con tu voz.\u00a0Solo di \u00abOk Google\u00bb para reproducir canciones de Spotify, YouTube Music y m\u00e1s. La m\u00fasica suena<\/p>\n","protected":false},"featured_media":24689,"comment_status":"open","ping_status":"closed","template":"","meta":{"_acf_changed":false,"_joinchat":[]},"product_brand":[],"product_cat":[294,295,1081],"product_tag":[],"class_list":{"0":"post-24683","1":"product","2":"type-product","3":"status-publish","4":"has-post-thumbnail","6":"product_cat-audio","7":"product_cat-bocinas","8":"product_cat-bocinas-inteligentes","10":"first","11":"instock","12":"sale","13":"shipping-taxable","14":"purchasable","15":"product-type-simple"},"acf":[],"_links":{"self":[{"href":"https:\/\/defabrica.com.mx\/defabrica\/wp-json\/wp\/v2\/product\/24683","targetHints":{"allow":["GET"]}}],"collection":[{"href":"https:\/\/defabrica.com.mx\/defabrica\/wp-json\/wp\/v2\/product"}],"about":[{"href":"https:\/\/defabrica.com.mx\/defabrica\/wp-json\/wp\/v2\/types\/product"}],"replies":[{"embeddable":true,"href":"https:\/\/defabrica.com.mx\/defabrica\/wp-json\/wp\/v2\/comments?post=24683"}],"wp:featuredmedia":[{"embeddable":true,"href":"https:\/\/defabrica.com.mx\/defabrica\/wp-json\/wp\/v2\/media\/24689"}],"wp:attachment":[{"href":"https:\/\/defabrica.com.mx\/defabrica\/wp-json\/wp\/v2\/media?parent=24683"}],"wp:term":[{"taxonomy":"product_brand","embeddable":true,"href":"https:\/\/defabrica.com.mx\/defabrica\/wp-json\/wp\/v2\/product_brand?post=24683"},{"taxonomy":"product_cat","embeddable":true,"href":"https:\/\/defabrica.com.mx\/defabrica\/wp-json\/wp\/v2\/product_cat?post=24683"},{"taxonomy":"product_tag","embeddable":true,"href":"https:\/\/defabrica.com.mx\/defabrica\/wp-json\/wp\/v2\/product_tag?post=24683"}],"curies":[{"name":"wp","href":"https:\/\/api.w.org\/{rel}","templated":true}]}}