{"id":24644,"date":"2021-02-03T00:41:42","date_gmt":"2021-02-03T06:41:42","guid":{"rendered":"https:\/\/defabrica.com.mx\/defabrica\/?post_type=product&#038;p=24644"},"modified":"2023-04-27T18:38:57","modified_gmt":"2023-04-27T23:38:57","slug":"amazon-echo-dot-3ra-gen-bocina-inteligente-alexa-nuevo","status":"publish","type":"product","link":"https:\/\/defabrica.com.mx\/defabrica\/producto\/amazon-echo-dot-3ra-gen-bocina-inteligente-alexa-nuevo\/","title":{"rendered":"Amazon Echo Dot 3ra Gen Bocina Inteligente + Alexa Nuevo"},"content":{"rendered":"<div>\n<div>Echo Dot es un altavoz inteligente controlado por voz con Alexa, perfecto para cualquier habitaci\u00f3n.\u00a0Solo pide m\u00fasica, noticias, informaci\u00f3n y m\u00e1s.\u00a0Tambi\u00e9n puede llamar a casi cualquier persona y controlar dispositivos dom\u00e9sticos inteligentes compatibles con su voz.<\/div>\n<\/div>\n<div><\/div>\n<div>\n<h3><\/h3>\n<h3><\/h3>\n<h3 class=\"heading-5 v-fw-regular feature-heading\"><strong>Caracter\u00edsticas<\/strong><\/h3>\n<ul>\n<li><strong>Hecho para cualquier habitaci\u00f3n<\/strong><br \/>\nPuede colocar Dot en el dormitorio y usarlo como un reloj despertador inteligente que tambi\u00e9n puede apagar las luces. O use Dot en la cocina para configurar temporizadores f\u00e1cilmente y comprar con solo su voz.<\/li>\n<li><strong>Controla tu m\u00fasica por voz<\/strong><br \/>\nUse su voz para reproducir una canci\u00f3n, artista o g\u00e9nero a trav\u00e9s de Amazon Music, Apple Music, Spotify, Pandora, SiriusXM y otros.<\/li>\n<li><strong>Controla por voz tu hogar inteligente<\/strong><br \/>\nEncienda la l\u00e1mpara antes de levantarse de la cama, suba el termostato mientras lee en su silla favorita o aten\u00fae las luces del sof\u00e1 para ver una pel\u00edcula.<\/li>\n<li><strong>Alexa siempre se vuelve m\u00e1s inteligente<\/strong><br \/>\nCuanto m\u00e1s use Dot, m\u00e1s se adaptar\u00e1 a sus patrones de habla, vocabulario y referencias personales. Y como Echo Dot siempre est\u00e1 conectado, las actualizaciones se entregan autom\u00e1ticamente.<\/li>\n<li><strong>Aplicaci\u00f3n Alexa<\/strong><br \/>\nCon la aplicaci\u00f3n gratuita Alexa en Fire OS, Android, iOS y navegadores de escritorio, puede configurar y administrar f\u00e1cilmente su Echo Dot.<\/li>\n<li><strong>Llame a casi cualquier persona con manos libres usando su voz<\/strong><br \/>\nUse Drop In para conectarse instant\u00e1neamente a otro Echo compatible en casa o enviar un anuncio a trav\u00e9s de dispositivos Echo, como llamar a la familia para cenar o recordar a los ni\u00f1os que se vayan a la cama.<\/li>\n<li><strong>Adem\u00e1s<\/strong>, ahora con las llamadas de Skype, mant\u00e9ngase en contacto con amigos y familiares en m\u00e1s de 150 pa\u00edses.<\/li>\n<\/ul>\n<\/div>\n<p>&nbsp;<\/p>\n<div class=\"header-container header-lv\">\n<h3 class=\"heading-5 v-fw-regular\">Qu\u00e9 est\u00e1 incluido<\/h3>\n<\/div>\n<div class=\"list-container list-lv\">\n<div id=\"shop-overview-accordion-6c41313c-99ce-4a56-8978-cb04a5367a96\" class=\"None\" data-version=\"1.3.1\">\n<div class=\"shop-overview-accordion\">\n<div class=\"overview-accordion-container show \" data-reactroot=\"\">\n<div class=\"c-accordion size-l\">\n<div id=\"overview-accordion-content\" class=\"c-show-hide \" aria-hidden=\"false\">\n<div class=\"c-accordion-content c-accordion-content-active c-accordion-content-complete\">\n<div class=\"overview-accordion-content-wrapper\">\n<div class=\"embedded-component-container lv\">\n<div>\n<div id=\"shop-whats-included-5a06a916-aeae-486d-bce6-3ec744cfa5d1\" class=\"None\" data-version=\"2.1.2\">\n<div class=\"shop-whats-included\">\n<div class=\"whats-included accordion-container \" data-reactroot=\"\">\n<div class=\"list-container list-lv\">\n<ul class=\" bold\">\n<li class=\"bold v-fw-medium body-copy\">Amazon Echo Dot (3.a generaci\u00f3n) &#8211; Altavoz inteligente con Alexa<\/li>\n<li class=\"bold v-fw-medium body-copy\">Adaptador de corriente (15 W)<\/li>\n<li class=\"bold v-fw-medium body-copy\">Gu\u00eda de inicio r\u00e1pido<\/li>\n<\/ul>\n<\/div>\n<\/div>\n<\/div>\n<\/div>\n<\/div>\n<\/div>\n<div class=\"embedded-component-container lv\">\n<div>\n<div id=\"shop-product-energy-ratings-2ca83ede-e3e6-4c19-944b-147d373686c0\" class=\"None\" data-version=\"1.3.6\">\n<div class=\"shop-product-energy-ratings\">\n<div data-reactroot=\"\"><\/div>\n<\/div>\n<\/div>\n<\/div>\n<\/div>\n<div class=\"embedded-component-container lv\">\n<div><\/div>\n<\/div>\n<\/div>\n<\/div>\n<\/div>\n<\/div>\n<\/div>\n<\/div>\n<\/div>\n<div id=\"shop-product-compatibility-8488c846-098a-41f8-bab4-5054510cf52a\" class=\"None\" data-version=\"1.3.2\">\n<div class=\"shop-product-compatibility\">\n<div class=\"compatibility-accordion-wrapper\" data-reactroot=\"\">\n<div class=\"c-accordion size-l\" tabindex=\"0\">\n<div role=\"heading\" aria-level=\"2\"><\/div>\n<\/div>\n<\/div>\n<\/div>\n<\/div>\n<\/div>\n","protected":false},"excerpt":{"rendered":"<p>Echo Dot es un altavoz inteligente controlado por voz con Alexa, perfecto para cualquier habitaci\u00f3n.\u00a0Solo pide m\u00fasica, noticias, informaci\u00f3n y m\u00e1s.\u00a0Tambi\u00e9n puede llamar a casi cualquier persona y controlar dispositivos<\/p>\n","protected":false},"featured_media":24652,"comment_status":"open","ping_status":"closed","template":"","meta":{"_acf_changed":false,"_joinchat":[]},"product_brand":[],"product_cat":[294,295,1081],"product_tag":[],"class_list":{"0":"post-24644","1":"product","2":"type-product","3":"status-publish","4":"has-post-thumbnail","6":"product_cat-audio","7":"product_cat-bocinas","8":"product_cat-bocinas-inteligentes","10":"first","11":"instock","12":"sale","13":"shipping-taxable","14":"purchasable","15":"product-type-variable","16":"has-default-attributes"},"acf":[],"_links":{"self":[{"href":"https:\/\/defabrica.com.mx\/defabrica\/wp-json\/wp\/v2\/product\/24644","targetHints":{"allow":["GET"]}}],"collection":[{"href":"https:\/\/defabrica.com.mx\/defabrica\/wp-json\/wp\/v2\/product"}],"about":[{"href":"https:\/\/defabrica.com.mx\/defabrica\/wp-json\/wp\/v2\/types\/product"}],"replies":[{"embeddable":true,"href":"https:\/\/defabrica.com.mx\/defabrica\/wp-json\/wp\/v2\/comments?post=24644"}],"wp:featuredmedia":[{"embeddable":true,"href":"https:\/\/defabrica.com.mx\/defabrica\/wp-json\/wp\/v2\/media\/24652"}],"wp:attachment":[{"href":"https:\/\/defabrica.com.mx\/defabrica\/wp-json\/wp\/v2\/media?parent=24644"}],"wp:term":[{"taxonomy":"product_brand","embeddable":true,"href":"https:\/\/defabrica.com.mx\/defabrica\/wp-json\/wp\/v2\/product_brand?post=24644"},{"taxonomy":"product_cat","embeddable":true,"href":"https:\/\/defabrica.com.mx\/defabrica\/wp-json\/wp\/v2\/product_cat?post=24644"},{"taxonomy":"product_tag","embeddable":true,"href":"https:\/\/defabrica.com.mx\/defabrica\/wp-json\/wp\/v2\/product_tag?post=24644"}],"curies":[{"name":"wp","href":"https:\/\/api.w.org\/{rel}","templated":true}]}}