{"id":24582,"date":"2021-02-02T14:35:07","date_gmt":"2021-02-02T20:35:07","guid":{"rendered":"https:\/\/defabrica.com.mx\/defabrica\/?post_type=product&#038;p=24582"},"modified":"2023-01-22T13:27:00","modified_gmt":"2023-01-22T19:27:00","slug":"set-paris-hilton-can-can-burlesque-100ml-perfume-original","status":"publish","type":"product","link":"https:\/\/defabrica.com.mx\/defabrica\/producto\/set-paris-hilton-can-can-burlesque-100ml-perfume-original\/","title":{"rendered":"Set Paris Hilton Can Can Burlesque 100ml Perfume Original"},"content":{"rendered":"<ul class=\"a-unordered-list a-vertical a-spacing-mini\">\n<li><span class=\"a-list-item\">Juego de regalo de 4 piezas, spray EDP de 3,4 oz, loci\u00f3n corporal de 3 oz, gel de ba\u00f1o y ducha de 3 oz, monedero<\/span><\/li>\n<li><span class=\"a-list-item\">Lanzado por la casa de dise\u00f1o de Paris Hilton en el a\u00f1o 2014.<\/span><\/li>\n<\/ul>\n<div class=\"celwidget\" data-csa-c-id=\"hfs00u-5g4oro-iso6vx-xbct69\" data-cel-widget=\"dpx-product-description_csm_instrumentation_wrapper\">\n<div id=\"descriptionAndDetails\" class=\"a-section a-spacing-extra-large\">\n<div id=\"productDescription_feature_div\" class=\"celwidget\" data-feature-name=\"productDescription\" data-csa-c-id=\"4nbb4n-gxhrdt-ccmltr-7t7e1y\" data-cel-widget=\"productDescription_feature_div\">\n<div>\n<div id=\"productDescription_feature_div\" class=\"a-row feature\" data-feature-name=\"productDescription\" data-template-name=\"productDescription\" data-cel-widget=\"productDescription_feature_div\">\n<div id=\"productDescription\" class=\"a-section a-spacing-small\">\n<p>Lanzada por la casa de dise\u00f1o de Paris Hilton en el a\u00f1o 2014. Esta fragancia floral afrutada tiene una mezcla de clementina, nectarina, cassis, frambuesas, orqu\u00eddea silvestre, flor de naranjo, almizcle silvestre y notas amaderadas rubias.<\/p>\n<\/div>\n<\/div>\n<\/div>\n<\/div>\n<\/div>\n<\/div>\n<div class=\"celwidget\" data-csa-c-id=\"54fwby-gfosz3-fq8m3f-9kpg75\" data-cel-widget=\"dpx-aplus-brand-story_csm_instrumentation_wrapper\">\n<div id=\"aplusBrandStory_feature_div\" class=\"celwidget\" data-feature-name=\"aplusBrandStory\" data-csa-c-id=\"ggnist-e71nsr-p8n49o-d6626\" data-cel-widget=\"aplusBrandStory_feature_div\"><\/div>\n<\/div>\n<div class=\"celwidget\" data-csa-c-id=\"pwmis-b6154p-rzmgrn-bqrcc2\" data-cel-widget=\"dpx-default-important-information_csm_instrumentation_wrapper\">\n<div id=\"importantInformation_feature_div\" class=\"celwidget\" data-feature-name=\"importantInformation\" data-csa-c-id=\"r6j86p-8gibms-loe8bi-dlrku5\" data-cel-widget=\"importantInformation_feature_div\"><\/div>\n<\/div>\n<div class=\"celwidget\" data-csa-c-id=\"y22olq-fkwmlb-ivhdx7-dwyuzn\" data-cel-widget=\"sims-consolidated-4_csm_instrumentation_wrapper\">\n<div class=\"celwidget pd_rd_w-jp4YQ pf_rd_p-40e7cbac-1c1e-4ff2-8b2c-db88a83f51b1 pf_rd_r-174RYF2FD2V24VH33Q21 pd_rd_r-b3825a63-d3f8-48f0-b746-dc37290824bb pd_rd_wg-PsCgC c-f\" data-csa-c-id=\"twfma5-1vk7jr-bk3iix-bt9xbp\" data-cel-widget=\"p13n-desktop-carousel_DPSims_3\"><\/div>\n<\/div>\n","protected":false},"excerpt":{"rendered":"<p>Juego de regalo de 4 piezas, spray EDP de 3,4 oz, loci\u00f3n corporal de 3 oz, gel de ba\u00f1o y ducha de 3 oz, monedero Lanzado por la casa de<\/p>\n","protected":false},"featured_media":24587,"comment_status":"open","ping_status":"closed","template":"","meta":{"_acf_changed":false,"_joinchat":[]},"product_brand":[],"product_cat":[331,352,501,502,503],"product_tag":[],"class_list":{"0":"post-24582","1":"product","2":"type-product","3":"status-publish","4":"has-post-thumbnail","6":"product_cat-salud-y-belleza","7":"product_cat-ella","8":"product_cat-perfumes-y-lociones-ella","9":"product_cat-perfumes","10":"product_cat-set-de-perfumes","12":"first","13":"instock","14":"sale","15":"shipping-taxable","16":"purchasable","17":"product-type-simple"},"acf":[],"_links":{"self":[{"href":"https:\/\/defabrica.com.mx\/defabrica\/wp-json\/wp\/v2\/product\/24582","targetHints":{"allow":["GET"]}}],"collection":[{"href":"https:\/\/defabrica.com.mx\/defabrica\/wp-json\/wp\/v2\/product"}],"about":[{"href":"https:\/\/defabrica.com.mx\/defabrica\/wp-json\/wp\/v2\/types\/product"}],"replies":[{"embeddable":true,"href":"https:\/\/defabrica.com.mx\/defabrica\/wp-json\/wp\/v2\/comments?post=24582"}],"wp:featuredmedia":[{"embeddable":true,"href":"https:\/\/defabrica.com.mx\/defabrica\/wp-json\/wp\/v2\/media\/24587"}],"wp:attachment":[{"href":"https:\/\/defabrica.com.mx\/defabrica\/wp-json\/wp\/v2\/media?parent=24582"}],"wp:term":[{"taxonomy":"product_brand","embeddable":true,"href":"https:\/\/defabrica.com.mx\/defabrica\/wp-json\/wp\/v2\/product_brand?post=24582"},{"taxonomy":"product_cat","embeddable":true,"href":"https:\/\/defabrica.com.mx\/defabrica\/wp-json\/wp\/v2\/product_cat?post=24582"},{"taxonomy":"product_tag","embeddable":true,"href":"https:\/\/defabrica.com.mx\/defabrica\/wp-json\/wp\/v2\/product_tag?post=24582"}],"curies":[{"name":"wp","href":"https:\/\/api.w.org\/{rel}","templated":true}]}}