{"id":24241,"date":"2021-01-21T20:18:28","date_gmt":"2021-01-22T02:18:28","guid":{"rendered":"https:\/\/defabrica.com.mx\/defabrica\/?post_type=product&#038;p=24241"},"modified":"2023-01-27T15:34:46","modified_gmt":"2023-01-27T21:34:46","slug":"lego-75317-brickheadz-star-wars-the-mandalorian-the-child","status":"publish","type":"product","link":"https:\/\/defabrica.com.mx\/defabrica\/producto\/lego-75317-brickheadz-star-wars-the-mandalorian-the-child\/","title":{"rendered":"Lego 75317 Brickheadz Star Wars The Mandalorian The Child"},"content":{"rendered":"<p>Inspire recuerdos de las \u00e9picas historias de Star Wars: The Mandalorian con este divertido juguete de construcci\u00f3n para ni\u00f1os creativos, con versiones LEGO BrickHeadz de The Mandalorian and The Child (75317). Los fan\u00e1ticos apreciar\u00e1n detalles aut\u00e9nticos como las armas caracter\u00edsticas de The Mandalorian: un rifle bl\u00e1ster y una pistola bl\u00e1ster.\u00a0La figura de construcci\u00f3n infantil tiene orejas ajustables para crear expresiones felices y tristes, y se sienta en un hoverpram &#8216;flotando&#8217; sobre 4 elementos transparentes de LEGO.\u00a0Una gran adici\u00f3n a la colecci\u00f3n de cualquier fan de Star Wars, este incre\u00edble juguete de construcci\u00f3n es divertido de construir solo o con amigos y familiares, y cada una de las figuras de acci\u00f3n LEGO para construir tiene una placa base para crear una exhibici\u00f3n llamativa.\u00a0El Grupo LEGO ha estado recreando naves estelares, veh\u00edculos, ubicaciones y personajes ic\u00f3nicos del legendario universo de Star Wars desde 1999.<\/p>\n","protected":false},"excerpt":{"rendered":"<p>Inspire recuerdos de las \u00e9picas historias de Star Wars: The Mandalorian con este divertido juguete de construcci\u00f3n para ni\u00f1os creativos, con versiones LEGO BrickHeadz de The Mandalorian and The Child<\/p>\n","protected":false},"featured_media":24242,"comment_status":"open","ping_status":"closed","template":"","meta":{"_acf_changed":false,"_joinchat":[]},"product_brand":[],"product_cat":[886,1097,1196],"product_tag":[],"class_list":{"0":"post-24241","1":"product","2":"type-product","3":"status-publish","4":"has-post-thumbnail","6":"product_cat-juguetesycoleccionables","7":"product_cat-juguetes","8":"product_cat-legos","10":"first","11":"instock","12":"sale","13":"shipping-taxable","14":"purchasable","15":"product-type-simple"},"acf":[],"_links":{"self":[{"href":"https:\/\/defabrica.com.mx\/defabrica\/wp-json\/wp\/v2\/product\/24241","targetHints":{"allow":["GET"]}}],"collection":[{"href":"https:\/\/defabrica.com.mx\/defabrica\/wp-json\/wp\/v2\/product"}],"about":[{"href":"https:\/\/defabrica.com.mx\/defabrica\/wp-json\/wp\/v2\/types\/product"}],"replies":[{"embeddable":true,"href":"https:\/\/defabrica.com.mx\/defabrica\/wp-json\/wp\/v2\/comments?post=24241"}],"wp:featuredmedia":[{"embeddable":true,"href":"https:\/\/defabrica.com.mx\/defabrica\/wp-json\/wp\/v2\/media\/24242"}],"wp:attachment":[{"href":"https:\/\/defabrica.com.mx\/defabrica\/wp-json\/wp\/v2\/media?parent=24241"}],"wp:term":[{"taxonomy":"product_brand","embeddable":true,"href":"https:\/\/defabrica.com.mx\/defabrica\/wp-json\/wp\/v2\/product_brand?post=24241"},{"taxonomy":"product_cat","embeddable":true,"href":"https:\/\/defabrica.com.mx\/defabrica\/wp-json\/wp\/v2\/product_cat?post=24241"},{"taxonomy":"product_tag","embeddable":true,"href":"https:\/\/defabrica.com.mx\/defabrica\/wp-json\/wp\/v2\/product_tag?post=24241"}],"curies":[{"name":"wp","href":"https:\/\/api.w.org\/{rel}","templated":true}]}}