{"id":24232,"date":"2021-01-21T19:48:50","date_gmt":"2021-01-22T01:48:50","guid":{"rendered":"https:\/\/defabrica.com.mx\/defabrica\/?post_type=product&#038;p=24232"},"modified":"2023-01-27T15:33:58","modified_gmt":"2023-01-27T21:33:58","slug":"the-mandalorian-peluche-baby-yoda-28-cm","status":"publish","type":"product","link":"https:\/\/defabrica.com.mx\/defabrica\/producto\/the-mandalorian-peluche-baby-yoda-28-cm\/","title":{"rendered":"The Mandalorian, Peluche Baby Yoda 28 CM"},"content":{"rendered":"<p>Abraza por completo la ternura de la especie Yoda de 50 a\u00f1os con este adorable peluche de 28 cm.\u00a0Puede parecer un Baby Yoda, pero esta adorable criatura se conoce como El Ni\u00f1o.\u00a0Inspirado en la serie de acci\u00f3n en vivo de Disney + The Mandalorian, este dulce peluche de Star Wars es una adici\u00f3n sensible a la Fuerza para tu colecci\u00f3n.\u00a0Las im\u00e1genes que se muestran son solo para fines ilustrativos.\u00a0El producto real puede variar ligeramente.<\/p>\n<h2>Caracter\u00edsticas.<\/h2>\n<ul>\n<li>Rango de edad: 3 a\u00f1os en adelante<\/li>\n<li>\u00a1Este juguete de peluche The Child de 11 pulgadas capturar\u00e1 los corazones de los fan\u00e1ticos de Star Wars en todas partes!<\/li>\n<li>Inspirada en la serie The Mandalorian de Disney +, la adorable figura con piel verde, orejas grandes y ojos grandes se parece a un beb\u00e9 Yoda, pero se le conoce como The Child.<\/li>\n<li>La felpa de juguete tiene un cuerpo suave, adem\u00e1s de una base resistente llena de frijoles, perfecta para abrazar o exhibir como coleccionable.<\/li>\n<li>El personaje usa su t\u00fanica como se ve en el programa.<\/li>\n<li>\u00a1A los fan\u00e1ticos de Star Wars les encantar\u00e1 asumir el papel de The Mandalorian Bounty Hunter y cuidar de The Child por su cuenta!<\/li>\n<\/ul>\n","protected":false},"excerpt":{"rendered":"<p>Abraza por completo la ternura de la especie Yoda de 50 a\u00f1os con este adorable peluche de 28 cm.\u00a0Puede parecer un Baby Yoda, pero esta adorable criatura se conoce como<\/p>\n","protected":false},"featured_media":24233,"comment_status":"open","ping_status":"closed","template":"","meta":{"_acf_changed":false,"_joinchat":[]},"product_brand":[],"product_cat":[886,1098,1097,1202],"product_tag":[],"class_list":{"0":"post-24232","1":"product","2":"type-product","3":"status-publish","4":"has-post-thumbnail","6":"product_cat-juguetesycoleccionables","7":"product_cat-coleccionables","8":"product_cat-juguetes","9":"product_cat-figuras-de-accion-y-coleccionables","11":"first","12":"instock","13":"sale","14":"shipping-taxable","15":"purchasable","16":"product-type-simple"},"acf":[],"_links":{"self":[{"href":"https:\/\/defabrica.com.mx\/defabrica\/wp-json\/wp\/v2\/product\/24232","targetHints":{"allow":["GET"]}}],"collection":[{"href":"https:\/\/defabrica.com.mx\/defabrica\/wp-json\/wp\/v2\/product"}],"about":[{"href":"https:\/\/defabrica.com.mx\/defabrica\/wp-json\/wp\/v2\/types\/product"}],"replies":[{"embeddable":true,"href":"https:\/\/defabrica.com.mx\/defabrica\/wp-json\/wp\/v2\/comments?post=24232"}],"wp:featuredmedia":[{"embeddable":true,"href":"https:\/\/defabrica.com.mx\/defabrica\/wp-json\/wp\/v2\/media\/24233"}],"wp:attachment":[{"href":"https:\/\/defabrica.com.mx\/defabrica\/wp-json\/wp\/v2\/media?parent=24232"}],"wp:term":[{"taxonomy":"product_brand","embeddable":true,"href":"https:\/\/defabrica.com.mx\/defabrica\/wp-json\/wp\/v2\/product_brand?post=24232"},{"taxonomy":"product_cat","embeddable":true,"href":"https:\/\/defabrica.com.mx\/defabrica\/wp-json\/wp\/v2\/product_cat?post=24232"},{"taxonomy":"product_tag","embeddable":true,"href":"https:\/\/defabrica.com.mx\/defabrica\/wp-json\/wp\/v2\/product_tag?post=24232"}],"curies":[{"name":"wp","href":"https:\/\/api.w.org\/{rel}","templated":true}]}}