{"id":24102,"date":"2021-01-15T01:29:22","date_gmt":"2021-01-15T07:29:22","guid":{"rendered":"https:\/\/defabrica.com.mx\/defabrica\/?post_type=product&#038;p=24102"},"modified":"2022-07-05T13:49:29","modified_gmt":"2022-07-05T18:49:29","slug":"joby-tripode-gorillapod-3k-smart-kit-negro-rojo-carbon","status":"publish","type":"product","link":"https:\/\/defabrica.com.mx\/defabrica\/producto\/joby-tripode-gorillapod-3k-smart-kit-negro-rojo-carbon\/","title":{"rendered":"JOBY &#8211; Tr\u00edpode GorillaPod 3K SMART Kit &#8211; Negro \/ Rojo \/ Carb\u00f3n"},"content":{"rendered":"<div class=\"embedded-component-container lv\">\n<div>\n<div id=\"shop-product-description-0b641a5f-b1c2-4596-af34-da9c20c385e3\" class=\"None\" data-version=\"1.3.4\">\n<div class=\"shop-product-description\">\n<section class=\"align-heading-left\" data-reactroot=\"\">\n<div class=\"long-description-container body-copy \">\n<div class=\"html-fragment\">\n<div>\n<div>Mantenga su c\u00e1mara estable para tomas y metraje de alta calidad con este tr\u00edpode JOBY GorillaPod 3K.\u00a0Los tres modos de agarre, envoltura y soporte ofrecen flexibilidad para la filmaci\u00f3n creativa, mientras que el clip de liberaci\u00f3n r\u00e1pida permite una f\u00e1cil extracci\u00f3n del dispositivo.\u00a0Este tr\u00edpode JOBY GorillaPod 3K admite equipos de hasta 6.6 libras.\u00a0y funciona bien con c\u00e1maras y tel\u00e9fonos inteligentes.<\/div>\n<\/div>\n<\/div>\n<\/div>\n<\/section>\n<\/div>\n<\/div>\n<\/div>\n<\/div>\n<div class=\"embedded-component-container lv\"><\/div>\n<div><\/div>\n<div>\n<h3><\/h3>\n<h3><\/h3>\n<h3 class=\"heading-5 v-fw-regular feature-heading\"><strong>Caracter\u00edsticas<\/strong><\/h3>\n<div class=\"feature-body-container\">\n<div class=\"features-list-container\">\n<div class=\"features-list all-features\">\n<div class=\"list-row\">\n<ul>\n<li><strong>Compatible con la mayor\u00eda de videoc\u00e1maras, c\u00e1maras y tel\u00e9fonos m\u00f3viles de hasta 6.6 libras.<\/strong><br \/>\nPara evitar el movimiento de la c\u00e1mara.<\/li>\n<li><strong>Construcci\u00f3n de aluminio y pl\u00e1stico ABS<\/strong><br \/>\nPara un transporte ligero y un soporte de c\u00e1mara resistente.<\/li>\n<li><strong>Nivel de burbuja incorporado<\/strong><br \/>\nPara ayudar en el ajuste.<\/li>\n<li><strong>Piernas flexibles<\/strong><br \/>\nPara lograr la estabilidad deseada.<\/li>\n<li><strong>Sistema de liberaci\u00f3n r\u00e1pida<\/strong><br \/>\nHace que montar y desmontar la c\u00e1mara sea r\u00e1pido y sencillo.<\/li>\n<\/ul>\n<\/div>\n<\/div>\n<\/div>\n<\/div>\n<\/div>\n<p>&nbsp;<\/p>\n<h3>Qu\u00e9 est\u00e1 incluido<\/h3>\n<div class=\"list-container list-lv\">\n<div id=\"shop-overview-accordion-ce4d6115-5f2d-4c7b-8b65-169e5ef63293\" class=\"None\" data-version=\"1.3.0\">\n<div class=\"shop-overview-accordion\">\n<div class=\"overview-accordion-container show \" data-reactroot=\"\">\n<div class=\"c-accordion size-l\">\n<div id=\"overview-accordion-content\" class=\"c-show-hide \" aria-hidden=\"false\">\n<div class=\"c-accordion-content c-accordion-content-active c-accordion-content-complete\">\n<div class=\"overview-accordion-content-wrapper\">\n<div class=\"embedded-component-container lv\">\n<div>\n<div id=\"shop-whats-included-a6ae6119-665f-40fc-b5ad-427b63b89621\" class=\"None\" data-version=\"2.1.2\">\n<div class=\"shop-whats-included\">\n<div class=\"whats-included accordion-container \" data-reactroot=\"\">\n<div class=\"list-container list-lv\">\n<ul class=\" bold\">\n<li class=\"bold v-fw-medium body-copy\">Tr\u00edpode JOBY GorillaPod 3K SMART Kit<\/li>\n<\/ul>\n<\/div>\n<\/div>\n<\/div>\n<\/div>\n<\/div>\n<\/div>\n<div class=\"embedded-component-container lv\">\n<div>\n<div id=\"shop-product-energy-ratings-13e6ec11-4762-472f-98d3-0b1688352aa2\" class=\"None\" data-version=\"1.3.5\">\n<div class=\"shop-product-energy-ratings\">\n<div data-reactroot=\"\"><\/div>\n<\/div>\n<\/div>\n<\/div>\n<\/div>\n<div class=\"embedded-component-container lv\">\n<div><\/div>\n<\/div>\n<\/div>\n<\/div>\n<\/div>\n<\/div>\n<\/div>\n<\/div>\n<\/div>\n<div id=\"shop-specifications-3609beef-b8c1-46ba-ac52-3eb7435cd2d3\" class=\"None\" data-version=\"2.3.12\">\n<div class=\"shop-specifications\">\n<section class=\"specs-container specs-wrapper all-specs-wrapper \" data-reactroot=\"\">\n<div class=\"specifications-accordion-wrapper \">\n<div class=\"c-accordion size-l\">\n<div role=\"heading\" aria-level=\"2\"><\/div>\n<\/div>\n<\/div>\n<\/section>\n<\/div>\n<\/div>\n<\/div>\n","protected":false},"excerpt":{"rendered":"<p>Mantenga su c\u00e1mara estable para tomas y metraje de alta calidad con este tr\u00edpode JOBY GorillaPod 3K.\u00a0Los tres modos de agarre, envoltura y soporte ofrecen flexibilidad para la filmaci\u00f3n creativa,<\/p>\n","protected":false},"featured_media":24107,"comment_status":"open","ping_status":"closed","template":"","meta":{"_acf_changed":false,"_joinchat":[]},"product_brand":[],"product_cat":[442,450,456,452],"product_tag":[],"class_list":{"0":"post-24102","1":"product","2":"type-product","3":"status-publish","4":"has-post-thumbnail","6":"product_cat-camaras","7":"product_cat-accesorios-camaras","8":"product_cat-todos-los-accesorios-de-camaras","9":"product_cat-tripies-monopies-estabilizadores","11":"first","12":"instock","13":"sale","14":"shipping-taxable","15":"purchasable","16":"product-type-simple"},"acf":[],"_links":{"self":[{"href":"https:\/\/defabrica.com.mx\/defabrica\/wp-json\/wp\/v2\/product\/24102","targetHints":{"allow":["GET"]}}],"collection":[{"href":"https:\/\/defabrica.com.mx\/defabrica\/wp-json\/wp\/v2\/product"}],"about":[{"href":"https:\/\/defabrica.com.mx\/defabrica\/wp-json\/wp\/v2\/types\/product"}],"replies":[{"embeddable":true,"href":"https:\/\/defabrica.com.mx\/defabrica\/wp-json\/wp\/v2\/comments?post=24102"}],"wp:featuredmedia":[{"embeddable":true,"href":"https:\/\/defabrica.com.mx\/defabrica\/wp-json\/wp\/v2\/media\/24107"}],"wp:attachment":[{"href":"https:\/\/defabrica.com.mx\/defabrica\/wp-json\/wp\/v2\/media?parent=24102"}],"wp:term":[{"taxonomy":"product_brand","embeddable":true,"href":"https:\/\/defabrica.com.mx\/defabrica\/wp-json\/wp\/v2\/product_brand?post=24102"},{"taxonomy":"product_cat","embeddable":true,"href":"https:\/\/defabrica.com.mx\/defabrica\/wp-json\/wp\/v2\/product_cat?post=24102"},{"taxonomy":"product_tag","embeddable":true,"href":"https:\/\/defabrica.com.mx\/defabrica\/wp-json\/wp\/v2\/product_tag?post=24102"}],"curies":[{"name":"wp","href":"https:\/\/api.w.org\/{rel}","templated":true}]}}