{"id":24069,"date":"2021-01-14T21:36:14","date_gmt":"2021-01-15T03:36:14","guid":{"rendered":"https:\/\/defabrica.com.mx\/defabrica\/?post_type=product&#038;p=24069"},"modified":"2023-01-21T12:44:45","modified_gmt":"2023-01-21T18:44:45","slug":"wisenvoy-juego-de-platos-de-ceramica","status":"publish","type":"product","link":"https:\/\/defabrica.com.mx\/defabrica\/producto\/wisenvoy-juego-de-platos-de-ceramica\/","title":{"rendered":"Wisenvoy &#8211; Juego de platos de cer\u00e1mica"},"content":{"rendered":"<p>Los juegos de vajilla y vajilla est\u00e1n hechos de material cer\u00e1mico de alta calidad apto para el uso diario en todas las ocasiones, un tipo de cer\u00e1mica saludable y de alta calidad. Nunca se preocupe por las toxinas da\u00f1inas.<\/p>\n<ul class=\"a-unordered-list a-vertical a-spacing-mini\">\n<li><span class=\"a-list-item\">\u00a0Juego de platos hermosos y pintados a mano: dise\u00f1o elegante y artesan\u00eda exquisita, muy atractivo en una variedad de ocasiones, para comidas informales en casa o para eventos elegantes al aire libre.<\/span><\/li>\n<li>Ya sea que desee limpiar los platos a mano o con su lavavajillas, no importar\u00e1 porque la textura de porcelana suave hace que la limpieza sea muy sencilla.\u00a0y es apto para microondas, congelador y horno.<\/li>\n<li>Los juegos de platos y cuencos para regalos de Navidad incluyen cada uno de: platos de cena de 10 1\/2 \u201d, platos de postre de 8\u201d, tazones de sopa \/ ensalada de 5.7 \u201d.\u00a0Consejo: planifique las medidas en una regla para tener una idea de su tama\u00f1o real antes de comprar.<\/li>\n<li>\u00a0Si tiene alg\u00fan problema de calidad con nuestro juego de platos, nos comprometemos a darle un reembolso o un reemplazo gratuito si recibi\u00f3 un art\u00edculo da\u00f1ado o defectuoso.\u00a0Si\u00e9ntete libre de contactarnos.<\/li>\n<\/ul>\n","protected":false},"excerpt":{"rendered":"<p>Los juegos de vajilla y vajilla est\u00e1n hechos de material cer\u00e1mico de alta calidad apto para el uso diario en todas las ocasiones, un tipo de cer\u00e1mica saludable y de<\/p>\n","protected":false},"featured_media":24072,"comment_status":"open","ping_status":"closed","template":"","meta":{"_acf_changed":false,"_joinchat":[]},"product_brand":[],"product_cat":[336,337,988],"product_tag":[],"class_list":{"0":"post-24069","1":"product","2":"type-product","3":"status-publish","4":"has-post-thumbnail","6":"product_cat-hogar","7":"product_cat-cocina","8":"product_cat-vajillas-y-articulos-de-servir","10":"first","11":"instock","12":"sale","13":"shipping-taxable","14":"purchasable","15":"product-type-simple"},"acf":[],"_links":{"self":[{"href":"https:\/\/defabrica.com.mx\/defabrica\/wp-json\/wp\/v2\/product\/24069","targetHints":{"allow":["GET"]}}],"collection":[{"href":"https:\/\/defabrica.com.mx\/defabrica\/wp-json\/wp\/v2\/product"}],"about":[{"href":"https:\/\/defabrica.com.mx\/defabrica\/wp-json\/wp\/v2\/types\/product"}],"replies":[{"embeddable":true,"href":"https:\/\/defabrica.com.mx\/defabrica\/wp-json\/wp\/v2\/comments?post=24069"}],"wp:featuredmedia":[{"embeddable":true,"href":"https:\/\/defabrica.com.mx\/defabrica\/wp-json\/wp\/v2\/media\/24072"}],"wp:attachment":[{"href":"https:\/\/defabrica.com.mx\/defabrica\/wp-json\/wp\/v2\/media?parent=24069"}],"wp:term":[{"taxonomy":"product_brand","embeddable":true,"href":"https:\/\/defabrica.com.mx\/defabrica\/wp-json\/wp\/v2\/product_brand?post=24069"},{"taxonomy":"product_cat","embeddable":true,"href":"https:\/\/defabrica.com.mx\/defabrica\/wp-json\/wp\/v2\/product_cat?post=24069"},{"taxonomy":"product_tag","embeddable":true,"href":"https:\/\/defabrica.com.mx\/defabrica\/wp-json\/wp\/v2\/product_tag?post=24069"}],"curies":[{"name":"wp","href":"https:\/\/api.w.org\/{rel}","templated":true}]}}