{"id":24030,"date":"2021-01-14T20:38:40","date_gmt":"2021-01-15T02:38:40","guid":{"rendered":"https:\/\/defabrica.com.mx\/defabrica\/?post_type=product&#038;p=24030"},"modified":"2022-12-06T11:23:18","modified_gmt":"2022-12-06T17:23:18","slug":"m-max-juego-de-vajilla-de-ceramica-duradera-platos-cuencos-tazas-4-piezas-color-azul","status":"publish","type":"product","link":"https:\/\/defabrica.com.mx\/defabrica\/producto\/m-max-juego-de-vajilla-de-ceramica-duradera-platos-cuencos-tazas-4-piezas-color-azul\/","title":{"rendered":"M-MAX &#8211; Juego de vajilla de cer\u00e1mica duradera, platos, cuencos, tazas, &#8211; 4 piezas (color azul)"},"content":{"rendered":"<ul class=\"a-unordered-list a-vertical a-spacing-mini\">\n<li><span class=\"a-list-item\">Satisface todas tus necesidades: 1 plato llano de 10.2\u00a0in, 1 plato de postre de 8.3\u00a0in, 1 cuenco para sopa\/ensalada, 1 taza de 13.5\u00a0fl oz. Ya sea que est\u00e9s sirviendo almuerzo, cena, desayuno, este juego de vajilla se adapta a todas tus necesidades.<\/span><\/li>\n<li><span class=\"a-list-item\">Dise\u00f1o \u00fanico y perfecto: su dise\u00f1o elegante le a\u00f1ade una caracter\u00edstica visual especial. Cada estilo tiene sus propias caracter\u00edsticas \u00fanicas. El azul Yun tiene un aspecto elegante que es la mejor opci\u00f3n para regalo. El otro azul y verde es limpio y hermoso que puede combinar perfectamente con la comida. Es muy adecuado para uso dom\u00e9stico.<\/span><\/li>\n<li><span class=\"a-list-item\">Embellece tu tabla: material de gres con esmalte reactivo; dise\u00f1o elegante que te ayuda a establecer tu mesa con estilo. Adecuado para diferentes estilos de mesa. Los hermosos colores crean una hermosa mesa para cualquier ocasi\u00f3n.<\/span><\/li>\n<li><span class=\"a-list-item\">Saludable, resistente y f\u00e1cil de cuidar: los platos est\u00e1n hechos de cer\u00e1mica de grado alimenticio. Sin plomo y no t\u00f3xico. Apto para lavavajillas, microondas, horno.<\/span><\/li>\n<\/ul>\n","protected":false},"excerpt":{"rendered":"<p>Satisface todas tus necesidades: 1 plato llano de 10.2\u00a0in, 1 plato de postre de 8.3\u00a0in, 1 cuenco para sopa\/ensalada, 1 taza de 13.5\u00a0fl oz. Ya sea que est\u00e9s sirviendo almuerzo,<\/p>\n","protected":false},"featured_media":24033,"comment_status":"open","ping_status":"closed","template":"","meta":{"_acf_changed":false,"_joinchat":[]},"product_brand":[],"product_cat":[336,337,988],"product_tag":[],"class_list":{"0":"post-24030","1":"product","2":"type-product","3":"status-publish","4":"has-post-thumbnail","6":"product_cat-hogar","7":"product_cat-cocina","8":"product_cat-vajillas-y-articulos-de-servir","10":"first","11":"instock","12":"sale","13":"shipping-taxable","14":"purchasable","15":"product-type-simple"},"acf":[],"_links":{"self":[{"href":"https:\/\/defabrica.com.mx\/defabrica\/wp-json\/wp\/v2\/product\/24030","targetHints":{"allow":["GET"]}}],"collection":[{"href":"https:\/\/defabrica.com.mx\/defabrica\/wp-json\/wp\/v2\/product"}],"about":[{"href":"https:\/\/defabrica.com.mx\/defabrica\/wp-json\/wp\/v2\/types\/product"}],"replies":[{"embeddable":true,"href":"https:\/\/defabrica.com.mx\/defabrica\/wp-json\/wp\/v2\/comments?post=24030"}],"wp:featuredmedia":[{"embeddable":true,"href":"https:\/\/defabrica.com.mx\/defabrica\/wp-json\/wp\/v2\/media\/24033"}],"wp:attachment":[{"href":"https:\/\/defabrica.com.mx\/defabrica\/wp-json\/wp\/v2\/media?parent=24030"}],"wp:term":[{"taxonomy":"product_brand","embeddable":true,"href":"https:\/\/defabrica.com.mx\/defabrica\/wp-json\/wp\/v2\/product_brand?post=24030"},{"taxonomy":"product_cat","embeddable":true,"href":"https:\/\/defabrica.com.mx\/defabrica\/wp-json\/wp\/v2\/product_cat?post=24030"},{"taxonomy":"product_tag","embeddable":true,"href":"https:\/\/defabrica.com.mx\/defabrica\/wp-json\/wp\/v2\/product_tag?post=24030"}],"curies":[{"name":"wp","href":"https:\/\/api.w.org\/{rel}","templated":true}]}}