{"id":23852,"date":"2021-01-11T02:04:02","date_gmt":"2021-01-11T08:04:02","guid":{"rendered":"https:\/\/defabrica.com.mx\/defabrica\/?post_type=product&#038;p=23852"},"modified":"2022-07-05T13:49:33","modified_gmt":"2022-07-05T18:49:33","slug":"iogear-estacion-de-acoplamiento-usb-c","status":"publish","type":"product","link":"https:\/\/defabrica.com.mx\/defabrica\/producto\/iogear-estacion-de-acoplamiento-usb-c\/","title":{"rendered":"IOGEAR &#8211; Estaci\u00f3n de acoplamiento USB-C"},"content":{"rendered":"<div class=\"embedded-component-container lv\">\n<div>\n<div id=\"shop-product-description-bcf160db-6aa1-41ad-81c6-2c8136d9f14c\" class=\"None\" data-version=\"1.3.3\">\n<div class=\"shop-product-description\">\n<section class=\"align-heading-left\" data-reactroot=\"\">\n<div class=\"long-description-container body-copy \">\n<div class=\"html-fragment\">\n<div>\n<div>Alimente sus dispositivos con esta estaci\u00f3n de acoplamiento USB IOGEAR.\u00a0Tiene varios puertos que le permiten acoplar hasta 10 dispositivos a la vez, y la almohadilla de goma de silicona brinda protecci\u00f3n contra rayones mientras asegura la ubicaci\u00f3n de su dispositivo.\u00a0Esta estaci\u00f3n de acoplamiento USB IOGEAR utiliza la tecnolog\u00eda Power Delivery 3.0 para cargar computadoras port\u00e1tiles y dispositivos electr\u00f3nicos similares de manera eficiente.<\/div>\n<\/div>\n<\/div>\n<\/div>\n<\/section>\n<\/div>\n<\/div>\n<\/div>\n<\/div>\n<div class=\"embedded-component-container lv\"><\/div>\n<div><\/div>\n<div>\n<h3><\/h3>\n<h3><\/h3>\n<h3 class=\"heading-5 v-fw-regular feature-heading\"><strong>Caracter\u00edsticas<\/strong><\/h3>\n<p>&nbsp;<\/p>\n<\/div>\n<ul>\n<li><strong>Compatible con la mayor\u00eda de las computadoras port\u00e1tiles y tabletas<\/strong><br \/>\nPara usar con su dispositivo existente.<\/li>\n<li><strong>Refleja o ampl\u00eda tus monitores<\/strong><br \/>\nMejore su trabajo visualmente agregando un solo monitor 4K o dos monitores con resoluciones de alta definici\u00f3n.<\/li>\n<li><strong>Cargar mientras est\u00e1 acoplado<\/strong><br \/>\nConecte y cargue su computadora port\u00e1til o tableta a trav\u00e9s de la estaci\u00f3n de acoplamiento a trav\u00e9s del adaptador de alimentaci\u00f3n de CA USB-C de su fabricante (no incluido). La base pasa un m\u00e1ximo de 85 W de potencia para cargar computadoras port\u00e1tiles y tabletas\u00b9.<\/li>\n<li><strong>Capacidad de expansi\u00f3n de port\u00e1til para hasta 10 dispositivos<\/strong><br \/>\nCuenta con un Mini DisplayPort, un puerto HDMI, un puerto VGA, un puerto USB-C, tres puertos USB 3.0, un puerto Gigabit Ethernet y un conector combinado de audio de 3,5 mm. Transfiera archivos a trav\u00e9s del lector de tarjetas SD \/ microSD incorporado.<\/li>\n<li><strong>Resoluci\u00f3n de hasta 4K UHD<\/strong><br \/>\nLa resoluci\u00f3n m\u00e1xima es 4K UHD \u00fanico a trav\u00e9s de HDMI o Mini DisplayPort o 2K doble a trav\u00e9s de HDMI y Mini DisplayPort\u00b2.<\/li>\n<li><strong>\u00b9 Para garantizar la funcionalidad, el puerto USB-C de su computadora port\u00e1til \/ tableta debe ser compatible con USB Power Delivery y DP Alt Mode<\/strong><\/li>\n<li>\u00b2 Para obtener el mejor rendimiento de video, se recomienda conectar HDMI \/ mDP \/ VGA directamente sin usar ning\u00fan adaptador para conversiones de video<\/li>\n<li>* Mini DisplayPort no es lo mismo que Thunderbolt 2, la estaci\u00f3n de acoplamiento solo admite pantallas Mini DisplayPort<\/li>\n<\/ul>\n<p>&nbsp;<\/p>\n<div class=\"header-container header-lv\">\n<h3 class=\"heading-5 v-fw-regular\">Qu\u00e9 est\u00e1 incluido<\/h3>\n<p>&nbsp;<\/p>\n<\/div>\n<div class=\"list-container list-lv\">\n<ul class=\" bold\">\n<li class=\"bold v-fw-medium body-copy\">Estaci\u00f3n de acoplamiento IOGEAR USB-C<\/li>\n<li class=\"bold v-fw-medium body-copy\">Tarjeta de garant\u00eda<\/li>\n<li class=\"bold v-fw-medium body-copy\">El manual del propietario<\/li>\n<\/ul>\n<\/div>\n","protected":false},"excerpt":{"rendered":"<p>Alimente sus dispositivos con esta estaci\u00f3n de acoplamiento USB IOGEAR.\u00a0Tiene varios puertos que le permiten acoplar hasta 10 dispositivos a la vez, y la almohadilla de goma de silicona brinda<\/p>\n","protected":false},"featured_media":23856,"comment_status":"open","ping_status":"closed","template":"","meta":{"_acf_changed":false,"_joinchat":[]},"product_brand":[],"product_cat":[240,395,396,403],"product_tag":[],"class_list":{"0":"post-23852","1":"product","2":"type-product","3":"status-publish","4":"has-post-thumbnail","6":"product_cat-computadoras","7":"product_cat-componentes","8":"product_cat-almacenamiento","9":"product_cat-todos-los-componentes","11":"first","12":"instock","13":"sale","14":"shipping-taxable","15":"purchasable","16":"product-type-simple"},"acf":[],"_links":{"self":[{"href":"https:\/\/defabrica.com.mx\/defabrica\/wp-json\/wp\/v2\/product\/23852","targetHints":{"allow":["GET"]}}],"collection":[{"href":"https:\/\/defabrica.com.mx\/defabrica\/wp-json\/wp\/v2\/product"}],"about":[{"href":"https:\/\/defabrica.com.mx\/defabrica\/wp-json\/wp\/v2\/types\/product"}],"replies":[{"embeddable":true,"href":"https:\/\/defabrica.com.mx\/defabrica\/wp-json\/wp\/v2\/comments?post=23852"}],"wp:featuredmedia":[{"embeddable":true,"href":"https:\/\/defabrica.com.mx\/defabrica\/wp-json\/wp\/v2\/media\/23856"}],"wp:attachment":[{"href":"https:\/\/defabrica.com.mx\/defabrica\/wp-json\/wp\/v2\/media?parent=23852"}],"wp:term":[{"taxonomy":"product_brand","embeddable":true,"href":"https:\/\/defabrica.com.mx\/defabrica\/wp-json\/wp\/v2\/product_brand?post=23852"},{"taxonomy":"product_cat","embeddable":true,"href":"https:\/\/defabrica.com.mx\/defabrica\/wp-json\/wp\/v2\/product_cat?post=23852"},{"taxonomy":"product_tag","embeddable":true,"href":"https:\/\/defabrica.com.mx\/defabrica\/wp-json\/wp\/v2\/product_tag?post=23852"}],"curies":[{"name":"wp","href":"https:\/\/api.w.org\/{rel}","templated":true}]}}