{"id":23325,"date":"2021-01-06T19:47:27","date_gmt":"2021-01-07T01:47:27","guid":{"rendered":"https:\/\/defabrica.com.mx\/defabrica\/?post_type=product&#038;p=23325"},"modified":"2023-01-13T15:13:49","modified_gmt":"2023-01-13T21:13:49","slug":"ninja-cafetera-de-especialidad-de-10-tazas-con-vaporizador-plegable-y-jarra-de-vidrio","status":"publish","type":"product","link":"https:\/\/defabrica.com.mx\/defabrica\/producto\/ninja-cafetera-de-especialidad-de-10-tazas-con-vaporizador-plegable-y-jarra-de-vidrio\/","title":{"rendered":"Ninja &#8211; Cafetera de especialidad de 10 tazas con vaporizador plegable y jarra de vidrio"},"content":{"rendered":"<div>\n<div>Disfrute de sabrosos lattes, macchiatos y capuchinos con esta cafetera de especialidad Ninja.\u00a0Seis tama\u00f1os de caf\u00e9 ofrecen funcionalidad y versatilidad de cafeter\u00eda completas, mientras que las piezas aptas para lavavajillas son f\u00e1ciles de limpiar.\u00a0Esta cafetera de especialidad Ninja cuenta con un vaporizador plegable que convierte la leche en una espuma suave como la seda, y el filtro permanente de tono dorado resiste el uso diario.<\/div>\n<\/div>\n<div><\/div>\n<div><\/div>\n<p>&nbsp;<\/p>\n<h3>Caracter\u00edsticas.<\/h3>\n<ul>\n<li><strong>Barra de caf\u00e9<\/strong><br \/>\nPrepare hasta 10 tazas de su bebida favorita en este sistema de caf\u00e9.<\/li>\n<li><strong>Mantenga el caf\u00e9 caliente y listo para servir<\/strong><br \/>\nLa jarra de vidrio incluida facilita servir a los invitados o servirse otra taza.<\/li>\n<li><strong>Tanque de agua extra\u00edble<\/strong><br \/>\nPermite rellenar f\u00e1cilmente.<\/li>\n<li><strong>Dise\u00f1o apto para lavavajillas<\/strong><br \/>\nHace que la limpieza sea simple y f\u00e1cil.<\/li>\n<li><strong>Acabado negro \/ acero inoxidable<\/strong><br \/>\nCrea una apariencia elegante.<\/li>\n<\/ul>\n<h3>Qu\u00e9 esta incluida.<\/h3>\n<div id=\"shop-overview-accordion-b4237211-5764-4206-aafe-6d76e44f0d69\" class=\"None\" data-version=\"1.3.0\">\n<div class=\"shop-overview-accordion\">\n<div class=\"overview-accordion-container show \" data-reactroot=\"\">\n<div class=\"c-accordion size-l\">\n<div id=\"overview-accordion-content\" class=\"c-show-hide \" aria-hidden=\"false\">\n<div class=\"c-accordion-content c-accordion-content-active c-accordion-content-complete\">\n<div class=\"overview-accordion-content-wrapper\">\n<div class=\"embedded-component-container lv\">\n<div>\n<div id=\"shop-whats-included-4050141d-a699-47f1-a901-3d6c2a003837\" class=\"None\" data-version=\"2.1.2\">\n<div class=\"shop-whats-included\">\n<div class=\"whats-included accordion-container \" data-reactroot=\"\">\n<div class=\"list-container list-lv\">\n<ul class=\" bold\">\n<li class=\"bold v-fw-medium body-copy\">Cafetera Ninja de 10 tazas<\/li>\n<\/ul>\n<\/div>\n<\/div>\n<\/div>\n<\/div>\n<\/div>\n<\/div>\n<div class=\"embedded-component-container lv\">\n<div>\n<div id=\"shop-product-energy-ratings-5533c3d5-8d34-4bee-8afa-6b6594e98b81\" class=\"None\" data-version=\"1.3.5\">\n<div class=\"shop-product-energy-ratings\">\n<div data-reactroot=\"\"><\/div>\n<\/div>\n<\/div>\n<\/div>\n<\/div>\n<div class=\"embedded-component-container lv\">\n<div><\/div>\n<\/div>\n<\/div>\n<\/div>\n<\/div>\n<\/div>\n<\/div>\n<\/div>\n<\/div>\n<div id=\"shop-specifications-5a48b027-86da-4d9b-97bf-7b846625feef\" class=\"None\" data-version=\"2.3.6\">\n<div class=\"shop-specifications\">\n<section class=\"specs-container specs-wrapper all-specs-wrapper\" data-reactroot=\"\">\n<div class=\"specifications-accordion-wrapper \">\n<div class=\"c-accordion size-l\">\n<div role=\"heading\" aria-level=\"2\"><\/div>\n<\/div>\n<\/div>\n<\/section>\n<\/div>\n<\/div>\n","protected":false},"excerpt":{"rendered":"<p>Disfrute de sabrosos lattes, macchiatos y capuchinos con esta cafetera de especialidad Ninja.\u00a0Seis tama\u00f1os de caf\u00e9 ofrecen funcionalidad y versatilidad de cafeter\u00eda completas, mientras que las piezas aptas para lavavajillas<\/p>\n","protected":false},"featured_media":23326,"comment_status":"open","ping_status":"closed","template":"","meta":{"_acf_changed":false,"_joinchat":[]},"product_brand":[],"product_cat":[336,337,947],"product_tag":[],"class_list":{"0":"post-23325","1":"product","2":"type-product","3":"status-publish","4":"has-post-thumbnail","6":"product_cat-hogar","7":"product_cat-cocina","8":"product_cat-teteras-maquinas-de-te-y-cafe","10":"first","11":"instock","12":"sale","13":"shipping-taxable","14":"purchasable","15":"product-type-simple"},"acf":[],"_links":{"self":[{"href":"https:\/\/defabrica.com.mx\/defabrica\/wp-json\/wp\/v2\/product\/23325","targetHints":{"allow":["GET"]}}],"collection":[{"href":"https:\/\/defabrica.com.mx\/defabrica\/wp-json\/wp\/v2\/product"}],"about":[{"href":"https:\/\/defabrica.com.mx\/defabrica\/wp-json\/wp\/v2\/types\/product"}],"replies":[{"embeddable":true,"href":"https:\/\/defabrica.com.mx\/defabrica\/wp-json\/wp\/v2\/comments?post=23325"}],"wp:featuredmedia":[{"embeddable":true,"href":"https:\/\/defabrica.com.mx\/defabrica\/wp-json\/wp\/v2\/media\/23326"}],"wp:attachment":[{"href":"https:\/\/defabrica.com.mx\/defabrica\/wp-json\/wp\/v2\/media?parent=23325"}],"wp:term":[{"taxonomy":"product_brand","embeddable":true,"href":"https:\/\/defabrica.com.mx\/defabrica\/wp-json\/wp\/v2\/product_brand?post=23325"},{"taxonomy":"product_cat","embeddable":true,"href":"https:\/\/defabrica.com.mx\/defabrica\/wp-json\/wp\/v2\/product_cat?post=23325"},{"taxonomy":"product_tag","embeddable":true,"href":"https:\/\/defabrica.com.mx\/defabrica\/wp-json\/wp\/v2\/product_tag?post=23325"}],"curies":[{"name":"wp","href":"https:\/\/api.w.org\/{rel}","templated":true}]}}