{"id":23319,"date":"2021-01-06T19:36:31","date_gmt":"2021-01-07T01:36:31","guid":{"rendered":"https:\/\/defabrica.com.mx\/defabrica\/?post_type=product&#038;p=23319"},"modified":"2025-09-04T00:43:46","modified_gmt":"2025-09-04T06:43:46","slug":"nespresso-cafetera-vertuoplus-deluxe-y-maquina-de-espresso-con-espumador-de-leche-aeroccino-de-delonghi","status":"publish","type":"product","link":"https:\/\/defabrica.com.mx\/defabrica\/producto\/nespresso-cafetera-vertuoplus-deluxe-y-maquina-de-espresso-con-espumador-de-leche-aeroccino-de-delonghi\/","title":{"rendered":"Nespresso &#8211; Cafetera VertuoPlus Deluxe y m\u00e1quina de espresso con espumador de leche Aeroccino de DeLonghi"},"content":{"rendered":"<div>\n<div>Disfrute de un delicioso caf\u00e9 reci\u00e9n hecho con esta m\u00e1quina De&#8217;Longhi Nespresso.\u00a0Su tecnolog\u00eda de extracci\u00f3n Centrifusion combina caf\u00e9 molido encapsulado con agua para producir r\u00e1pidamente una taza de java o espresso de alta calidad con crema.\u00a0Esta m\u00e1quina De&#8217;Longhi Nespresso produce una de 8 oz.\u00a0o 1,35 oz.\u00a0taza de bebida caliente seg\u00fan sus preferencias.<\/div>\n<\/div>\n<div><\/div>\n<div><\/div>\n<p>&nbsp;<\/p>\n<h3>Caracter\u00edsticas.<\/h3>\n<ul>\n<li><strong>Maquina de cafe<\/strong><br \/>\nPrepare un delicioso espresso y lungo, tal como desee.<\/li>\n<li><strong>Aseg\u00farese de no dejar la m\u00e1quina de caf\u00e9 encendida<\/strong><br \/>\nEl apagado autom\u00e1tico promueve un funcionamiento seguro.<\/li>\n<li><strong>Espumador de leche Aeroccino<\/strong><br \/>\nPerfecto para preparar leche espumosa para crear su bebida especial favorita, desde blancos planos hasta capuchinos.<\/li>\n<li><strong>Tanque de agua extra\u00edble<\/strong><br \/>\nPermite rellenar f\u00e1cilmente.<\/li>\n<\/ul>\n<h3>Qu\u00e9 esta incluido.<\/h3>\n<div class=\"embedded-component-container lv\">\n<div>\n<div id=\"shop-whats-included-c92ca7ca-963c-4ecf-8bb5-5645f8e0fd04\" class=\"None\" data-version=\"2.1.2\">\n<div class=\"shop-whats-included\">\n<div class=\"whats-included accordion-container \" data-reactroot=\"\">\n<div class=\"list-container list-lv\">\n<ul class=\" bold\">\n<li class=\"bold v-fw-medium body-copy\">Nespresso VertuoPlus Deluxe Espresso Maker \/ Coffeemaker<\/li>\n<\/ul>\n<\/div>\n<\/div>\n<\/div>\n<\/div>\n<\/div>\n<\/div>\n<div class=\"embedded-component-container lv\">\n<div>\n<div id=\"shop-product-energy-ratings-53299dc8-a4ef-4464-9b26-271712bb433d\" class=\"None\" data-version=\"1.3.5\">\n<div class=\"shop-product-energy-ratings\">\n<div data-reactroot=\"\"><\/div>\n<\/div>\n<\/div>\n<\/div>\n<\/div>\n<div class=\"embedded-component-container lv\"><\/div>\n","protected":false},"excerpt":{"rendered":"<p>Disfrute de un delicioso caf\u00e9 reci\u00e9n hecho con esta m\u00e1quina De&#8217;Longhi Nespresso.\u00a0Su tecnolog\u00eda de extracci\u00f3n Centrifusion combina caf\u00e9 molido encapsulado con agua para producir r\u00e1pidamente una taza de java o<\/p>\n","protected":false},"featured_media":73244,"comment_status":"open","ping_status":"closed","template":"","meta":{"_acf_changed":false,"_joinchat":[]},"product_brand":[],"product_cat":[1474,336,337,947],"product_tag":[],"class_list":{"0":"post-23319","1":"product","2":"type-product","3":"status-publish","4":"has-post-thumbnail","6":"product_cat-ofertas-primavera-electrodomesticos","7":"product_cat-hogar","8":"product_cat-cocina","9":"product_cat-teteras-maquinas-de-te-y-cafe","11":"first","12":"instock","13":"sale","14":"shipping-taxable","15":"purchasable","16":"product-type-simple"},"acf":[],"_links":{"self":[{"href":"https:\/\/defabrica.com.mx\/defabrica\/wp-json\/wp\/v2\/product\/23319","targetHints":{"allow":["GET"]}}],"collection":[{"href":"https:\/\/defabrica.com.mx\/defabrica\/wp-json\/wp\/v2\/product"}],"about":[{"href":"https:\/\/defabrica.com.mx\/defabrica\/wp-json\/wp\/v2\/types\/product"}],"replies":[{"embeddable":true,"href":"https:\/\/defabrica.com.mx\/defabrica\/wp-json\/wp\/v2\/comments?post=23319"}],"wp:featuredmedia":[{"embeddable":true,"href":"https:\/\/defabrica.com.mx\/defabrica\/wp-json\/wp\/v2\/media\/73244"}],"wp:attachment":[{"href":"https:\/\/defabrica.com.mx\/defabrica\/wp-json\/wp\/v2\/media?parent=23319"}],"wp:term":[{"taxonomy":"product_brand","embeddable":true,"href":"https:\/\/defabrica.com.mx\/defabrica\/wp-json\/wp\/v2\/product_brand?post=23319"},{"taxonomy":"product_cat","embeddable":true,"href":"https:\/\/defabrica.com.mx\/defabrica\/wp-json\/wp\/v2\/product_cat?post=23319"},{"taxonomy":"product_tag","embeddable":true,"href":"https:\/\/defabrica.com.mx\/defabrica\/wp-json\/wp\/v2\/product_tag?post=23319"}],"curies":[{"name":"wp","href":"https:\/\/api.w.org\/{rel}","templated":true}]}}