{"id":23294,"date":"2021-01-06T18:47:07","date_gmt":"2021-01-07T00:47:07","guid":{"rendered":"https:\/\/defabrica.com.mx\/defabrica\/?post_type=product&#038;p=23294"},"modified":"2022-12-01T16:26:47","modified_gmt":"2022-12-01T22:26:47","slug":"pioneer-fiona-olla-lenta-portatil","status":"publish","type":"product","link":"https:\/\/defabrica.com.mx\/defabrica\/producto\/pioneer-fiona-olla-lenta-portatil\/","title":{"rendered":"Pioneer Fiona &#8211; Olla lenta port\u00e1til"},"content":{"rendered":"<div id=\"descriptionAndDetails\" class=\"a-section a-spacing-extra-large\">\n<div id=\"productDescription_feature_div\" class=\"celwidget\" data-feature-name=\"productDescription\" data-csa-c-id=\"wot6wm-1uj6e4-n4jcg1-r3ib8o\" data-cel-widget=\"productDescription_feature_div\">\n<div>\n<div id=\"productDescription_feature_div\" class=\"a-row feature\" data-feature-name=\"productDescription\" data-template-name=\"productDescription\" data-cel-widget=\"productDescription_feature_div\">\n<div id=\"productDescription\" class=\"a-section a-spacing-small\">\n<p>El patr\u00f3n floral Fiona fomenta la mezcla y la combinaci\u00f3n para complementar tu gusto individual en la cocina. La tapa sellada con cierre herm\u00e9tico ayuda a evitar derrames desordenados en el camino a un gres en forma de \u00f3valo o port\u00f3n trasero que se adapta a un pollo de 6 libras o 4 libras asado Cook en ajustes de calor bajo o alto, luego cambia a mantener caliente cuando tu comida est\u00e9 terminada de cocinar. La tapa de gres extra\u00edble y de vidrio son aptos para lavavajillas y f\u00e1cil limpieza.<\/p>\n<\/div>\n<\/div>\n<\/div>\n<\/div>\n<\/div>\n<p>&nbsp;<\/p>\n<div id=\"productDetails_feature_div\" class=\"celwidget\" data-feature-name=\"productDetails\" data-csa-c-id=\"rj04dj-rejc82-k6xgtr-egnuf9\" data-cel-widget=\"productDetails_feature_div\"><\/div>\n<div data-feature-name=\"productDetails\" data-csa-c-id=\"rj04dj-rejc82-k6xgtr-egnuf9\" data-cel-widget=\"productDetails_feature_div\"><\/div>\n<h3 data-feature-name=\"productDetails\" data-csa-c-id=\"rj04dj-rejc82-k6xgtr-egnuf9\" data-cel-widget=\"productDetails_feature_div\">Caracter\u00edsticas.<\/h3>\n<ul class=\"a-unordered-list a-vertical a-spacing-mini\">\n<li><span class=\"a-list-item\">El patr\u00f3n floral de Fiona estimula la mezcla y la combinaci\u00f3n para complementar tu gusto individual en la cocina.<\/span><\/li>\n<li><span class=\"a-list-item\">La tapa herm\u00e9tica ayuda a evitar derrames desordenados en el camino a una mamada o port\u00f3n trasero.<\/span><\/li>\n<li><span class=\"a-list-item\">El gres ovalado se adapta a un pollo de 6 libras o asado de 4 libras<\/span><\/li>\n<li><span class=\"a-list-item\">Cocine en configuraciones de calor bajo o alto, luego cambie a Mantener caliente cuando su comida est\u00e9 hecha de cocci\u00f3n.<\/span><\/li>\n<li><span class=\"a-list-item\">La vajilla de gres extra\u00edble y la tapa de cristal son aptos para lavavajillas, f\u00e1cil limpieza.<\/span><\/li>\n<\/ul>\n","protected":false},"excerpt":{"rendered":"<p>El patr\u00f3n floral Fiona fomenta la mezcla y la combinaci\u00f3n para complementar tu gusto individual en la cocina. La tapa sellada con cierre herm\u00e9tico ayuda a evitar derrames desordenados en<\/p>\n","protected":false},"featured_media":23295,"comment_status":"open","ping_status":"closed","template":"","meta":{"_acf_changed":false,"_joinchat":[]},"product_brand":[],"product_cat":[336,337,338,949],"product_tag":[],"class_list":{"0":"post-23294","1":"product","2":"type-product","3":"status-publish","4":"has-post-thumbnail","6":"product_cat-hogar","7":"product_cat-cocina","8":"product_cat-electrodomesticos","9":"product_cat-ollas-instantaneas","11":"first","12":"instock","13":"sale","14":"shipping-taxable","15":"purchasable","16":"product-type-simple"},"acf":[],"_links":{"self":[{"href":"https:\/\/defabrica.com.mx\/defabrica\/wp-json\/wp\/v2\/product\/23294","targetHints":{"allow":["GET"]}}],"collection":[{"href":"https:\/\/defabrica.com.mx\/defabrica\/wp-json\/wp\/v2\/product"}],"about":[{"href":"https:\/\/defabrica.com.mx\/defabrica\/wp-json\/wp\/v2\/types\/product"}],"replies":[{"embeddable":true,"href":"https:\/\/defabrica.com.mx\/defabrica\/wp-json\/wp\/v2\/comments?post=23294"}],"wp:featuredmedia":[{"embeddable":true,"href":"https:\/\/defabrica.com.mx\/defabrica\/wp-json\/wp\/v2\/media\/23295"}],"wp:attachment":[{"href":"https:\/\/defabrica.com.mx\/defabrica\/wp-json\/wp\/v2\/media?parent=23294"}],"wp:term":[{"taxonomy":"product_brand","embeddable":true,"href":"https:\/\/defabrica.com.mx\/defabrica\/wp-json\/wp\/v2\/product_brand?post=23294"},{"taxonomy":"product_cat","embeddable":true,"href":"https:\/\/defabrica.com.mx\/defabrica\/wp-json\/wp\/v2\/product_cat?post=23294"},{"taxonomy":"product_tag","embeddable":true,"href":"https:\/\/defabrica.com.mx\/defabrica\/wp-json\/wp\/v2\/product_tag?post=23294"}],"curies":[{"name":"wp","href":"https:\/\/api.w.org\/{rel}","templated":true}]}}