{"id":23286,"date":"2021-01-06T18:40:32","date_gmt":"2021-01-07T00:40:32","guid":{"rendered":"https:\/\/defabrica.com.mx\/defabrica\/?post_type=product&#038;p=23286"},"modified":"2023-01-21T11:57:59","modified_gmt":"2023-01-21T17:57:59","slug":"blackdecker-sc2007d-olla-lenta-7-cuartos-de-galon","status":"publish","type":"product","link":"https:\/\/defabrica.com.mx\/defabrica\/producto\/blackdecker-sc2007d-olla-lenta-7-cuartos-de-galon\/","title":{"rendered":"BLACK+DECKER SC2007D olla lenta, 7 cuartos de gal\u00f3n"},"content":{"rendered":"<p>Vea lo f\u00e1ciles que pueden ser las comidas deliciosas con la olla de cocci\u00f3n lenta de 7 cuartos BLACK + DECKER. Para asados, sopas, chile y mucho m\u00e1s, simplemente coloque los ingredientes en la olla de gres de 7 cuartos de gal\u00f3n y deje que el calor constante funcione. Tres configuraciones de calor le brindan opciones para encontrar la mejor temperatura para su receta y su horario: baja para 8-9 horas de cocci\u00f3n, alta para 3-4 horas y tibia para mantener los alimentos a la temperatura ideal para servir. Adem\u00e1s, esta olla de cocci\u00f3n lenta es f\u00e1cil de limpiar gracias a la vasija de gres y la tapa de vidrio templado aptas para lavavajillas. Y el exterior de metal duradero y de colores brillantes agrega un toque de color al dise\u00f1o de su cocina. Recetas incluidas, descubra un nuevo favorito de olla de cocci\u00f3n lenta con soluciones de comida f\u00e1ciles en el interior. Aseg\u00farese de utilizar la configuraci\u00f3n correcta para la receta.<\/p>\n<p>&nbsp;<\/p>\n<h3>Caracter\u00edsticas.<\/h3>\n<ul class=\"a-unordered-list a-vertical a-spacing-mini\">\n<li><span class=\"a-list-item\">Tres ajustes de calor: bajo, alto y c\u00e1lido para un rendimiento ideal de cocci\u00f3n lenta con cada receta.<\/span><\/li>\n<li><span class=\"a-list-item\">Soporte de tapa integrado: mant\u00e9n las encimeras limpias y agita y sirve sin sostener la tapa. El soporte integrado apoya la tapa c\u00f3modamente en cualquiera de las asas laterales.<\/span><\/li>\n<li><span class=\"a-list-item\">Asas de tacto fr\u00edo: el lado de pl\u00e1stico de la olla lenta y las asas de la tapa se mantienen fr\u00edas durante la cocci\u00f3n para un f\u00e1cil manejo, incluso cuando la olla est\u00e1 llena de deliciosos alimentos.<\/span><\/li>\n<li><span class=\"a-list-item\">Vasija de gres extra\u00edble: la duradera olla de 7 cuartos retiene el calor y es f\u00e1cil de limpiar.<\/span><\/li>\n<li><span class=\"a-list-item\">7 cuartos de gal\u00f3n: haz una comida caliente para toda la familia con espacio para m\u00e1s de 8 porciones. Partes aptas para lavavajillas: la limpieza es muy f\u00e1cil con la tapa y la tapa aptos para lavavajillas.<\/span><\/li>\n<\/ul>\n","protected":false},"excerpt":{"rendered":"<p>Vea lo f\u00e1ciles que pueden ser las comidas deliciosas con la olla de cocci\u00f3n lenta de 7 cuartos BLACK + DECKER. Para asados, sopas, chile y mucho m\u00e1s, simplemente coloque<\/p>\n","protected":false},"featured_media":23287,"comment_status":"open","ping_status":"closed","template":"","meta":{"_acf_changed":false,"_joinchat":[]},"product_brand":[],"product_cat":[336,337,338,949],"product_tag":[],"class_list":{"0":"post-23286","1":"product","2":"type-product","3":"status-publish","4":"has-post-thumbnail","6":"product_cat-hogar","7":"product_cat-cocina","8":"product_cat-electrodomesticos","9":"product_cat-ollas-instantaneas","11":"first","12":"instock","13":"sale","14":"shipping-taxable","15":"purchasable","16":"product-type-simple"},"acf":[],"_links":{"self":[{"href":"https:\/\/defabrica.com.mx\/defabrica\/wp-json\/wp\/v2\/product\/23286","targetHints":{"allow":["GET"]}}],"collection":[{"href":"https:\/\/defabrica.com.mx\/defabrica\/wp-json\/wp\/v2\/product"}],"about":[{"href":"https:\/\/defabrica.com.mx\/defabrica\/wp-json\/wp\/v2\/types\/product"}],"replies":[{"embeddable":true,"href":"https:\/\/defabrica.com.mx\/defabrica\/wp-json\/wp\/v2\/comments?post=23286"}],"wp:featuredmedia":[{"embeddable":true,"href":"https:\/\/defabrica.com.mx\/defabrica\/wp-json\/wp\/v2\/media\/23287"}],"wp:attachment":[{"href":"https:\/\/defabrica.com.mx\/defabrica\/wp-json\/wp\/v2\/media?parent=23286"}],"wp:term":[{"taxonomy":"product_brand","embeddable":true,"href":"https:\/\/defabrica.com.mx\/defabrica\/wp-json\/wp\/v2\/product_brand?post=23286"},{"taxonomy":"product_cat","embeddable":true,"href":"https:\/\/defabrica.com.mx\/defabrica\/wp-json\/wp\/v2\/product_cat?post=23286"},{"taxonomy":"product_tag","embeddable":true,"href":"https:\/\/defabrica.com.mx\/defabrica\/wp-json\/wp\/v2\/product_tag?post=23286"}],"curies":[{"name":"wp","href":"https:\/\/api.w.org\/{rel}","templated":true}]}}