{"id":22962,"date":"2021-01-04T19:57:44","date_gmt":"2021-01-05T01:57:44","guid":{"rendered":"https:\/\/defabrica.com.mx\/defabrica\/?post_type=product&#038;p=22962"},"modified":"2022-12-01T11:15:07","modified_gmt":"2022-12-01T17:15:07","slug":"microsoft-adaptador-inalambrico-xbox-para-windows-10-negro","status":"publish","type":"product","link":"https:\/\/defabrica.com.mx\/defabrica\/producto\/microsoft-adaptador-inalambrico-xbox-para-windows-10-negro\/","title":{"rendered":"Microsoft &#8211; Adaptador inal\u00e1mbrico Xbox para Windows 10 &#8211; Negro"},"content":{"rendered":"<p>Con el nuevo y mejorado Adaptador inal\u00e1mbrico Xbox para Windows 10, puede jugar sus juegos de PC favoritos con cualquier controlador inal\u00e1mbrico Xbox.<\/p>\n<p>Cuenta con un dise\u00f1o un 66% m\u00e1s peque\u00f1o, soporte de sonido est\u00e9reo inal\u00e1mbrico y la capacidad de conectar hasta ocho controladores a la vez.<\/p>\n<p>Tama\u00f1o en comparaci\u00f3n con el adaptador inal\u00e1mbrico Xbox para Windows. El controlador y los auriculares se venden por separado.<\/p>\n<p>Para usar con el controlador inal\u00e1mbrico Xbox One o el controlador inal\u00e1mbrico Xbox y juegos compatibles con el controlador en PC y tabletas con Windows 10 con USB 2.0 o USB 3.0.<\/p>\n<p>No es compatible con los controladores dise\u00f1ados para Xbox 360. Visita xbox.com\/xboxone\/controllerupdate para obtener instrucciones de actualizaci\u00f3n.<\/p>\n","protected":false},"excerpt":{"rendered":"<p>Con el nuevo y mejorado Adaptador inal\u00e1mbrico Xbox para Windows 10, puede jugar sus juegos de PC favoritos con cualquier controlador inal\u00e1mbrico Xbox. Cuenta con un dise\u00f1o un 66% m\u00e1s<\/p>\n","protected":false},"featured_media":22963,"comment_status":"open","ping_status":"closed","template":"","meta":{"_acf_changed":false,"_joinchat":[]},"product_brand":[],"product_cat":[277,282,438,441],"product_tag":[],"class_list":{"0":"post-22962","1":"product","2":"type-product","3":"status-publish","4":"has-post-thumbnail","6":"product_cat-zona-gamer","7":"product_cat-accesorios-gamers","8":"product_cat-accesorios-xbox","9":"product_cat-todos-los-accesorios-gamer","11":"first","12":"instock","13":"sale","14":"shipping-taxable","15":"purchasable","16":"product-type-simple"},"acf":[],"_links":{"self":[{"href":"https:\/\/defabrica.com.mx\/defabrica\/wp-json\/wp\/v2\/product\/22962","targetHints":{"allow":["GET"]}}],"collection":[{"href":"https:\/\/defabrica.com.mx\/defabrica\/wp-json\/wp\/v2\/product"}],"about":[{"href":"https:\/\/defabrica.com.mx\/defabrica\/wp-json\/wp\/v2\/types\/product"}],"replies":[{"embeddable":true,"href":"https:\/\/defabrica.com.mx\/defabrica\/wp-json\/wp\/v2\/comments?post=22962"}],"wp:featuredmedia":[{"embeddable":true,"href":"https:\/\/defabrica.com.mx\/defabrica\/wp-json\/wp\/v2\/media\/22963"}],"wp:attachment":[{"href":"https:\/\/defabrica.com.mx\/defabrica\/wp-json\/wp\/v2\/media?parent=22962"}],"wp:term":[{"taxonomy":"product_brand","embeddable":true,"href":"https:\/\/defabrica.com.mx\/defabrica\/wp-json\/wp\/v2\/product_brand?post=22962"},{"taxonomy":"product_cat","embeddable":true,"href":"https:\/\/defabrica.com.mx\/defabrica\/wp-json\/wp\/v2\/product_cat?post=22962"},{"taxonomy":"product_tag","embeddable":true,"href":"https:\/\/defabrica.com.mx\/defabrica\/wp-json\/wp\/v2\/product_tag?post=22962"}],"curies":[{"name":"wp","href":"https:\/\/api.w.org\/{rel}","templated":true}]}}