{"id":22921,"date":"2021-01-04T10:58:15","date_gmt":"2021-01-04T16:58:15","guid":{"rendered":"https:\/\/defabrica.com.mx\/defabrica\/?post_type=product&#038;p=22921"},"modified":"2023-01-27T15:07:47","modified_gmt":"2023-01-27T21:07:47","slug":"costway-extractor-electrico-de-jugo-centrifugo","status":"publish","type":"product","link":"https:\/\/defabrica.com.mx\/defabrica\/producto\/costway-extractor-electrico-de-jugo-centrifugo\/","title":{"rendered":"Costway &#8211; Extractor el\u00e9ctrico de jugo centr\u00edfugo"},"content":{"rendered":"<p>Ya sea que sea un exprimidor experimentado o quiera descubrir todos los beneficios de hacer jugo, nuestro exprimidor de acero inoxidable de 700 W es la herramienta de cocina que necesita para hacer jugo r\u00e1pido y f\u00e1cil.\u00a0El dise\u00f1o de boca ancha le permite exprimir la mayor\u00eda de frutas y verduras enteras con facilidad.\u00a0Este exprimidor tiene dos velocidades para ingredientes duros y blandos. El recipiente de pulpa extra grande permite un exprimido continuo por mucho m\u00e1s tiempo.\u00a0Es la mejor opci\u00f3n para la desintoxicaci\u00f3n corporal, adelgazamiento, alternativa para dietas que carecen de frutas y verduras.<\/p>\n<h3><strong>Caracter\u00edsticas<\/strong><\/h3>\n<ul>\n<li><strong>Alta calidad<\/strong><\/li>\n<li><strong>Hermoso dise\u00f1o y operaci\u00f3n simple<\/strong><\/li>\n<li><strong>Dise\u00f1ado con la tolva de alimentaci\u00f3n<\/strong> de 75 mm de ancho, puede extraer f\u00e1cilmente la fruta o verdura entera sin cortar ni rebanar<\/li>\n<li><strong>2 modos de velocidad<\/strong> para extraer la mayor cantidad de jugo de frutas y verduras duras y blandas seg\u00fan sus necesidades.<\/li>\n<li><strong>Motor de alta velocidad<\/strong> con protecci\u00f3n contra sobrecalentamiento, alta eficiencia, ahorro de tiempo y ahorro de energ\u00eda.<\/li>\n<li><strong>Todas las piezas<\/strong> son desmontables y se pueden montar y limpiar f\u00e1cilmente con el cepillo incluido.<\/li>\n<li><strong>La unidad de bloqueo de seguridad<\/strong> para conmutaci\u00f3n est\u00e1 especialmente dise\u00f1ada para garantizar la seguridad y confiabilidad en el uso.<\/li>\n<li><strong>Para mayor seguridad,<\/strong> el exprimidor solo se encender\u00e1 cuando la tapa se haya bloqueado en su lugar con el brazo de bloqueo<\/li>\n<\/ul>\n<p>&nbsp;<\/p>\n<h3>Qu\u00e9 est\u00e1 incluido<\/h3>\n<ul>\n<li>Extractor de jugo<\/li>\n<li>Cepillo limpio<\/li>\n<li>Jarra de jugo<\/li>\n<li>Manual<\/li>\n<\/ul>\n","protected":false},"excerpt":{"rendered":"<p>Ya sea que sea un exprimidor experimentado o quiera descubrir todos los beneficios de hacer jugo, nuestro exprimidor de acero inoxidable de 700 W es la herramienta de cocina que<\/p>\n","protected":false},"featured_media":22922,"comment_status":"open","ping_status":"closed","template":"","meta":{"_acf_changed":false,"_joinchat":[]},"product_brand":[],"product_cat":[336,337,338,953],"product_tag":[],"class_list":{"0":"post-22921","1":"product","2":"type-product","3":"status-publish","4":"has-post-thumbnail","6":"product_cat-hogar","7":"product_cat-cocina","8":"product_cat-electrodomesticos","9":"product_cat-extractores","11":"first","12":"instock","13":"sale","14":"shipping-taxable","15":"purchasable","16":"product-type-simple"},"acf":[],"_links":{"self":[{"href":"https:\/\/defabrica.com.mx\/defabrica\/wp-json\/wp\/v2\/product\/22921","targetHints":{"allow":["GET"]}}],"collection":[{"href":"https:\/\/defabrica.com.mx\/defabrica\/wp-json\/wp\/v2\/product"}],"about":[{"href":"https:\/\/defabrica.com.mx\/defabrica\/wp-json\/wp\/v2\/types\/product"}],"replies":[{"embeddable":true,"href":"https:\/\/defabrica.com.mx\/defabrica\/wp-json\/wp\/v2\/comments?post=22921"}],"wp:featuredmedia":[{"embeddable":true,"href":"https:\/\/defabrica.com.mx\/defabrica\/wp-json\/wp\/v2\/media\/22922"}],"wp:attachment":[{"href":"https:\/\/defabrica.com.mx\/defabrica\/wp-json\/wp\/v2\/media?parent=22921"}],"wp:term":[{"taxonomy":"product_brand","embeddable":true,"href":"https:\/\/defabrica.com.mx\/defabrica\/wp-json\/wp\/v2\/product_brand?post=22921"},{"taxonomy":"product_cat","embeddable":true,"href":"https:\/\/defabrica.com.mx\/defabrica\/wp-json\/wp\/v2\/product_cat?post=22921"},{"taxonomy":"product_tag","embeddable":true,"href":"https:\/\/defabrica.com.mx\/defabrica\/wp-json\/wp\/v2\/product_tag?post=22921"}],"curies":[{"name":"wp","href":"https:\/\/api.w.org\/{rel}","templated":true}]}}