{"id":22881,"date":"2021-01-03T20:52:46","date_gmt":"2021-01-04T02:52:46","guid":{"rendered":"https:\/\/defabrica.com.mx\/defabrica\/?post_type=product&#038;p=22881"},"modified":"2022-12-01T11:03:29","modified_gmt":"2022-12-01T17:03:29","slug":"logitech-auriculares-para-juegos-estereo-con-cable-g332-para-pc-negro-rojo-2","status":"publish","type":"product","link":"https:\/\/defabrica.com.mx\/defabrica\/producto\/logitech-auriculares-para-juegos-estereo-con-cable-g332-para-pc-negro-rojo-2\/","title":{"rendered":"Logitech &#8211; Auriculares para juegos est\u00e9reo con cable G332 para PC &#8211; Negro \/ Rojo"},"content":{"rendered":"<div class=\"list-row\">\n<p class=\"body-copy\">Disfrute de un sonido expansivo.\u00a0Los grandes controladores de audio de 50 mm ofrecen una experiencia de sonido incre\u00edble.<\/p>\n<\/div>\n<div class=\"list-row\">\n<p class=\"body-copy\">El gran micr\u00f3fono con brazo de 6 mm se asegura de que los compa\u00f1eros de juego te escuchen y se silencia cuando se levanta.<\/p>\n<\/div>\n<div class=\"list-row\">\n<p class=\"body-copy\">Todo en estos auriculares tiene que ver con la comodidad: los auriculares y la diadema de cuero sint\u00e9tico liviano de lujo est\u00e1n hechos para mantener la presi\u00f3n fuera de sus o\u00eddos.\u00a0Los auriculares giran hasta 90 grados para mayor comodidad.<\/p>\n<\/div>\n<div class=\"list-row\">\n<p class=\"body-copy\">Sus auriculares funcionan con su PC o Mac a trav\u00e9s de un cable de 3,5 mm, o con consolas de juegos como PlayStation 4, Xbox One, Nintendo Switch y dispositivos m\u00f3viles a trav\u00e9s de un cable de 3,5 mm.<\/p>\n<p>Auriculares para juegos est\u00e9reo con cable Logitech G332 para PC<br \/>\nEl manual del propietario<br \/>\nDivisor en Y para tomas de micr\u00f3fono y auriculares independientes<\/p>\n<\/div>\n","protected":false},"excerpt":{"rendered":"<p>Disfrute de un sonido expansivo.\u00a0Los grandes controladores de audio de 50 mm ofrecen una experiencia de sonido incre\u00edble. El gran micr\u00f3fono con brazo de 6 mm se asegura de que<\/p>\n","protected":false},"featured_media":22887,"comment_status":"open","ping_status":"closed","template":"","meta":{"_acf_changed":false,"_joinchat":[]},"product_brand":[],"product_cat":[277,282,436,441],"product_tag":[],"class_list":{"0":"post-22881","1":"product","2":"type-product","3":"status-publish","4":"has-post-thumbnail","6":"product_cat-zona-gamer","7":"product_cat-accesorios-gamers","8":"product_cat-audifonos-gamer","9":"product_cat-todos-los-accesorios-gamer","11":"first","12":"instock","13":"sale","14":"shipping-taxable","15":"purchasable","16":"product-type-simple"},"acf":[],"_links":{"self":[{"href":"https:\/\/defabrica.com.mx\/defabrica\/wp-json\/wp\/v2\/product\/22881","targetHints":{"allow":["GET"]}}],"collection":[{"href":"https:\/\/defabrica.com.mx\/defabrica\/wp-json\/wp\/v2\/product"}],"about":[{"href":"https:\/\/defabrica.com.mx\/defabrica\/wp-json\/wp\/v2\/types\/product"}],"replies":[{"embeddable":true,"href":"https:\/\/defabrica.com.mx\/defabrica\/wp-json\/wp\/v2\/comments?post=22881"}],"wp:featuredmedia":[{"embeddable":true,"href":"https:\/\/defabrica.com.mx\/defabrica\/wp-json\/wp\/v2\/media\/22887"}],"wp:attachment":[{"href":"https:\/\/defabrica.com.mx\/defabrica\/wp-json\/wp\/v2\/media?parent=22881"}],"wp:term":[{"taxonomy":"product_brand","embeddable":true,"href":"https:\/\/defabrica.com.mx\/defabrica\/wp-json\/wp\/v2\/product_brand?post=22881"},{"taxonomy":"product_cat","embeddable":true,"href":"https:\/\/defabrica.com.mx\/defabrica\/wp-json\/wp\/v2\/product_cat?post=22881"},{"taxonomy":"product_tag","embeddable":true,"href":"https:\/\/defabrica.com.mx\/defabrica\/wp-json\/wp\/v2\/product_tag?post=22881"}],"curies":[{"name":"wp","href":"https:\/\/api.w.org\/{rel}","templated":true}]}}