{"id":22867,"date":"2021-01-03T20:40:06","date_gmt":"2021-01-04T02:40:06","guid":{"rendered":"https:\/\/defabrica.com.mx\/defabrica\/?post_type=product&#038;p=22867"},"modified":"2023-01-13T13:37:38","modified_gmt":"2023-01-13T19:37:38","slug":"hyperx-auriculares-para-juegos-estereo-con-cable-cloud-stinger-core-negro","status":"publish","type":"product","link":"https:\/\/defabrica.com.mx\/defabrica\/producto\/hyperx-auriculares-para-juegos-estereo-con-cable-cloud-stinger-core-negro\/","title":{"rendered":"Aud\u00edfonos gamer HyperX Cloud Stinger Core negro"},"content":{"rendered":"<p>Experimente un juego inmersivo con estos auriculares para juegos HyperX Cloud Stinger Core.\u00a0El dise\u00f1o liviano, las copas de cuero sint\u00e9tico y el acolchado brindan un ajuste c\u00f3modo, mientras que la tecnolog\u00eda de cancelaci\u00f3n de ruido elimina la vibraci\u00f3n de fondo para una ac\u00fastica suave.\u00a0Estos auriculares para juegos HyperX Cloud Stinger Core cuentan con controles de volumen en l\u00ednea para ajustar convenientemente el sonido.<\/p>\n<p>Diadema ajustable<br \/>\nSe adapta f\u00e1cilmente a su cabeza para una m\u00e1xima comodidad durante sesiones largas.<\/p>\n<p>Micr\u00f3fono incorporado<br \/>\nPermite charlar con manos libres a trav\u00e9s de un dispositivo compatible.<\/p>\n<p>Controladores de 40 mm<br \/>\nOfrece un sonido potente.<\/p>\n<p>Controles de auriculares<br \/>\nIncluye encendido \/ apagado de volumen y micr\u00f3fono.<\/p>\n","protected":false},"excerpt":{"rendered":"<p>Experimente un juego inmersivo con estos auriculares para juegos HyperX Cloud Stinger Core.\u00a0El dise\u00f1o liviano, las copas de cuero sint\u00e9tico y el acolchado brindan un ajuste c\u00f3modo, mientras que la<\/p>\n","protected":false},"featured_media":22870,"comment_status":"open","ping_status":"closed","template":"","meta":{"_acf_changed":false,"_joinchat":[]},"product_brand":[],"product_cat":[277,282,436,441],"product_tag":[],"class_list":{"0":"post-22867","1":"product","2":"type-product","3":"status-publish","4":"has-post-thumbnail","6":"product_cat-zona-gamer","7":"product_cat-accesorios-gamers","8":"product_cat-audifonos-gamer","9":"product_cat-todos-los-accesorios-gamer","11":"first","12":"instock","13":"sale","14":"shipping-taxable","15":"purchasable","16":"product-type-simple"},"acf":[],"_links":{"self":[{"href":"https:\/\/defabrica.com.mx\/defabrica\/wp-json\/wp\/v2\/product\/22867","targetHints":{"allow":["GET"]}}],"collection":[{"href":"https:\/\/defabrica.com.mx\/defabrica\/wp-json\/wp\/v2\/product"}],"about":[{"href":"https:\/\/defabrica.com.mx\/defabrica\/wp-json\/wp\/v2\/types\/product"}],"replies":[{"embeddable":true,"href":"https:\/\/defabrica.com.mx\/defabrica\/wp-json\/wp\/v2\/comments?post=22867"}],"wp:featuredmedia":[{"embeddable":true,"href":"https:\/\/defabrica.com.mx\/defabrica\/wp-json\/wp\/v2\/media\/22870"}],"wp:attachment":[{"href":"https:\/\/defabrica.com.mx\/defabrica\/wp-json\/wp\/v2\/media?parent=22867"}],"wp:term":[{"taxonomy":"product_brand","embeddable":true,"href":"https:\/\/defabrica.com.mx\/defabrica\/wp-json\/wp\/v2\/product_brand?post=22867"},{"taxonomy":"product_cat","embeddable":true,"href":"https:\/\/defabrica.com.mx\/defabrica\/wp-json\/wp\/v2\/product_cat?post=22867"},{"taxonomy":"product_tag","embeddable":true,"href":"https:\/\/defabrica.com.mx\/defabrica\/wp-json\/wp\/v2\/product_tag?post=22867"}],"curies":[{"name":"wp","href":"https:\/\/api.w.org\/{rel}","templated":true}]}}