{"id":22859,"date":"2021-01-03T20:28:08","date_gmt":"2021-01-04T02:28:08","guid":{"rendered":"https:\/\/defabrica.com.mx\/defabrica\/?post_type=product&#038;p=22859"},"modified":"2022-12-02T15:13:12","modified_gmt":"2022-12-02T21:13:12","slug":"hilax-extractor-centrifugo-de-jugo","status":"publish","type":"product","link":"https:\/\/defabrica.com.mx\/defabrica\/producto\/hilax-extractor-centrifugo-de-jugo\/","title":{"rendered":"Hilax &#8211; Extractor centr\u00edfugo de jugo"},"content":{"rendered":"<p>Adecuado para hacer jugos de frutas y verduras, complementando vitaminas en cualquier momento y en cualquier lugar para satisfacer todas sus preferencias. Es una herramienta buena e indispensable en tu hogar, comenzando tu gran d\u00eda con una gran taza de zumo.<\/p>\n<h3><strong>Caracter\u00edsticas\u00a0<\/strong><\/h3>\n<ul>\n<li><strong>Boquilla de 2.953 in de ancho<\/strong><br \/>\nCampana de alimentaci\u00f3n de casi 3.0 in para verduras y frutas, r\u00e1pida de preparar, el amplio canal de alimentaci\u00f3n te permite procesar frutas y verduras m\u00e1s grandes sin picar.<\/li>\n<li><strong>Alto rendimiento de zumo<\/strong><br \/>\nLas cuchillas exprimidoras est\u00e1n hechas de acero inoxidable 304 y filtro de precisi\u00f3n. Despu\u00e9s de varias pruebas, el exprimidor Hilax extrae 25% de jugo de fruta que otros exprimidores<\/li>\n<li><strong>Hilax Gran Capacidad<\/strong><br \/>\nEl exprimidor est\u00e1 equipado con un recipiente de exprimidor de 3.4 fl oz y un colector de pulpa de 67.6 fl oz, adecuado para la cocina del hogar, apartamento, dormitorio, oficina, caravana, etc.<\/li>\n<li><strong>Brazos de bloqueo de seguridad de 2 lados<\/strong><br \/>\nLa m\u00e1quina exprimidora Hilax est\u00e1 equipada con brazos de bloqueo de seguridad, asegur\u00e1ndose de que la cubierta est\u00e9 ajustada al trabajar, no hay necesidad de preocuparse por problemas de seguridad o sacudidas o derrames de zumo.<\/li>\n<li><strong>Fuerte motor de 700 W\/18000 rpm<\/strong><br \/>\nLos potentes motores de cooperador puros de 700 W\/18000 RPM te proporcionan un procesamiento eficiente y silencioso, solo 20 segundos necesarios para disfrutar de la nutrici\u00f3n y el jugo saludable.<\/li>\n<li><strong>Desmontable y f\u00e1cil de limpiar<\/strong><br \/>\nF\u00e1cil limpieza con el cepillo de limpieza incluido. Todas las piezas son desmontables, y todas las piezas de extracci\u00f3n son aptas para lavavajillas, lo que facilita la limpieza.<\/li>\n<li><strong>Protecci\u00f3n contra sobrecalentamiento<\/strong><br \/>\nSistema de protecci\u00f3n contra sobrecalentamiento integrado, cuando la temperatura es demasiado alta, el exprimidor se detendr\u00e1 autom\u00e1ticamente. Con base de enfriamiento antideslizante, m\u00e1s estable y seguro cuando se trabaja.<\/li>\n<\/ul>\n","protected":false},"excerpt":{"rendered":"<p>Adecuado para hacer jugos de frutas y verduras, complementando vitaminas en cualquier momento y en cualquier lugar para satisfacer todas sus preferencias. Es una herramienta buena e indispensable en tu<\/p>\n","protected":false},"featured_media":22866,"comment_status":"open","ping_status":"closed","template":"","meta":{"_acf_changed":false,"_joinchat":[]},"product_brand":[],"product_cat":[1522,336,337,338,953],"product_tag":[],"class_list":{"0":"post-22859","1":"product","2":"type-product","3":"status-publish","4":"has-post-thumbnail","6":"product_cat-ofertas-hogar","7":"product_cat-hogar","8":"product_cat-cocina","9":"product_cat-electrodomesticos","10":"product_cat-extractores","12":"first","13":"instock","14":"sale","15":"shipping-taxable","16":"purchasable","17":"product-type-simple"},"acf":[],"_links":{"self":[{"href":"https:\/\/defabrica.com.mx\/defabrica\/wp-json\/wp\/v2\/product\/22859","targetHints":{"allow":["GET"]}}],"collection":[{"href":"https:\/\/defabrica.com.mx\/defabrica\/wp-json\/wp\/v2\/product"}],"about":[{"href":"https:\/\/defabrica.com.mx\/defabrica\/wp-json\/wp\/v2\/types\/product"}],"replies":[{"embeddable":true,"href":"https:\/\/defabrica.com.mx\/defabrica\/wp-json\/wp\/v2\/comments?post=22859"}],"wp:featuredmedia":[{"embeddable":true,"href":"https:\/\/defabrica.com.mx\/defabrica\/wp-json\/wp\/v2\/media\/22866"}],"wp:attachment":[{"href":"https:\/\/defabrica.com.mx\/defabrica\/wp-json\/wp\/v2\/media?parent=22859"}],"wp:term":[{"taxonomy":"product_brand","embeddable":true,"href":"https:\/\/defabrica.com.mx\/defabrica\/wp-json\/wp\/v2\/product_brand?post=22859"},{"taxonomy":"product_cat","embeddable":true,"href":"https:\/\/defabrica.com.mx\/defabrica\/wp-json\/wp\/v2\/product_cat?post=22859"},{"taxonomy":"product_tag","embeddable":true,"href":"https:\/\/defabrica.com.mx\/defabrica\/wp-json\/wp\/v2\/product_tag?post=22859"}],"curies":[{"name":"wp","href":"https:\/\/api.w.org\/{rel}","templated":true}]}}