{"id":22819,"date":"2021-01-03T19:43:39","date_gmt":"2021-01-04T01:43:39","guid":{"rendered":"https:\/\/defabrica.com.mx\/defabrica\/?post_type=product&#038;p=22819"},"modified":"2023-01-13T15:28:42","modified_gmt":"2023-01-13T21:28:42","slug":"oster-extractor-de-jugo-centrifugo-jussimple-acero-inoxidable","status":"publish","type":"product","link":"https:\/\/defabrica.com.mx\/defabrica\/producto\/oster-extractor-de-jugo-centrifugo-jussimple-acero-inoxidable\/","title":{"rendered":"Oster &#8211; Extractor de jugo centr\u00edfugo JusSimple &#8211; Acero inoxidable"},"content":{"rendered":"<p>Haga jugos de frutas y verduras con este exprimidor f\u00e1cil Oster JusSimple.\u00a0El amplio conducto de alimentaci\u00f3n se adapta a verduras y frutas enteras, mientras que el exprimidor de dos velocidades le permite preparar jugo fresco r\u00e1pidamente.\u00a0Este exprimidor f\u00e1cil Oster JusSimple cuenta con un filtro Rinse &#8216;n Ready y una cuchilla desmontable apta para lavavajillas para una f\u00e1cil limpieza.<\/p>\n<h3><strong>Caracter\u00edsticas<\/strong><\/h3>\n<ul>\n<li><strong>Jugos de frutas y verduras de diferentes texturas.<\/strong><br \/>\nUtilice la velocidad baja para exprimir frutas y verduras blandas, como tomates, uvas, espinacas, naranjas y limones. La alta velocidad maneja f\u00e1cilmente manzanas, zanahorias, pi\u00f1as, jengibre y otros art\u00edculos duros.<\/li>\n<li><strong>Canal de alimentaci\u00f3n grande<\/strong><br \/>\nLo suficientemente grande para procesar frutas y verduras enteras, por lo que dedica menos tiempo a preparar y m\u00e1s a disfrutar de su jugo.<\/li>\n<li><strong>Motor resistente de 900 W<\/strong><br \/>\nLo suficientemente potente como para exprimir sin quitar la mayor\u00eda de las c\u00e1scaras, lo que le permite retener la fruta rica en nutrientes cerca de la piel y la c\u00e1scara de la mayor\u00eda de las frutas.<\/li>\n<li><strong>Filtro Rinse &#8216;n Ready \u2122<\/strong><br \/>\nCuenta con un revestimiento de malla especial que reduce el tiempo de limpieza con menos fregado y ayuda a separar la pulpa del jugo.<\/li>\n<li><strong>Piezas aptas para lavavajillas<\/strong><br \/>\nPermita una limpieza f\u00e1cil.<\/li>\n<\/ul>\n<p>&nbsp;<\/p>\n<div class=\"header-container header-lv\">\n<h3 class=\"heading-5 v-fw-regular\">Qu\u00e9 est\u00e1 incluido<\/h3>\n<\/div>\n<div class=\"list-container list-lv\">\n<ul class=\" bold\">\n<li class=\"bold v-fw-medium body-copy\">Extractor de jugo centr\u00edfugo Oster JusSimpe<\/li>\n<li class=\"bold v-fw-medium body-copy\">Jarra de jugo<\/li>\n<li class=\"bold v-fw-medium body-copy\">El manual del propietario<\/li>\n<\/ul>\n<\/div>\n","protected":false},"excerpt":{"rendered":"<p>Haga jugos de frutas y verduras con este exprimidor f\u00e1cil Oster JusSimple.\u00a0El amplio conducto de alimentaci\u00f3n se adapta a verduras y frutas enteras, mientras que el exprimidor de dos velocidades<\/p>\n","protected":false},"featured_media":22833,"comment_status":"open","ping_status":"closed","template":"","meta":{"_acf_changed":false,"_joinchat":[]},"product_brand":[],"product_cat":[336,337,338,953],"product_tag":[],"class_list":{"0":"post-22819","1":"product","2":"type-product","3":"status-publish","4":"has-post-thumbnail","6":"product_cat-hogar","7":"product_cat-cocina","8":"product_cat-electrodomesticos","9":"product_cat-extractores","11":"first","12":"instock","13":"sale","14":"shipping-taxable","15":"purchasable","16":"product-type-simple"},"acf":[],"_links":{"self":[{"href":"https:\/\/defabrica.com.mx\/defabrica\/wp-json\/wp\/v2\/product\/22819","targetHints":{"allow":["GET"]}}],"collection":[{"href":"https:\/\/defabrica.com.mx\/defabrica\/wp-json\/wp\/v2\/product"}],"about":[{"href":"https:\/\/defabrica.com.mx\/defabrica\/wp-json\/wp\/v2\/types\/product"}],"replies":[{"embeddable":true,"href":"https:\/\/defabrica.com.mx\/defabrica\/wp-json\/wp\/v2\/comments?post=22819"}],"wp:featuredmedia":[{"embeddable":true,"href":"https:\/\/defabrica.com.mx\/defabrica\/wp-json\/wp\/v2\/media\/22833"}],"wp:attachment":[{"href":"https:\/\/defabrica.com.mx\/defabrica\/wp-json\/wp\/v2\/media?parent=22819"}],"wp:term":[{"taxonomy":"product_brand","embeddable":true,"href":"https:\/\/defabrica.com.mx\/defabrica\/wp-json\/wp\/v2\/product_brand?post=22819"},{"taxonomy":"product_cat","embeddable":true,"href":"https:\/\/defabrica.com.mx\/defabrica\/wp-json\/wp\/v2\/product_cat?post=22819"},{"taxonomy":"product_tag","embeddable":true,"href":"https:\/\/defabrica.com.mx\/defabrica\/wp-json\/wp\/v2\/product_tag?post=22819"}],"curies":[{"name":"wp","href":"https:\/\/api.w.org\/{rel}","templated":true}]}}