{"id":22754,"date":"2021-01-03T12:32:10","date_gmt":"2021-01-03T18:32:10","guid":{"rendered":"https:\/\/defabrica.com.mx\/defabrica\/?post_type=product&#038;p=22754"},"modified":"2023-01-13T15:08:20","modified_gmt":"2023-01-13T21:08:20","slug":"samsung-smart-tizen-led-4k-uhd-58","status":"publish","type":"product","link":"https:\/\/defabrica.com.mx\/defabrica\/producto\/samsung-smart-tizen-led-4k-uhd-58\/","title":{"rendered":"Samsung &#8211; Smart Tizen LED 4K UHD 58&#8243;"},"content":{"rendered":"<div class=\"embedded-component-container lv\">\n<div id=\"shop-product-description-5026a8e6-ffe4-42cf-8656-2f012f6fb878\" class=\"None\" data-version=\"1.3.0\">\n<div class=\"shop-product-description\">\n<section class=\"align-heading-left\" data-reactroot=\"\">\n<div class=\"long-description-container body-copy \">\n<div class=\"html-fragment\">\n<div>\n<div>\n<div>\n<div>\n<div>Haz que cada noche de pel\u00edculas sea especial con este televisor inteligente Samsung de 58 pulgadas.\u00a0La resoluci\u00f3n nativa 4K UHD hace que los programas se vean n\u00edtidos y detallados, y el procesador Crystal 4K mejora la calidad de imagen en tiempo real.\u00a0Este televisor inteligente Samsung tiene una variedad de funciones que le permiten acceder y reproducir contenido de sus servicios de transmisi\u00f3n favoritos.<\/div>\n<div><\/div>\n<\/div>\n<div><\/div>\n<\/div>\n<div><\/div>\n<\/div>\n<div><\/div>\n<\/div>\n<\/div>\n<\/div>\n<\/section>\n<\/div>\n<\/div>\n<\/div>\n<div>\n<div>\n<div class=\"embedded-component-container lv\">\n<h3><strong>Caracter\u00edsticas<\/strong><\/h3>\n<ul>\n<li><strong>Procesador Crystal 4K<\/strong><br \/>\nEl procesador ultrarr\u00e1pido transforma todo lo que ves en un sorprendente 4K.<\/li>\n<li><strong>Pantalla de cristal<\/strong><br \/>\nExperimente colores n\u00edtidos que est\u00e1n ajustados para brindar una imagen naturalmente n\u00edtida y v\u00edvida.<\/li>\n<li><strong>Gu\u00eda universal<\/strong><br \/>\nLa potente tecnolog\u00eda de inteligencia artificial recomienda la transmisi\u00f3n y el contenido de TV en vivo, todo en una simple gu\u00eda en pantalla.<\/li>\n<li><strong>Dise\u00f1o sin l\u00edmites<\/strong><br \/>\nUn bisel ultradelgado en todos los lados para una apariencia incre\u00edblemente limpia.<\/li>\n<li><strong>Clean Cable Solution\u00ae<\/strong><br \/>\nOculta cables de alimentaci\u00f3n y cables antiest\u00e9ticos.<\/li>\n<li><strong>Funci\u00f3n OneRemote<\/strong><br \/>\nDetecta y controla autom\u00e1ticamente todos los dispositivos y contenido conectados compatibles.<\/li>\n<li><strong>Potenciador del juego<\/strong><br \/>\nEl televisor ajusta autom\u00e1ticamente la configuraci\u00f3n para ayudar a que los juegos funcionen sin problemas.<\/li>\n<li><strong>4K Ultra HD (resoluci\u00f3n de 2160p)<\/strong><br \/>\nDisfruta de impresionantes pel\u00edculas y programas de TV en 4K a 4 veces la resoluci\u00f3n de Full HD y mejora tu contenido actual a una calidad de imagen de nivel Ultra HD.<\/li>\n<li><strong>HDR<\/strong><br \/>\nRevela tonos de color que no puede encontrar en HDTV.<\/li>\n<li><strong>Smart TV con tecnolog\u00eda Tizen<\/strong><br \/>\nVaya m\u00e1s all\u00e1 de Smart TV con aplicaciones de pr\u00f3xima generaci\u00f3n, control s\u00faper f\u00e1cil y una serie de mejoras que elevan su experiencia de ver televisi\u00f3n.<\/li>\n<li><strong>Velocidad de movimiento 120<\/strong><br \/>\nDisfrute de una acci\u00f3n fluida y n\u00edtida incluso en las escenas m\u00e1s r\u00e1pidas.<\/li>\n<li><strong>Los servicios y el contenido<\/strong> basados \u200b\u200ben la web requieren un servicio de Internet de alta velocidad. Algunos servicios pueden requerir una suscripci\u00f3n.<\/li>\n<\/ul>\n<\/div>\n<\/div>\n<p>&nbsp;<\/p>\n<div class=\"header-container header-lv\">\n<h3 class=\"heading-5 v-fw-regular\">Qu\u00e9 est\u00e1 incluido<\/h3>\n<\/div>\n<div class=\"list-container list-lv\">\n<ul class=\" bold\">\n<li class=\"bold v-fw-medium body-copy\">Samsung 58 \u00abUHD Serie 7 &#8211; TV 4K UHD &#8211; Inteligente &#8211; LED &#8211; con HDR<\/li>\n<li class=\"bold v-fw-medium body-copy\">Estar<\/li>\n<li class=\"bold v-fw-medium body-copy\">Mando a distancia con pilas<\/li>\n<li class=\"bold v-fw-medium body-copy\">Cable de energ\u00eda<\/li>\n<li class=\"bold v-fw-medium body-copy\">El manual del propietario<\/li>\n<\/ul>\n<\/div>\n<\/div>\n","protected":false},"excerpt":{"rendered":"<p>Haz que cada noche de pel\u00edculas sea especial con este televisor inteligente Samsung de 58 pulgadas.\u00a0La resoluci\u00f3n nativa 4K UHD hace que los programas se vean n\u00edtidos y detallados, y<\/p>\n","protected":false},"featured_media":22762,"comment_status":"open","ping_status":"closed","template":"","meta":{"_acf_changed":false,"_joinchat":[]},"product_brand":[],"product_cat":[336,937],"product_tag":[],"class_list":{"0":"post-22754","1":"product","2":"type-product","3":"status-publish","4":"has-post-thumbnail","6":"product_cat-hogar","7":"product_cat-pantallas","9":"first","10":"instock","11":"sale","12":"shipping-taxable","13":"purchasable","14":"product-type-simple"},"acf":[],"_links":{"self":[{"href":"https:\/\/defabrica.com.mx\/defabrica\/wp-json\/wp\/v2\/product\/22754","targetHints":{"allow":["GET"]}}],"collection":[{"href":"https:\/\/defabrica.com.mx\/defabrica\/wp-json\/wp\/v2\/product"}],"about":[{"href":"https:\/\/defabrica.com.mx\/defabrica\/wp-json\/wp\/v2\/types\/product"}],"replies":[{"embeddable":true,"href":"https:\/\/defabrica.com.mx\/defabrica\/wp-json\/wp\/v2\/comments?post=22754"}],"wp:featuredmedia":[{"embeddable":true,"href":"https:\/\/defabrica.com.mx\/defabrica\/wp-json\/wp\/v2\/media\/22762"}],"wp:attachment":[{"href":"https:\/\/defabrica.com.mx\/defabrica\/wp-json\/wp\/v2\/media?parent=22754"}],"wp:term":[{"taxonomy":"product_brand","embeddable":true,"href":"https:\/\/defabrica.com.mx\/defabrica\/wp-json\/wp\/v2\/product_brand?post=22754"},{"taxonomy":"product_cat","embeddable":true,"href":"https:\/\/defabrica.com.mx\/defabrica\/wp-json\/wp\/v2\/product_cat?post=22754"},{"taxonomy":"product_tag","embeddable":true,"href":"https:\/\/defabrica.com.mx\/defabrica\/wp-json\/wp\/v2\/product_tag?post=22754"}],"curies":[{"name":"wp","href":"https:\/\/api.w.org\/{rel}","templated":true}]}}