{"id":22661,"date":"2021-01-02T21:54:20","date_gmt":"2021-01-03T03:54:20","guid":{"rendered":"https:\/\/defabrica.com.mx\/defabrica\/?post_type=product&#038;p=22661"},"modified":"2023-01-28T10:30:11","modified_gmt":"2023-01-28T16:30:11","slug":"funda-para-ipad-pro-de-105-pulgadas-con-portalapices-funda-complementaria","status":"publish","type":"product","link":"https:\/\/defabrica.com.mx\/defabrica\/producto\/funda-para-ipad-pro-de-105-pulgadas-con-portalapices-funda-complementaria\/","title":{"rendered":"Funda para iPad Pro de 10,5 pulgadas con portal\u00e1pices &#8211; Funda complementaria"},"content":{"rendered":"<p>Funda KHOMO COMPANION: KHOMO presenta su funda Companion con portal\u00e1pices para Apple iPad Pro de 12,9 pulgadas.\u00a0La nueva funda KHOMO COMPANION es la combinaci\u00f3n perfecta para las fundas y el teclado inteligente de Apple.\u00a0Este estuche es elegante, liviano y de bajo perfil, y no agrega volumen al iPad de Apple.<\/p>\n<ul>\n<li>Compatibilidad: Compatible con la tableta Apple iPad Pro de 10,5 pulgadas.\u00a0(EL PAQUETE NO INCLUYE TECLADO)<\/li>\n<li>Dise\u00f1o inteligente: carcasa exterior ultradelgada y bellamente dise\u00f1ada (solo 0,15 pulgadas) que ofrece una protecci\u00f3n duradera pero ligera.\u00a0Protecci\u00f3n contra rayones: el forro interior suave proporciona una protecci\u00f3n total de la pantalla<\/li>\n<li>Protecci\u00f3n fuerte: Carcasa trasera r\u00edgida para PC + Borde de TPU flexible para ofrecer una protecci\u00f3n completa y el dise\u00f1o de recorte del panel posterior inteligente para una mejor ventilaci\u00f3n.<\/li>\n<li>Ajuste perfecto: ajuste perfecto con el teclado inteligente y deje suficiente espacio para el conector inteligente.\u00a0No afectar\u00e1 la adsorci\u00f3n del teclado.<\/li>\n<li>Portal\u00e1pices: portal\u00e1pices de Apple incorporado, agarre su l\u00e1piz de Apple sin esfuerzo cuando lo desee, para llevar f\u00e1cilmente su l\u00e1piz de Apple con su dispositivo.<\/li>\n<\/ul>\n","protected":false},"excerpt":{"rendered":"<p>Funda KHOMO COMPANION: KHOMO presenta su funda Companion con portal\u00e1pices para Apple iPad Pro de 12,9 pulgadas.\u00a0La nueva funda KHOMO COMPANION es la combinaci\u00f3n perfecta para las fundas y el<\/p>\n","protected":false},"featured_media":22663,"comment_status":"open","ping_status":"closed","template":"","meta":{"_acf_changed":false,"_joinchat":[]},"product_brand":[],"product_cat":[408,411,417,421],"product_tag":[],"class_list":{"0":"post-22661","1":"product","2":"type-product","3":"status-publish","4":"has-post-thumbnail","6":"product_cat-celulares-y-tablets","7":"product_cat-accesorios-para-tablets","8":"product_cat-fundas-y-maletines","9":"product_cat-todos-los-accesorios-para-tablets","11":"first","12":"instock","13":"sale","14":"shipping-taxable","15":"purchasable","16":"product-type-simple"},"acf":[],"_links":{"self":[{"href":"https:\/\/defabrica.com.mx\/defabrica\/wp-json\/wp\/v2\/product\/22661","targetHints":{"allow":["GET"]}}],"collection":[{"href":"https:\/\/defabrica.com.mx\/defabrica\/wp-json\/wp\/v2\/product"}],"about":[{"href":"https:\/\/defabrica.com.mx\/defabrica\/wp-json\/wp\/v2\/types\/product"}],"replies":[{"embeddable":true,"href":"https:\/\/defabrica.com.mx\/defabrica\/wp-json\/wp\/v2\/comments?post=22661"}],"wp:featuredmedia":[{"embeddable":true,"href":"https:\/\/defabrica.com.mx\/defabrica\/wp-json\/wp\/v2\/media\/22663"}],"wp:attachment":[{"href":"https:\/\/defabrica.com.mx\/defabrica\/wp-json\/wp\/v2\/media?parent=22661"}],"wp:term":[{"taxonomy":"product_brand","embeddable":true,"href":"https:\/\/defabrica.com.mx\/defabrica\/wp-json\/wp\/v2\/product_brand?post=22661"},{"taxonomy":"product_cat","embeddable":true,"href":"https:\/\/defabrica.com.mx\/defabrica\/wp-json\/wp\/v2\/product_cat?post=22661"},{"taxonomy":"product_tag","embeddable":true,"href":"https:\/\/defabrica.com.mx\/defabrica\/wp-json\/wp\/v2\/product_tag?post=22661"}],"curies":[{"name":"wp","href":"https:\/\/api.w.org\/{rel}","templated":true}]}}