{"id":22587,"date":"2021-01-02T16:29:06","date_gmt":"2021-01-02T22:29:06","guid":{"rendered":"https:\/\/defabrica.com.mx\/defabrica\/?post_type=product&#038;p=22587"},"modified":"2023-01-13T15:06:53","modified_gmt":"2023-01-13T21:06:53","slug":"samsung-smart-tizen-4k-uhd-led-55-2","status":"publish","type":"product","link":"https:\/\/defabrica.com.mx\/defabrica\/producto\/samsung-smart-tizen-4k-uhd-led-55-2\/","title":{"rendered":"Samsung &#8211; Smart Tizen 4K UHD LED 55&#8243;"},"content":{"rendered":"<div class=\"embedded-component-container lv\">\n<div id=\"shop-product-description-5026a8e6-ffe4-42cf-8656-2f012f6fb878\" class=\"None\" data-version=\"1.3.0\">\n<div class=\"shop-product-description\">\n<section class=\"align-heading-left\" data-reactroot=\"\">\n<div class=\"long-description-container body-copy \">\n<div class=\"html-fragment\">\n<div>\n<div>\n<div>\n<div>\n<div>Mejore su experiencia visual con este televisor inteligente Samsung de 55 pulgadas.\u00a0La variedad de aplicaciones ofrece un f\u00e1cil acceso al contenido de los servicios de transmisi\u00f3n populares, y la interfaz intuitiva hace que encontrar sus programas favoritos sea simple.\u00a0Con una resoluci\u00f3n nativa de 4K y tecnolog\u00eda HDR avanzada, este televisor inteligente Samsung enriquece sus noches de pel\u00edculas con im\u00e1genes incre\u00edblemente detalladas y colores realistas.<\/div>\n<div><\/div>\n<\/div>\n<div><\/div>\n<\/div>\n<div><\/div>\n<\/div>\n<\/div>\n<div>\n<div><\/div>\n<\/div>\n<\/div>\n<\/div>\n<\/section>\n<\/div>\n<\/div>\n<\/div>\n<div>\n<div>\n<h3><strong>Caracter\u00edsticas<\/strong><\/h3>\n<ul>\n<li><strong>Procesador Crystal 4K<\/strong><br \/>\nEl procesador ultrarr\u00e1pido transforma todo lo que ves en un sorprendente 4K.<\/li>\n<li><strong>Pantalla de cristal<\/strong><br \/>\nExperimente colores n\u00edtidos que est\u00e1n ajustados para brindar una imagen naturalmente n\u00edtida y v\u00edvida.<\/li>\n<li><strong>Gu\u00eda universal<\/strong><br \/>\nLa potente tecnolog\u00eda de inteligencia artificial recomienda la transmisi\u00f3n y el contenido de TV en vivo, todo en una simple gu\u00eda en pantalla.<\/li>\n<li><strong>Dise\u00f1o sin l\u00edmites<\/strong><br \/>\nUn bisel ultradelgado en todos los lados para una apariencia incre\u00edblemente limpia.<\/li>\n<li><strong>Clean Cable Solution\u00ae<\/strong><br \/>\nOculta cables de alimentaci\u00f3n y cables antiest\u00e9ticos.<\/li>\n<li><strong>Funci\u00f3n OneRemote<\/strong><br \/>\nDetecta y controla autom\u00e1ticamente todos los dispositivos y contenido conectados compatibles.<\/li>\n<li><strong>Potenciador del juego<\/strong><br \/>\nEl televisor ajusta autom\u00e1ticamente la configuraci\u00f3n para ayudar a que los juegos funcionen sin problemas.<\/li>\n<li><strong>4K Ultra HD (resoluci\u00f3n de 2160p)<\/strong><br \/>\nDisfruta de impresionantes pel\u00edculas y programas de TV en 4K a 4 veces la resoluci\u00f3n de Full HD y mejora tu contenido actual a una calidad de imagen de nivel Ultra HD.<\/li>\n<li><strong>HDR<\/strong><br \/>\nRevela tonos de color que no puede encontrar en HDTV.<\/li>\n<li><strong>Smart TV con tecnolog\u00eda Tizen<\/strong><br \/>\nVaya m\u00e1s all\u00e1 de Smart TV con aplicaciones de pr\u00f3xima generaci\u00f3n, control s\u00faper f\u00e1cil y una serie de mejoras que elevan su experiencia de ver televisi\u00f3n.<\/li>\n<li><strong>Velocidad de movimiento 120<\/strong><br \/>\nDisfrute de una acci\u00f3n fluida y n\u00edtida incluso en las escenas m\u00e1s r\u00e1pidas.<\/li>\n<li><strong>Los servicios y el contenido<\/strong> basados \u200b\u200ben la web requieren un servicio de Internet de alta velocidad. Algunos servicios pueden requerir una suscripci\u00f3n.<\/li>\n<\/ul>\n<\/div>\n<p>&nbsp;<\/p>\n<h3>Qu\u00e9 est\u00e1 incluido<\/h3>\n<ul>\n<li>Samsung serie UHD 7 de 55 \u00ab- TV 4K UHD &#8211; Inteligente &#8211; LED &#8211; con HDR<\/li>\n<li>Estar<\/li>\n<li>Mando a distancia con pilas<\/li>\n<li>Cable de energ\u00eda<\/li>\n<li>El manual del propietario<\/li>\n<\/ul>\n<\/div>\n","protected":false},"excerpt":{"rendered":"<p>Mejore su experiencia visual con este televisor inteligente Samsung de 55 pulgadas.\u00a0La variedad de aplicaciones ofrece un f\u00e1cil acceso al contenido de los servicios de transmisi\u00f3n populares, y la interfaz<\/p>\n","protected":false},"featured_media":22591,"comment_status":"open","ping_status":"closed","template":"","meta":{"_acf_changed":false,"_joinchat":[]},"product_brand":[],"product_cat":[336,937],"product_tag":[],"class_list":{"0":"post-22587","1":"product","2":"type-product","3":"status-publish","4":"has-post-thumbnail","6":"product_cat-hogar","7":"product_cat-pantallas","9":"first","10":"instock","11":"sale","12":"shipping-taxable","13":"purchasable","14":"product-type-simple"},"acf":[],"_links":{"self":[{"href":"https:\/\/defabrica.com.mx\/defabrica\/wp-json\/wp\/v2\/product\/22587","targetHints":{"allow":["GET"]}}],"collection":[{"href":"https:\/\/defabrica.com.mx\/defabrica\/wp-json\/wp\/v2\/product"}],"about":[{"href":"https:\/\/defabrica.com.mx\/defabrica\/wp-json\/wp\/v2\/types\/product"}],"replies":[{"embeddable":true,"href":"https:\/\/defabrica.com.mx\/defabrica\/wp-json\/wp\/v2\/comments?post=22587"}],"wp:featuredmedia":[{"embeddable":true,"href":"https:\/\/defabrica.com.mx\/defabrica\/wp-json\/wp\/v2\/media\/22591"}],"wp:attachment":[{"href":"https:\/\/defabrica.com.mx\/defabrica\/wp-json\/wp\/v2\/media?parent=22587"}],"wp:term":[{"taxonomy":"product_brand","embeddable":true,"href":"https:\/\/defabrica.com.mx\/defabrica\/wp-json\/wp\/v2\/product_brand?post=22587"},{"taxonomy":"product_cat","embeddable":true,"href":"https:\/\/defabrica.com.mx\/defabrica\/wp-json\/wp\/v2\/product_cat?post=22587"},{"taxonomy":"product_tag","embeddable":true,"href":"https:\/\/defabrica.com.mx\/defabrica\/wp-json\/wp\/v2\/product_tag?post=22587"}],"curies":[{"name":"wp","href":"https:\/\/api.w.org\/{rel}","templated":true}]}}