{"id":22472,"date":"2020-12-30T19:50:39","date_gmt":"2020-12-31T01:50:39","guid":{"rendered":"https:\/\/defabrica.com.mx\/defabrica\/?post_type=product&#038;p=22472"},"modified":"2023-01-13T13:26:52","modified_gmt":"2023-01-13T19:26:52","slug":"digipower-follow-me-vlogging-kit-para-telefonos-y-camaras-incluye-microfono-luz-led-control-remoto-bluetooth-agarre-para-telefono-y-tripode-2","status":"publish","type":"product","link":"https:\/\/defabrica.com.mx\/defabrica\/producto\/digipower-follow-me-vlogging-kit-para-telefonos-y-camaras-incluye-microfono-luz-led-control-remoto-bluetooth-agarre-para-telefono-y-tripode-2\/","title":{"rendered":"Follow ME Vlogging Kit para tel\u00e9fonos y c\u00e1maras &#8211; Incluye micr\u00f3fono, luz LED, control remoto Bluetooth, agarre para tel\u00e9fono y tr\u00edpode"},"content":{"rendered":"<p>Mejore su configuraci\u00f3n de creaci\u00f3n de contenido y video con este kit de Digipower Follow Me Vlogging.\u00a0La empu\u00f1adura de goma del tel\u00e9fono inteligente sujeta de forma segura su tel\u00e9fono y lo ayuda a obtener tomas estables, mientras que el control remoto inal\u00e1mbrico ofrece un control sin problemas.\u00a0Este kit de vlogging S\u00edgueme de Digipower integra 36 LED ultrabrillantes para brindarle una iluminaci\u00f3n amplia y tambi\u00e9n incluye un tr\u00edpode de mesa para mayor estabilidad.\u00a0Es compatible con tel\u00e9fonos inteligentes y c\u00e1maras, incluido el micr\u00f3fono (compatible con TRRS), 36 luces LED, control remoto Bluetooth, agarre y tr\u00edpode para tel\u00e9fono inteligente.<\/p>\n<div class=\"list-row\">\n<h4 class=\"feature-title body-copy v-fw-medium\">Compatibilidad con tel\u00e9fonos inteligentes<\/h4>\n<p class=\"body-copy\">Se incluye un agarre para smartphone que se puede acoplar f\u00e1cilmente al tr\u00edpode.\u00a0Adaptador de micr\u00f3fono no incluido.<\/p>\n<\/div>\n<div class=\"list-row\">\n<h4 class=\"feature-title body-copy v-fw-medium\">Luz brillante<\/h4>\n<p class=\"body-copy\">La luz brillante de 36 LED permite filmar en espacios oscuros o con poca luz<\/p>\n<\/div>\n<div class=\"list-row\">\n<h4 class=\"feature-title body-copy v-fw-medium\">Control remoto Bluetooth<\/h4>\n<p class=\"body-copy\">Control remoto inal\u00e1mbrico incluido para permitir a los usuarios comenzar y terminar el video sin tocar su dispositivo de captura de video.<\/p>\n<\/div>\n<div class=\"list-row\">\n<h4 class=\"feature-title body-copy v-fw-medium\">Mejora de volumen<\/h4>\n<p class=\"body-copy\">El micr\u00f3fono de escopeta compacto mejora la protecci\u00f3n contra los ruidos externos, asegurando un sonido claro.<\/p>\n<\/div>\n<div class=\"list-row\">\n<h4 class=\"feature-title body-copy v-fw-medium\">Tr\u00edpode de sobremesa con soporte universal<\/h4>\n<p class=\"body-copy\">Funciona muy bien en la mayor\u00eda de las c\u00e1maras DSLR, sin espejo y de acci\u00f3n.<\/p>\n<\/div>\n","protected":false},"excerpt":{"rendered":"<p>Mejore su configuraci\u00f3n de creaci\u00f3n de contenido y video con este kit de Digipower Follow Me Vlogging.\u00a0La empu\u00f1adura de goma del tel\u00e9fono inteligente sujeta de forma segura su tel\u00e9fono y<\/p>\n","protected":false},"featured_media":22473,"comment_status":"open","ping_status":"closed","template":"","meta":{"_acf_changed":false,"_joinchat":[]},"product_brand":[],"product_cat":[275,414,416],"product_tag":[],"class_list":{"0":"post-22472","1":"product","2":"type-product","3":"status-publish","4":"has-post-thumbnail","6":"product_cat-accesorios-para-celular","7":"product_cat-soportes-y-bases","8":"product_cat-todos-los-accesorios-para-celulares","10":"first","11":"instock","12":"sale","13":"shipping-taxable","14":"purchasable","15":"product-type-simple"},"acf":[],"_links":{"self":[{"href":"https:\/\/defabrica.com.mx\/defabrica\/wp-json\/wp\/v2\/product\/22472","targetHints":{"allow":["GET"]}}],"collection":[{"href":"https:\/\/defabrica.com.mx\/defabrica\/wp-json\/wp\/v2\/product"}],"about":[{"href":"https:\/\/defabrica.com.mx\/defabrica\/wp-json\/wp\/v2\/types\/product"}],"replies":[{"embeddable":true,"href":"https:\/\/defabrica.com.mx\/defabrica\/wp-json\/wp\/v2\/comments?post=22472"}],"wp:featuredmedia":[{"embeddable":true,"href":"https:\/\/defabrica.com.mx\/defabrica\/wp-json\/wp\/v2\/media\/22473"}],"wp:attachment":[{"href":"https:\/\/defabrica.com.mx\/defabrica\/wp-json\/wp\/v2\/media?parent=22472"}],"wp:term":[{"taxonomy":"product_brand","embeddable":true,"href":"https:\/\/defabrica.com.mx\/defabrica\/wp-json\/wp\/v2\/product_brand?post=22472"},{"taxonomy":"product_cat","embeddable":true,"href":"https:\/\/defabrica.com.mx\/defabrica\/wp-json\/wp\/v2\/product_cat?post=22472"},{"taxonomy":"product_tag","embeddable":true,"href":"https:\/\/defabrica.com.mx\/defabrica\/wp-json\/wp\/v2\/product_tag?post=22472"}],"curies":[{"name":"wp","href":"https:\/\/api.w.org\/{rel}","templated":true}]}}