{"id":22400,"date":"2020-12-30T11:26:29","date_gmt":"2020-12-30T17:26:29","guid":{"rendered":"https:\/\/defabrica.com.mx\/defabrica\/?post_type=product&#038;p=22400"},"modified":"2022-12-01T16:14:41","modified_gmt":"2022-12-01T22:14:41","slug":"toshiba-smart-firetv-edition-led-4k-uhd-43-2","status":"publish","type":"product","link":"https:\/\/defabrica.com.mx\/defabrica\/producto\/toshiba-smart-firetv-edition-led-4k-uhd-43-2\/","title":{"rendered":"Toshiba &#8211; Smart FireTV Edition LED 4K UHD 43&#8243;"},"content":{"rendered":"<div class=\"embedded-component-container lv\">\n<div id=\"shop-product-description-5026a8e6-ffe4-42cf-8656-2f012f6fb878\" class=\"None\" data-version=\"1.3.0\">\n<div class=\"shop-product-description\">\n<section class=\"align-heading-left\" data-reactroot=\"\">\n<div class=\"long-description-container body-copy \">\n<div class=\"html-fragment\">\n<div>\n<div>\n<div>\n<div>\n<div>Disfrute del tiempo en familia con este televisor LED Toshiba 4K UHD.\u00a0La tecnolog\u00eda Fire TV incorporada le permite transmitir desde varios servicios, mientras que la calidad de imagen 4K Ultra HD realista brinda una claridad sorprendente y colores vivos.\u00a0Este televisor LED Toshiba 4K UHD cuenta con un control remoto por voz con tecnolog\u00eda Alexa para un f\u00e1cil control por voz.<\/div>\n<div><\/div>\n<\/div>\n<div><\/div>\n<\/div>\n<div><\/div>\n<\/div>\n<div><\/div>\n<\/div>\n<div><\/div>\n<\/div>\n<\/div>\n<\/section>\n<\/div>\n<\/div>\n<\/div>\n<div>\n<div>\n<div class=\"embedded-component-container lv\">\n<h3><strong>Caracter\u00edsticas<\/strong><\/h3>\n<ul>\n<li><strong>Control remoto por voz con Alexa<\/strong><br \/>\nUse su voz para ver televisi\u00f3n en vivo, iniciar aplicaciones, buscar t\u00edtulos, reproducir m\u00fasica, cambiar entradas, controlar dispositivos dom\u00e9sticos inteligentes y m\u00e1s.<\/li>\n<li><strong>Entretenimiento sin fin<\/strong><br \/>\nVea m\u00e1s de 500,000 pel\u00edculas y episodios de TV en streaming con acceso a decenas de miles de canales, aplicaciones y habilidades de Alexa.<\/li>\n<li><strong>Accede a tu contenido favorito<\/strong><br \/>\nFire TV Edition integra a la perfecci\u00f3n canales de transmisi\u00f3n y televisi\u00f3n por aire en vivo en una pantalla de inicio unificada.<\/li>\n<li><strong>4K Ultra HD (resoluci\u00f3n de 2160p)<\/strong><br \/>\nDisfruta de impresionantes pel\u00edculas y programas de TV en 4K a 4 veces la resoluci\u00f3n de Full HD y mejora tu contenido actual a una calidad de imagen de nivel Ultra HD.<\/li>\n<li><strong>Vea contenido de alto rango din\u00e1mico (HDR) en su televisor<\/strong><br \/>\nCon un televisor 4K compatible con HDR, puede disfrutar de pel\u00edculas y programas de TV HDR, adem\u00e1s de todo su contenido actual.<\/li>\n<li><strong>Smart TV con acceso a servicios de transmisi\u00f3n para innumerables opciones de entretenimiento<\/strong><br \/>\nTransmita programas, pel\u00edculas, juegos y m\u00e1s con las aplicaciones integradas del televisor.<\/li>\n<li><strong>Los servicios y el contenido<\/strong> basados \u200b\u200ben la web requieren un servicio de Internet de alta velocidad. Algunos servicios pueden requerir una suscripci\u00f3n.<\/li>\n<\/ul>\n<\/div>\n<p>&nbsp;<\/p>\n<h3>Qu\u00e9 est\u00e1 incluido<\/h3>\n<ul>\n<li>Toshiba 43LF621U21<\/li>\n<li>Control remoto<\/li>\n<li>Estar<\/li>\n<\/ul>\n<\/div>\n<\/div>\n","protected":false},"excerpt":{"rendered":"<p>Disfrute del tiempo en familia con este televisor LED Toshiba 4K UHD.\u00a0La tecnolog\u00eda Fire TV incorporada le permite transmitir desde varios servicios, mientras que la calidad de imagen 4K Ultra<\/p>\n","protected":false},"featured_media":22408,"comment_status":"open","ping_status":"closed","template":"","meta":{"_acf_changed":false,"_joinchat":[]},"product_brand":[],"product_cat":[1522,336,937],"product_tag":[],"class_list":{"0":"post-22400","1":"product","2":"type-product","3":"status-publish","4":"has-post-thumbnail","6":"product_cat-ofertas-hogar","7":"product_cat-hogar","8":"product_cat-pantallas","10":"first","11":"instock","12":"sale","13":"shipping-taxable","14":"purchasable","15":"product-type-simple"},"acf":[],"_links":{"self":[{"href":"https:\/\/defabrica.com.mx\/defabrica\/wp-json\/wp\/v2\/product\/22400","targetHints":{"allow":["GET"]}}],"collection":[{"href":"https:\/\/defabrica.com.mx\/defabrica\/wp-json\/wp\/v2\/product"}],"about":[{"href":"https:\/\/defabrica.com.mx\/defabrica\/wp-json\/wp\/v2\/types\/product"}],"replies":[{"embeddable":true,"href":"https:\/\/defabrica.com.mx\/defabrica\/wp-json\/wp\/v2\/comments?post=22400"}],"wp:featuredmedia":[{"embeddable":true,"href":"https:\/\/defabrica.com.mx\/defabrica\/wp-json\/wp\/v2\/media\/22408"}],"wp:attachment":[{"href":"https:\/\/defabrica.com.mx\/defabrica\/wp-json\/wp\/v2\/media?parent=22400"}],"wp:term":[{"taxonomy":"product_brand","embeddable":true,"href":"https:\/\/defabrica.com.mx\/defabrica\/wp-json\/wp\/v2\/product_brand?post=22400"},{"taxonomy":"product_cat","embeddable":true,"href":"https:\/\/defabrica.com.mx\/defabrica\/wp-json\/wp\/v2\/product_cat?post=22400"},{"taxonomy":"product_tag","embeddable":true,"href":"https:\/\/defabrica.com.mx\/defabrica\/wp-json\/wp\/v2\/product_tag?post=22400"}],"curies":[{"name":"wp","href":"https:\/\/api.w.org\/{rel}","templated":true}]}}