{"id":22332,"date":"2020-12-29T23:21:01","date_gmt":"2020-12-30T05:21:01","guid":{"rendered":"https:\/\/defabrica.com.mx\/defabrica\/?post_type=product&#038;p=22332"},"modified":"2023-01-24T13:15:18","modified_gmt":"2023-01-24T19:15:18","slug":"laptop-asus-vivobook-15-thin-light-de-15-6-8gb-ddr4-ram","status":"publish","type":"product","link":"https:\/\/defabrica.com.mx\/defabrica\/producto\/laptop-asus-vivobook-15-thin-light-de-15-6-8gb-ddr4-ram\/","title":{"rendered":"Laptop Asus Vivobook 15 Thin &#038; Light De 15.6&#8242; Pulgadas 8gb Ddr4 Ram"},"content":{"rendered":"<p>Ya sea en el trabajo o jugando, ASUS VivoBook 15 es la computadora port\u00e1til compacta que lo sumerge en cualquier cosa que se proponga hacer.\u00a0Su nueva pantalla NanoEdge de cuatro lados sin marco cuenta con un bisel ultradelgado de 5.7 mm, lo que brinda una incre\u00edble relaci\u00f3n pantalla-cuerpo del 88% para im\u00e1genes sumamente envolventes.\u00a0El dise\u00f1o de bisagra ErgoLift tambi\u00e9n inclina el teclado hacia arriba para una escritura m\u00e1s c\u00f3moda.\u00a0VivoBook 15 funciona con un procesador AMD R3 con gr\u00e1ficos discretos AMD Radeon para ayudarlo a hacer las cosas con la menor cantidad de problemas.<\/p>\n<ul>\n<li>Pantalla FHD de 15,6 \u00ab<\/li>\n<li>Procesador AMD Ryzen 3-3250<\/li>\n<li>4 GB de RAM<\/li>\n<li>SSD de 128 GB<\/li>\n<li>Windows 10 en el modelo S<\/li>\n<li>Teclado iluminado<\/li>\n<li>Lector de huellas dactilares<\/li>\n<li>HDMI<\/li>\n<li>USB<\/li>\n<li>Bluetooth<\/li>\n<li>Wifi<\/li>\n<\/ul>\n","protected":false},"excerpt":{"rendered":"<p>Ya sea en el trabajo o jugando, ASUS VivoBook 15 es la computadora port\u00e1til compacta que lo sumerge en cualquier cosa que se proponga hacer.\u00a0Su nueva pantalla NanoEdge de cuatro<\/p>\n","protected":false},"featured_media":65660,"comment_status":"open","ping_status":"closed","template":"","meta":{"_acf_changed":false,"_joinchat":[]},"product_brand":[],"product_cat":[240,241],"product_tag":[],"class_list":{"0":"post-22332","1":"product","2":"type-product","3":"status-publish","4":"has-post-thumbnail","6":"product_cat-computadoras","7":"product_cat-laptops","9":"first","10":"instock","11":"sale","12":"shipping-taxable","13":"purchasable","14":"product-type-simple"},"acf":[],"_links":{"self":[{"href":"https:\/\/defabrica.com.mx\/defabrica\/wp-json\/wp\/v2\/product\/22332","targetHints":{"allow":["GET"]}}],"collection":[{"href":"https:\/\/defabrica.com.mx\/defabrica\/wp-json\/wp\/v2\/product"}],"about":[{"href":"https:\/\/defabrica.com.mx\/defabrica\/wp-json\/wp\/v2\/types\/product"}],"replies":[{"embeddable":true,"href":"https:\/\/defabrica.com.mx\/defabrica\/wp-json\/wp\/v2\/comments?post=22332"}],"wp:featuredmedia":[{"embeddable":true,"href":"https:\/\/defabrica.com.mx\/defabrica\/wp-json\/wp\/v2\/media\/65660"}],"wp:attachment":[{"href":"https:\/\/defabrica.com.mx\/defabrica\/wp-json\/wp\/v2\/media?parent=22332"}],"wp:term":[{"taxonomy":"product_brand","embeddable":true,"href":"https:\/\/defabrica.com.mx\/defabrica\/wp-json\/wp\/v2\/product_brand?post=22332"},{"taxonomy":"product_cat","embeddable":true,"href":"https:\/\/defabrica.com.mx\/defabrica\/wp-json\/wp\/v2\/product_cat?post=22332"},{"taxonomy":"product_tag","embeddable":true,"href":"https:\/\/defabrica.com.mx\/defabrica\/wp-json\/wp\/v2\/product_tag?post=22332"}],"curies":[{"name":"wp","href":"https:\/\/api.w.org\/{rel}","templated":true}]}}