{"id":22059,"date":"2020-12-25T21:37:40","date_gmt":"2020-12-26T03:37:40","guid":{"rendered":"https:\/\/defabrica.com.mx\/defabrica\/?post_type=product&#038;p=22059"},"modified":"2022-12-02T13:48:37","modified_gmt":"2022-12-02T19:48:37","slug":"licuadora-nutri-ninja-pro-single-serve-negra","status":"publish","type":"product","link":"https:\/\/defabrica.com.mx\/defabrica\/producto\/licuadora-nutri-ninja-pro-single-serve-negra\/","title":{"rendered":"Licuadora Nutri Ninja Pro Single Serve &#8211; Negra"},"content":{"rendered":"<div class=\"list-row\">\n<p class=\"body-copy\">Capacidad m\u00e1xima: 24 fl oz<\/p>\n<\/div>\n<div class=\"list-row\">\n<p class=\"body-copy\">N\u00famero de ajustes de velocidad: 1<\/p>\n<\/div>\n<div class=\"list-row\">\n<p class=\"body-copy\">Caracter\u00edsticas: Sin BPA, Componente apto para lavavajillas, Trituraci\u00f3n de hielo<\/p>\n<\/div>\n<div class=\"list-row\">\n<p class=\"body-copy\">Consumo de energ\u00eda: 900 W<\/p>\n<\/div>\n<div class=\"list-row\">\n<p class=\"body-copy\">Color: negro, plateado<\/p>\n<\/div>\n<div class=\"list-row\">\n<p class=\"body-copy\">Peso (aproximado): 8.82 lb<\/p>\n<\/div>\n<div class=\"list-row\">\n<p class=\"body-copy\">Altura: 8 \u00ab<\/p>\n<\/div>\n<div class=\"list-row\">\n<p class=\"body-copy\">Ancho: 5.5 \u00ab<\/p>\n<\/div>\n<div class=\"list-row\">\n<p class=\"body-copy\">Profundidad: 5.5 \u00ab<\/p>\n<\/div>\n","protected":false},"excerpt":{"rendered":"<p>Capacidad m\u00e1xima: 24 fl oz N\u00famero de ajustes de velocidad: 1 Caracter\u00edsticas: Sin BPA, Componente apto para lavavajillas, Trituraci\u00f3n de hielo Consumo de energ\u00eda: 900 W Color: negro, plateado Peso<\/p>\n","protected":false},"featured_media":66589,"comment_status":"open","ping_status":"closed","template":"","meta":{"_acf_changed":false,"_joinchat":[]},"product_brand":[],"product_cat":[336,337,338,952],"product_tag":[],"class_list":{"0":"post-22059","1":"product","2":"type-product","3":"status-publish","4":"has-post-thumbnail","6":"product_cat-hogar","7":"product_cat-cocina","8":"product_cat-electrodomesticos","9":"product_cat-licuadoras-y-mezcladoras","11":"first","12":"instock","13":"sale","14":"shipping-taxable","15":"purchasable","16":"product-type-simple"},"acf":[],"_links":{"self":[{"href":"https:\/\/defabrica.com.mx\/defabrica\/wp-json\/wp\/v2\/product\/22059","targetHints":{"allow":["GET"]}}],"collection":[{"href":"https:\/\/defabrica.com.mx\/defabrica\/wp-json\/wp\/v2\/product"}],"about":[{"href":"https:\/\/defabrica.com.mx\/defabrica\/wp-json\/wp\/v2\/types\/product"}],"replies":[{"embeddable":true,"href":"https:\/\/defabrica.com.mx\/defabrica\/wp-json\/wp\/v2\/comments?post=22059"}],"wp:featuredmedia":[{"embeddable":true,"href":"https:\/\/defabrica.com.mx\/defabrica\/wp-json\/wp\/v2\/media\/66589"}],"wp:attachment":[{"href":"https:\/\/defabrica.com.mx\/defabrica\/wp-json\/wp\/v2\/media?parent=22059"}],"wp:term":[{"taxonomy":"product_brand","embeddable":true,"href":"https:\/\/defabrica.com.mx\/defabrica\/wp-json\/wp\/v2\/product_brand?post=22059"},{"taxonomy":"product_cat","embeddable":true,"href":"https:\/\/defabrica.com.mx\/defabrica\/wp-json\/wp\/v2\/product_cat?post=22059"},{"taxonomy":"product_tag","embeddable":true,"href":"https:\/\/defabrica.com.mx\/defabrica\/wp-json\/wp\/v2\/product_tag?post=22059"}],"curies":[{"name":"wp","href":"https:\/\/api.w.org\/{rel}","templated":true}]}}