{"id":22053,"date":"2020-12-25T21:23:58","date_gmt":"2020-12-26T03:23:58","guid":{"rendered":"https:\/\/defabrica.com.mx\/defabrica\/?post_type=product&#038;p=22053"},"modified":"2023-01-13T15:25:22","modified_gmt":"2023-01-13T21:25:22","slug":"ninja-mega-sistema-de-cocina-de-72-onzas-licuadora-negra","status":"publish","type":"product","link":"https:\/\/defabrica.com.mx\/defabrica\/producto\/ninja-mega-sistema-de-cocina-de-72-onzas-licuadora-negra\/","title":{"rendered":"Ninja &#8211; Mega sistema de cocina de 72 onzas. Licuadora &#8211; Negra"},"content":{"rendered":"<p>Licuadora Ninja Mega Kitchen System BL770: Mezcle, lic\u00fae, exprima y procese todas sus comidas favoritas con el incre\u00edblemente potente Ninja Mega Kitchen System.\u00a0Prepare batidos r\u00e1pidamente para usted o para toda la familia, mezcle el pan y la masa de postre en cuesti\u00f3n de segundos y reduzca el tiempo de preparaci\u00f3n de alimentos a la mitad con el rendimiento de picado uniforme del accesorio del procesador de alimentos.<\/p>\n<div class=\"list-row\">\n<h4 class=\"feature-title body-copy v-fw-medium\">72 oz de alto volumen\u00a0capacidad de la licuadora<\/h4>\n<p class=\"body-copy\">Tambi\u00e9n incluye un paquete de 64 oz.\u00a0taz\u00f3n redondo que funciona como procesador de alimentos y dos de 16 oz.\u00a0Vasos para licuadora de una porci\u00f3n con cuchillas integradas para batidos, batidos y m\u00e1s para llevar.<\/p>\n<\/div>\n<div class=\"list-row\">\n<h4 class=\"feature-title body-copy v-fw-medium\">Jarra de pl\u00e1stico resistente<\/h4>\n<p class=\"body-copy\">Combina los beneficios de la durabilidad resistente a los ara\u00f1azos con el pl\u00e1stico liviano, lo que facilita levantarlo, verterlo y disfrutarlo.<\/p>\n<\/div>\n<div class=\"list-row\">\n<h4 class=\"feature-title body-copy v-fw-medium\">3 configuraciones para diferentes tipos de alimentos<\/h4>\n<p class=\"body-copy\">Elija entre la configuraci\u00f3n de taza alta, baja e individual para recetas personalizadas.\u00a0Tambi\u00e9n incluye una funci\u00f3n de pulso.<\/p>\n<\/div>\n<div class=\"list-row\">\n<h4 class=\"feature-title body-copy v-fw-medium\">1500 vatios de potencia pulverizadora<\/h4>\n<p class=\"body-copy\">Con la mezcla de calidad profesional, puede convertir f\u00e1cilmente frutas congeladas en batidos en cuesti\u00f3n de segundos.\u00a0Tritura hasta los alimentos m\u00e1s duros con facilidad.<\/p>\n<\/div>\n","protected":false},"excerpt":{"rendered":"<p>Licuadora Ninja Mega Kitchen System BL770: Mezcle, lic\u00fae, exprima y procese todas sus comidas favoritas con el incre\u00edblemente potente Ninja Mega Kitchen System.\u00a0Prepare batidos r\u00e1pidamente para usted o para toda<\/p>\n","protected":false},"featured_media":22054,"comment_status":"open","ping_status":"closed","template":"","meta":{"_acf_changed":false,"_joinchat":[]},"product_brand":[],"product_cat":[1474,336,337,338,952],"product_tag":[],"class_list":{"0":"post-22053","1":"product","2":"type-product","3":"status-publish","4":"has-post-thumbnail","6":"product_cat-ofertas-primavera-electrodomesticos","7":"product_cat-hogar","8":"product_cat-cocina","9":"product_cat-electrodomesticos","10":"product_cat-licuadoras-y-mezcladoras","12":"first","13":"instock","14":"sale","15":"shipping-taxable","16":"purchasable","17":"product-type-simple"},"acf":[],"_links":{"self":[{"href":"https:\/\/defabrica.com.mx\/defabrica\/wp-json\/wp\/v2\/product\/22053","targetHints":{"allow":["GET"]}}],"collection":[{"href":"https:\/\/defabrica.com.mx\/defabrica\/wp-json\/wp\/v2\/product"}],"about":[{"href":"https:\/\/defabrica.com.mx\/defabrica\/wp-json\/wp\/v2\/types\/product"}],"replies":[{"embeddable":true,"href":"https:\/\/defabrica.com.mx\/defabrica\/wp-json\/wp\/v2\/comments?post=22053"}],"wp:featuredmedia":[{"embeddable":true,"href":"https:\/\/defabrica.com.mx\/defabrica\/wp-json\/wp\/v2\/media\/22054"}],"wp:attachment":[{"href":"https:\/\/defabrica.com.mx\/defabrica\/wp-json\/wp\/v2\/media?parent=22053"}],"wp:term":[{"taxonomy":"product_brand","embeddable":true,"href":"https:\/\/defabrica.com.mx\/defabrica\/wp-json\/wp\/v2\/product_brand?post=22053"},{"taxonomy":"product_cat","embeddable":true,"href":"https:\/\/defabrica.com.mx\/defabrica\/wp-json\/wp\/v2\/product_cat?post=22053"},{"taxonomy":"product_tag","embeddable":true,"href":"https:\/\/defabrica.com.mx\/defabrica\/wp-json\/wp\/v2\/product_tag?post=22053"}],"curies":[{"name":"wp","href":"https:\/\/api.w.org\/{rel}","templated":true}]}}