{"id":22033,"date":"2020-12-25T19:57:32","date_gmt":"2020-12-26T01:57:32","guid":{"rendered":"https:\/\/defabrica.com.mx\/defabrica\/?post_type=product&#038;p=22033"},"modified":"2023-01-13T15:24:12","modified_gmt":"2023-01-13T21:24:12","slug":"microondas-extendavent-2-0-de-cocina-con-sensor-de-coccion-acero-inoxidable-negro","status":"publish","type":"product","link":"https:\/\/defabrica.com.mx\/defabrica\/producto\/microondas-extendavent-2-0-de-cocina-con-sensor-de-coccion-acero-inoxidable-negro\/","title":{"rendered":"Microondas ExtendaVent 2.0 de cocina con sensor de cocci\u00f3n &#8211; Acero inoxidable negro"},"content":{"rendered":"<div class=\"list-row\">\n<h4 class=\"feature-title body-copy v-fw-medium\">Interior EasyClean \u2122<\/h4>\n<p class=\"body-copy\">Derrames?\u00a0\u00bfSalpicaduras?\u00a0No te preocupes.\u00a0El interior EasyClean \u2122 de LG resiste las manchas y la acumulaci\u00f3n, por lo que limpiar su microondas no tiene por qu\u00e9 ser una tarea ardua.\u00a0Simplemente limpie con un pa\u00f1o h\u00famedo, sin productos qu\u00edmicos, sin restregar, sin problemas.<\/p>\n<\/div>\n<div class=\"list-row\">\n<h4 class=\"feature-title body-copy v-fw-medium\">ExtendaVent \u2122 2.0<\/h4>\n<p class=\"body-copy\">Limpie el aire con ventilaci\u00f3n mejorada que cubre pr\u00e1cticamente toda la estufa.<\/p>\n<\/div>\n<div class=\"list-row\">\n<h4 class=\"feature-title body-copy v-fw-medium\">Mayor capacidad *<\/h4>\n<p class=\"body-copy\">Con mayor capacidad en 2.2.\u00a0pies c\u00fabicos, siempre hay suficiente espacio para calentar art\u00edculos grandes.<\/p>\n<\/div>\n<div class=\"list-row\">\n<h4 class=\"feature-title body-copy v-fw-medium\">Dise\u00f1o elegante<\/h4>\n<p class=\"body-copy\">Con los controles de vidrio SmoothTouch \u2122 ubicados en la parte inferior de la puerta de vidrio, este microondas ofrece estilo y facilidad de uso.<\/p>\n<\/div>\n<div class=\"list-row\">\n<h4 class=\"feature-title body-copy v-fw-medium\">Sistema de ventilaci\u00f3n QuietPower \u2122<\/h4>\n<p class=\"body-copy\">Con un horno microondas para colocar sobre la cocina, la clave es una ventilaci\u00f3n fuerte.\u00a0Es por eso que LG ha creado la ventilaci\u00f3n QuietPower \u2122, que hace su trabajo en silencio, sin interrumpir su vida.<\/p>\n<\/div>\n","protected":false},"excerpt":{"rendered":"<p>Interior EasyClean \u2122 Derrames?\u00a0\u00bfSalpicaduras?\u00a0No te preocupes.\u00a0El interior EasyClean \u2122 de LG resiste las manchas y la acumulaci\u00f3n, por lo que limpiar su microondas no tiene por qu\u00e9 ser una tarea<\/p>\n","protected":false},"featured_media":22034,"comment_status":"open","ping_status":"closed","template":"","meta":{"_acf_changed":false,"_joinchat":[]},"product_brand":[],"product_cat":[336,337,338,951],"product_tag":[],"class_list":{"0":"post-22033","1":"product","2":"type-product","3":"status-publish","4":"has-post-thumbnail","6":"product_cat-hogar","7":"product_cat-cocina","8":"product_cat-electrodomesticos","9":"product_cat-microondas","11":"first","12":"instock","13":"sale","14":"shipping-taxable","15":"purchasable","16":"product-type-simple"},"acf":[],"_links":{"self":[{"href":"https:\/\/defabrica.com.mx\/defabrica\/wp-json\/wp\/v2\/product\/22033","targetHints":{"allow":["GET"]}}],"collection":[{"href":"https:\/\/defabrica.com.mx\/defabrica\/wp-json\/wp\/v2\/product"}],"about":[{"href":"https:\/\/defabrica.com.mx\/defabrica\/wp-json\/wp\/v2\/types\/product"}],"replies":[{"embeddable":true,"href":"https:\/\/defabrica.com.mx\/defabrica\/wp-json\/wp\/v2\/comments?post=22033"}],"wp:featuredmedia":[{"embeddable":true,"href":"https:\/\/defabrica.com.mx\/defabrica\/wp-json\/wp\/v2\/media\/22034"}],"wp:attachment":[{"href":"https:\/\/defabrica.com.mx\/defabrica\/wp-json\/wp\/v2\/media?parent=22033"}],"wp:term":[{"taxonomy":"product_brand","embeddable":true,"href":"https:\/\/defabrica.com.mx\/defabrica\/wp-json\/wp\/v2\/product_brand?post=22033"},{"taxonomy":"product_cat","embeddable":true,"href":"https:\/\/defabrica.com.mx\/defabrica\/wp-json\/wp\/v2\/product_cat?post=22033"},{"taxonomy":"product_tag","embeddable":true,"href":"https:\/\/defabrica.com.mx\/defabrica\/wp-json\/wp\/v2\/product_tag?post=22033"}],"curies":[{"name":"wp","href":"https:\/\/api.w.org\/{rel}","templated":true}]}}