{"id":21845,"date":"2020-12-22T18:11:30","date_gmt":"2020-12-23T00:11:30","guid":{"rendered":"https:\/\/defabrica.com.mx\/defabrica\/?post_type=product&#038;p=21845"},"modified":"2022-12-01T16:12:28","modified_gmt":"2022-12-01T22:12:28","slug":"tcl-televisor-android-4k-uhd-led-55-pulgadas","status":"publish","type":"product","link":"https:\/\/defabrica.com.mx\/defabrica\/producto\/tcl-televisor-android-4k-uhd-led-55-pulgadas\/","title":{"rendered":"TCL &#8211; TV Android 4K UHD LED 55 pulgadas"},"content":{"rendered":"<p>El televisor Android 4K TCL de la serie 4 ofrece una impresionante calidad de imagen Ultra HD con cuatro veces la resoluci\u00f3n de Full HD para una mayor claridad y detalle, as\u00ed como entretenimiento sin fin con miles de aplicaciones de transmisi\u00f3n.\u00a0Vea sus favoritos de entretenimiento en un solo lugar, con acceso continuo a m\u00e1s de 700,000 pel\u00edculas y episodios de TV, su decodificador de cable, consola de juegos y otros dispositivos, todo desde una pantalla de inicio r\u00e1pida y sencilla.\u00a0Disfrute del entretenimiento, obtenga respuestas y controle los dispositivos de su hogar con el Asistente de Google integrado.\u00a0Adem\u00e1s, con Chromecast integrado, puede transmitir f\u00e1cilmente pel\u00edculas, programas y fotos desde su dispositivo Android o iOS a su TCL Android TV.\u00a0Conecte todos sus dispositivos favoritos con las m\u00faltiples entradas HDMI.\u00a0Los cortadores de cable pueden acceder gratis<\/p>\n<h3><strong>Caracter\u00edsticas<\/strong><\/h3>\n<ul>\n<li><strong>Impresionante 4K UHD con alto rango din\u00e1mico<\/strong><br \/>\nLa impresionante resoluci\u00f3n 4K UHD con HDR ofrece mayor claridad y detalles para todo su contenido favorito.<\/li>\n<li><strong>Asistente de Google<\/strong><br \/>\nDisfrute del entretenimiento, obtenga respuestas y controle los dispositivos de su hogar con su voz.<\/li>\n<li><strong>Pantalla de inicio sencilla y r\u00e1pida<\/strong><br \/>\nAcceso r\u00e1pido a sus aplicaciones favoritas y m\u00e1s de 700.000 pel\u00edculas y programas en tiempo real.<\/li>\n<li><strong>Chromecast integrado<\/strong><br \/>\nAmpl\u00ede para transmitir m\u00fasica, videos, fotos y otro contenido a la pantalla grande.<\/li>\n<li><strong>Pantalla de inicio personalizable<\/strong><br \/>\nAdapte su pantalla de inicio a su gusto y encuentre f\u00e1cilmente lo que est\u00e1 buscando.<\/li>\n<li><strong>Control remoto por voz<\/strong><br \/>\nEl control remoto f\u00e1cil de usar tambi\u00e9n cuenta con b\u00fasqueda y control por voz, lo que le permite encontrar t\u00edtulos de pel\u00edculas, iniciar o cambiar aplicaciones y m\u00e1s. Simplemente presione el bot\u00f3n en el control remoto por voz y diga un comando.<\/li>\n<li><strong>Tecnolog\u00eda Dolby Digital + Audio<\/strong><br \/>\nDisfrute de un sonido completo y rico con la tecnolog\u00eda de audio Dolby Digital +, que crea una experiencia de sonido envolvente de audio cinematogr\u00e1fico envolvente.<\/li>\n<li><strong>3 entradas HDMI<\/strong><br \/>\nConecte todos sus dispositivos favoritos a trav\u00e9s de las tres entradas HDMI (1 ARC) y vea todo su contenido favorito.<\/li>\n<li><strong>Puerto Ethernet y WiFi de doble banda 802.11ac<\/strong><br \/>\nObtenga acceso r\u00e1pido y f\u00e1cil a su contenido favorito con la conexi\u00f3n WiFi de doble banda o con\u00e9ctelo al puerto Ethernet.<\/li>\n<li><strong>Conectividad inal\u00e1mbrica Bluetooth\u00ae<\/strong><br \/>\nAmpl\u00ede sus opciones de entretenimiento transmitiendo m\u00fasica de forma inal\u00e1mbrica a su tel\u00e9fono, auriculares o una barra de sonido con Bluetooth.<\/li>\n<li><strong>Dise\u00f1o premium<\/strong><br \/>\nUn acabado en negro y un pedestal cu\u00e1druple dan estilo y sofisticaci\u00f3n a su sistema de cine en casa<\/li>\n<\/ul>\n<p>&nbsp;<\/p>\n<h3>Qu\u00e9 est\u00e1 incluido<\/h3>\n<div class=\"list-container list-lv\">\n<ul class=\" bold\">\n<li class=\"bold v-fw-medium body-copy\">Informaci\u00f3n de garant\u00eda<\/li>\n<li class=\"bold v-fw-medium body-copy\">Gu\u00eda de inicio r\u00e1pido<\/li>\n<li class=\"bold v-fw-medium body-copy\">Cable de alimentaci\u00f3n<\/li>\n<li class=\"bold v-fw-medium body-copy\">Control remoto<\/li>\n<li class=\"bold v-fw-medium body-copy\">Bater\u00edas de control remoto<\/li>\n<\/ul>\n<\/div>\n","protected":false},"excerpt":{"rendered":"<p>El televisor Android 4K TCL de la serie 4 ofrece una impresionante calidad de imagen Ultra HD con cuatro veces la resoluci\u00f3n de Full HD para una mayor claridad y<\/p>\n","protected":false},"featured_media":21849,"comment_status":"open","ping_status":"closed","template":"","meta":{"_acf_changed":false,"_joinchat":[]},"product_brand":[],"product_cat":[336,937],"product_tag":[],"class_list":{"0":"post-21845","1":"product","2":"type-product","3":"status-publish","4":"has-post-thumbnail","6":"product_cat-hogar","7":"product_cat-pantallas","9":"first","10":"instock","11":"sale","12":"shipping-taxable","13":"purchasable","14":"product-type-simple"},"acf":[],"_links":{"self":[{"href":"https:\/\/defabrica.com.mx\/defabrica\/wp-json\/wp\/v2\/product\/21845","targetHints":{"allow":["GET"]}}],"collection":[{"href":"https:\/\/defabrica.com.mx\/defabrica\/wp-json\/wp\/v2\/product"}],"about":[{"href":"https:\/\/defabrica.com.mx\/defabrica\/wp-json\/wp\/v2\/types\/product"}],"replies":[{"embeddable":true,"href":"https:\/\/defabrica.com.mx\/defabrica\/wp-json\/wp\/v2\/comments?post=21845"}],"wp:featuredmedia":[{"embeddable":true,"href":"https:\/\/defabrica.com.mx\/defabrica\/wp-json\/wp\/v2\/media\/21849"}],"wp:attachment":[{"href":"https:\/\/defabrica.com.mx\/defabrica\/wp-json\/wp\/v2\/media?parent=21845"}],"wp:term":[{"taxonomy":"product_brand","embeddable":true,"href":"https:\/\/defabrica.com.mx\/defabrica\/wp-json\/wp\/v2\/product_brand?post=21845"},{"taxonomy":"product_cat","embeddable":true,"href":"https:\/\/defabrica.com.mx\/defabrica\/wp-json\/wp\/v2\/product_cat?post=21845"},{"taxonomy":"product_tag","embeddable":true,"href":"https:\/\/defabrica.com.mx\/defabrica\/wp-json\/wp\/v2\/product_tag?post=21845"}],"curies":[{"name":"wp","href":"https:\/\/api.w.org\/{rel}","templated":true}]}}