{"id":21757,"date":"2020-12-21T22:57:55","date_gmt":"2020-12-22T04:57:55","guid":{"rendered":"https:\/\/defabrica.com.mx\/defabrica\/?post_type=product&#038;p=21757"},"modified":"2025-10-10T11:34:54","modified_gmt":"2025-10-10T17:34:54","slug":"horno-tostador-con-freidora-digital","status":"publish","type":"product","link":"https:\/\/defabrica.com.mx\/defabrica\/producto\/horno-tostador-con-freidora-digital\/","title":{"rendered":"Gourmia &#8211; Air Fryer Digital + Horno Tostador &#8211; Dise\u00f1o Black Onix"},"content":{"rendered":"<ul>\n<li>La tecnolog\u00eda Fry Force 360 \u200b\u200b\u00b0 cocina los alimentos de forma r\u00e1pida y uniforme con poco o ning\u00fan aceite<\/li>\n<li>La comida se vuelve crujiente por fuera y permanece h\u00fameda por dentro mientras usa un 80% menos de grasa<\/li>\n<li>17 funciones de cocci\u00f3n de un toque para cocinar todo, con solo un toque<\/li>\n<li>Funci\u00f3n deshidratante para preparar bocadillos secos saludables<\/li>\n<li>Controles t\u00e1ctiles f\u00e1ciles de configurar para ajustar la configuraci\u00f3n de tiempo, temperatura y tostadas<\/li>\n<li>Se adapta a una tarta de pizza de 30 cm o 6 rebanadas de pan<\/li>\n<li>Dise\u00f1o elegante con ventana de visualizaci\u00f3n grande y puertas francesas<\/li>\n<li>Apto para lavavajillas: rejilla del horno, bandeja para hornear, cesta para fre\u00edr y bandeja para migas<\/li>\n<li>Incluye manual de usuario y libro de recetas.<\/li>\n<\/ul>\n<p>&nbsp;<\/p>\n","protected":false},"excerpt":{"rendered":"<p>La tecnolog\u00eda Fry Force 360 \u200b\u200b\u00b0 cocina los alimentos de forma r\u00e1pida y uniforme con poco o ning\u00fan aceite La comida se vuelve crujiente por fuera y permanece h\u00fameda por<\/p>\n","protected":false},"featured_media":21758,"comment_status":"open","ping_status":"closed","template":"","meta":{"_acf_changed":false,"_joinchat":[]},"product_brand":[],"product_cat":[336,337,338,950],"product_tag":[],"class_list":{"0":"post-21757","1":"product","2":"type-product","3":"status-publish","4":"has-post-thumbnail","6":"product_cat-hogar","7":"product_cat-cocina","8":"product_cat-electrodomesticos","9":"product_cat-freidoras","11":"first","12":"instock","13":"sale","14":"shipping-taxable","15":"purchasable","16":"product-type-simple"},"acf":[],"_links":{"self":[{"href":"https:\/\/defabrica.com.mx\/defabrica\/wp-json\/wp\/v2\/product\/21757","targetHints":{"allow":["GET"]}}],"collection":[{"href":"https:\/\/defabrica.com.mx\/defabrica\/wp-json\/wp\/v2\/product"}],"about":[{"href":"https:\/\/defabrica.com.mx\/defabrica\/wp-json\/wp\/v2\/types\/product"}],"replies":[{"embeddable":true,"href":"https:\/\/defabrica.com.mx\/defabrica\/wp-json\/wp\/v2\/comments?post=21757"}],"wp:featuredmedia":[{"embeddable":true,"href":"https:\/\/defabrica.com.mx\/defabrica\/wp-json\/wp\/v2\/media\/21758"}],"wp:attachment":[{"href":"https:\/\/defabrica.com.mx\/defabrica\/wp-json\/wp\/v2\/media?parent=21757"}],"wp:term":[{"taxonomy":"product_brand","embeddable":true,"href":"https:\/\/defabrica.com.mx\/defabrica\/wp-json\/wp\/v2\/product_brand?post=21757"},{"taxonomy":"product_cat","embeddable":true,"href":"https:\/\/defabrica.com.mx\/defabrica\/wp-json\/wp\/v2\/product_cat?post=21757"},{"taxonomy":"product_tag","embeddable":true,"href":"https:\/\/defabrica.com.mx\/defabrica\/wp-json\/wp\/v2\/product_tag?post=21757"}],"curies":[{"name":"wp","href":"https:\/\/api.w.org\/{rel}","templated":true}]}}