{"id":21565,"date":"2020-12-21T14:33:15","date_gmt":"2020-12-21T20:33:15","guid":{"rendered":"https:\/\/defabrica.com.mx\/defabrica\/?post_type=product&#038;p=21565"},"modified":"2023-01-13T15:28:22","modified_gmt":"2023-01-13T21:28:22","slug":"exprimidor-electrico-compacto","status":"publish","type":"product","link":"https:\/\/defabrica.com.mx\/defabrica\/producto\/exprimidor-electrico-compacto\/","title":{"rendered":"Exprimidor el\u00e9ctrico compacto"},"content":{"rendered":"<p>Exprimidor el\u00e9ctrico compacto Breville Juice Fountain BJE200XL: Un exprimidor con grandes beneficios en un paquete peque\u00f1o.\u00a0Con la misma alta velocidad de otros modelos pero en un tama\u00f1o significativamente m\u00e1s peque\u00f1o, este exprimidor es ideal para hogares y cocinas m\u00e1s peque\u00f1as.\u00a0Disfrute de los beneficios para la salud de los jugos de frutas y verduras frescas en minutos, sin sacrificar el espacio del mostrador.<\/p>\n<h3><strong>Caracter\u00edsticas<\/strong><\/h3>\n<ul>\n<li><strong>Una sola velocidad simplifica la extracci\u00f3n<\/strong><br \/>\nNo hay necesidad de preocuparse por varias configuraciones. Simplemente encienda el interruptor y agregue su elecci\u00f3n de frutas, verduras o una combinaci\u00f3n de ambos.<\/li>\n<li><strong>El tubo de alimentaci\u00f3n circular extra ancho de 3 \u00abahorra tiempo de preparaci\u00f3n<\/strong><br \/>\nEl tubo de alimentaci\u00f3n grande le permite procesar la mayor\u00eda de las frutas y verduras enteras, lo que le ahorra tiempo y limpieza; simplemente coloque un tomate o zanahoria enteros directamente en el alimento.<\/li>\n<li><strong>Las cuchillas duraderas y confiables muelen f\u00e1cilmente pieles y cortezas<\/strong><br \/>\nEl filtro de malla y el conjunto de cuchillas garantizan un rendimiento duradero, al tiempo que retienen los muchos micronutrientes en las c\u00e1scaras de frutas y verduras.<\/li>\n<li><strong>700 vatios para un funcionamiento fuerte y suave<\/strong><br \/>\nEl potente motor garantiza que pueda usar su exprimidor repetidamente sin preocuparse por el sobrecalentamiento.<\/li>\n<li><strong>La tecnolog\u00eda centr\u00edfuga significa exprimido r\u00e1pido<\/strong><br \/>\nAl empujar la pulpa hacia adentro y extraer el jugo hacia afuera, los exprimidores centr\u00edfugos se procesan r\u00e1pidamente y se adaptan incluso a los hogares m\u00e1s ocupados.<\/li>\n<li><strong>El almacenamiento interno de pulpa ahorra espacio<\/strong><br \/>\nUn recipiente de pulpa interior de 1.6 cuartos crea un exprimidor verdaderamente compacto, lo que le brinda m\u00e1s espacio en su encimera.<\/li>\n<li><strong>25 onzas jarra de jugo con separador de espuma reduce la espuma<\/strong><br \/>\nEl recipiente sin BPA recolecta su jugo con un m\u00ednimo de espuma y oxidaci\u00f3n, maximizando la nutrici\u00f3n y minimizando el deterioro.<\/li>\n<li><strong>El montaje sencillo ofrece comodidad<\/strong><br \/>\nCon solo tres piezas para ensamblar, puede tener su exprimidor listo en momentos, en lugar de minutos.<\/li>\n<li><strong>Apto para lavavajillas de estante superior para una limpieza r\u00e1pida<\/strong><br \/>\nEliminar la necesidad de lavarse las manos significa menos molestias y m\u00e1s uso. Simplemente coloque las piezas en la rejilla superior de su lavavajillas.<\/li>\n<\/ul>\n","protected":false},"excerpt":{"rendered":"<p>Exprimidor el\u00e9ctrico compacto Breville Juice Fountain BJE200XL: Un exprimidor con grandes beneficios en un paquete peque\u00f1o.\u00a0Con la misma alta velocidad de otros modelos pero en un tama\u00f1o significativamente m\u00e1s peque\u00f1o,<\/p>\n","protected":false},"featured_media":21569,"comment_status":"open","ping_status":"closed","template":"","meta":{"_acf_changed":false,"_joinchat":[]},"product_brand":[],"product_cat":[336,337,338,953],"product_tag":[],"class_list":{"0":"post-21565","1":"product","2":"type-product","3":"status-publish","4":"has-post-thumbnail","6":"product_cat-hogar","7":"product_cat-cocina","8":"product_cat-electrodomesticos","9":"product_cat-extractores","11":"first","12":"instock","13":"sale","14":"shipping-taxable","15":"purchasable","16":"product-type-simple"},"acf":[],"_links":{"self":[{"href":"https:\/\/defabrica.com.mx\/defabrica\/wp-json\/wp\/v2\/product\/21565","targetHints":{"allow":["GET"]}}],"collection":[{"href":"https:\/\/defabrica.com.mx\/defabrica\/wp-json\/wp\/v2\/product"}],"about":[{"href":"https:\/\/defabrica.com.mx\/defabrica\/wp-json\/wp\/v2\/types\/product"}],"replies":[{"embeddable":true,"href":"https:\/\/defabrica.com.mx\/defabrica\/wp-json\/wp\/v2\/comments?post=21565"}],"wp:featuredmedia":[{"embeddable":true,"href":"https:\/\/defabrica.com.mx\/defabrica\/wp-json\/wp\/v2\/media\/21569"}],"wp:attachment":[{"href":"https:\/\/defabrica.com.mx\/defabrica\/wp-json\/wp\/v2\/media?parent=21565"}],"wp:term":[{"taxonomy":"product_brand","embeddable":true,"href":"https:\/\/defabrica.com.mx\/defabrica\/wp-json\/wp\/v2\/product_brand?post=21565"},{"taxonomy":"product_cat","embeddable":true,"href":"https:\/\/defabrica.com.mx\/defabrica\/wp-json\/wp\/v2\/product_cat?post=21565"},{"taxonomy":"product_tag","embeddable":true,"href":"https:\/\/defabrica.com.mx\/defabrica\/wp-json\/wp\/v2\/product_tag?post=21565"}],"curies":[{"name":"wp","href":"https:\/\/api.w.org\/{rel}","templated":true}]}}