{"id":21521,"date":"2020-12-20T23:02:07","date_gmt":"2020-12-21T05:02:07","guid":{"rendered":"https:\/\/defabrica.com.mx\/defabrica\/?post_type=product&#038;p=21521"},"modified":"2025-10-10T11:34:54","modified_gmt":"2025-10-10T17:34:54","slug":"freidora-electrica","status":"publish","type":"product","link":"https:\/\/defabrica.com.mx\/defabrica\/producto\/freidora-electrica\/","title":{"rendered":"Freidora el\u00e9ctrica FryDaddy 05420 National Presto"},"content":{"rendered":"<ul class=\"a-unordered-list a-vertical a-spacing-mini\">\n<li><span class=\"a-list-item\">Alta resistencia Construcci\u00f3n de aluminio fundido<\/span><\/li>\n<li><span class=\"a-list-item\">Mantiene autom\u00e1ticamente la perfecto Temperatura de la sart\u00e9n<\/span><\/li>\n<li><span class=\"a-list-item\">cubeta countertop freidora el\u00e9ctrica en color negro<\/span><\/li>\n<li><span class=\"a-list-item\">Incluye pr\u00e1ctico ranurada cuchara para levantar, drenaje, y servir<\/span><\/li>\n<li><span class=\"a-list-item\">Dimensiones: 8.38l x 8,13\u00a0x 7.38h pulgadas<\/span><\/li>\n<\/ul>\n","protected":false},"excerpt":{"rendered":"<p>Alta resistencia Construcci\u00f3n de aluminio fundido Mantiene autom\u00e1ticamente la perfecto Temperatura de la sart\u00e9n cubeta countertop freidora el\u00e9ctrica en color negro Incluye pr\u00e1ctico ranurada cuchara para levantar, drenaje, y servir<\/p>\n","protected":false},"featured_media":21522,"comment_status":"open","ping_status":"closed","template":"","meta":{"_acf_changed":false,"_joinchat":[]},"product_brand":[],"product_cat":[336,337,338,950],"product_tag":[],"class_list":{"0":"post-21521","1":"product","2":"type-product","3":"status-publish","4":"has-post-thumbnail","6":"product_cat-hogar","7":"product_cat-cocina","8":"product_cat-electrodomesticos","9":"product_cat-freidoras","11":"first","12":"outofstock","13":"shipping-taxable","14":"purchasable","15":"product-type-simple"},"acf":[],"_links":{"self":[{"href":"https:\/\/defabrica.com.mx\/defabrica\/wp-json\/wp\/v2\/product\/21521","targetHints":{"allow":["GET"]}}],"collection":[{"href":"https:\/\/defabrica.com.mx\/defabrica\/wp-json\/wp\/v2\/product"}],"about":[{"href":"https:\/\/defabrica.com.mx\/defabrica\/wp-json\/wp\/v2\/types\/product"}],"replies":[{"embeddable":true,"href":"https:\/\/defabrica.com.mx\/defabrica\/wp-json\/wp\/v2\/comments?post=21521"}],"wp:featuredmedia":[{"embeddable":true,"href":"https:\/\/defabrica.com.mx\/defabrica\/wp-json\/wp\/v2\/media\/21522"}],"wp:attachment":[{"href":"https:\/\/defabrica.com.mx\/defabrica\/wp-json\/wp\/v2\/media?parent=21521"}],"wp:term":[{"taxonomy":"product_brand","embeddable":true,"href":"https:\/\/defabrica.com.mx\/defabrica\/wp-json\/wp\/v2\/product_brand?post=21521"},{"taxonomy":"product_cat","embeddable":true,"href":"https:\/\/defabrica.com.mx\/defabrica\/wp-json\/wp\/v2\/product_cat?post=21521"},{"taxonomy":"product_tag","embeddable":true,"href":"https:\/\/defabrica.com.mx\/defabrica\/wp-json\/wp\/v2\/product_tag?post=21521"}],"curies":[{"name":"wp","href":"https:\/\/api.w.org\/{rel}","templated":true}]}}