{"id":21512,"date":"2020-12-20T22:51:06","date_gmt":"2020-12-21T04:51:06","guid":{"rendered":"https:\/\/defabrica.com.mx\/defabrica\/?post_type=product&#038;p=21512"},"modified":"2023-01-27T14:40:37","modified_gmt":"2023-01-27T20:40:37","slug":"freidora-de-aire-philips-grado-b","status":"publish","type":"product","link":"https:\/\/defabrica.com.mx\/defabrica\/producto\/freidora-de-aire-philips-grado-b\/","title":{"rendered":"Freidora de Aire Philips (Grado B)"},"content":{"rendered":"<ul>\n<li>Al combinar un potente calentador y motor de 1725 W con nuestra nueva tecnolog\u00eda Twin TurboStar, el aire caliente gira r\u00e1pidamente, como un tornado, por toda la canasta de cocci\u00f3n.\u00a0Esto extrae el exceso de grasa de los alimentos y lo captura todo en el reductor de grasa en la parte inferior de la Airfryer.\u00a0La Philips Airfryer con tecnolog\u00eda Twin TurboStar tambi\u00e9n le ahorra a usted y a su hogar el olor a aceite frito en comparaci\u00f3n con una freidora normal.<\/li>\n<li>La Airfryer XXL utiliza aire caliente para cocinar sus comidas favoritas con poco o ning\u00fan aceite a\u00f1adido, por lo que puede fre\u00edr con hasta un 90% menos de grasa *.\u00a0Disfrute de alimentos fritos de excelente sabor con un m\u00ednimo de grasa gracias a la tecnolog\u00eda de eliminaci\u00f3n de grasa.<\/li>\n<li>La Airfryer XXL est\u00e1 dise\u00f1ada pensando en su familia.\u00a0Prepare deliciosas comidas para toda la familia todos los d\u00edas.\u00a0La capacidad XXL maneja f\u00e1cilmente un pollo entero, 3.1 libras de papas fritas (2 bolsas de papas fritas congeladas), hasta 6 porciones para todo un mundo de posibilidades.<\/li>\n<li>La Airfryer XXL sirve para mucho m\u00e1s que fre\u00edr.\u00a0Asa, hornea e incluso asa tus comidas favoritas para disfrutar de comidas familiares r\u00e1pidas y deliciosas.\u00a0Nuestra aplicaci\u00f3n Philips Airfryer est\u00e1 llena de consejos, tutoriales y recetas f\u00e1ciles de seguir.<\/li>\n<\/ul>\n","protected":false},"excerpt":{"rendered":"<p><span style=\"font-size: 1.15em; background-color: #ffe71b; color: #2b3477; font-weight: 600; padding: 0.3em 0.5em;\">ID de producto: 21512<\/span><\/p>\n","protected":false},"featured_media":21513,"comment_status":"open","ping_status":"closed","template":"","meta":{"_acf_changed":false,"_joinchat":[]},"product_brand":[],"product_cat":[336,337,338],"product_tag":[],"class_list":{"0":"post-21512","1":"product","2":"type-product","3":"status-publish","4":"has-post-thumbnail","6":"product_cat-hogar","7":"product_cat-cocina","8":"product_cat-electrodomesticos","10":"first","11":"instock","12":"sale","13":"shipping-taxable","14":"purchasable","15":"product-type-simple"},"acf":[],"_links":{"self":[{"href":"https:\/\/defabrica.com.mx\/defabrica\/wp-json\/wp\/v2\/product\/21512","targetHints":{"allow":["GET"]}}],"collection":[{"href":"https:\/\/defabrica.com.mx\/defabrica\/wp-json\/wp\/v2\/product"}],"about":[{"href":"https:\/\/defabrica.com.mx\/defabrica\/wp-json\/wp\/v2\/types\/product"}],"replies":[{"embeddable":true,"href":"https:\/\/defabrica.com.mx\/defabrica\/wp-json\/wp\/v2\/comments?post=21512"}],"wp:featuredmedia":[{"embeddable":true,"href":"https:\/\/defabrica.com.mx\/defabrica\/wp-json\/wp\/v2\/media\/21513"}],"wp:attachment":[{"href":"https:\/\/defabrica.com.mx\/defabrica\/wp-json\/wp\/v2\/media?parent=21512"}],"wp:term":[{"taxonomy":"product_brand","embeddable":true,"href":"https:\/\/defabrica.com.mx\/defabrica\/wp-json\/wp\/v2\/product_brand?post=21512"},{"taxonomy":"product_cat","embeddable":true,"href":"https:\/\/defabrica.com.mx\/defabrica\/wp-json\/wp\/v2\/product_cat?post=21512"},{"taxonomy":"product_tag","embeddable":true,"href":"https:\/\/defabrica.com.mx\/defabrica\/wp-json\/wp\/v2\/product_tag?post=21512"}],"curies":[{"name":"wp","href":"https:\/\/api.w.org\/{rel}","templated":true}]}}