{"id":21434,"date":"2020-12-20T16:35:56","date_gmt":"2020-12-20T22:35:56","guid":{"rendered":"https:\/\/defabrica.com.mx\/defabrica\/?post_type=product&#038;p=21434"},"modified":"2023-01-28T11:14:50","modified_gmt":"2023-01-28T17:14:50","slug":"samsung-50-pulgadas-4k-smart-qled-tv","status":"publish","type":"product","link":"https:\/\/defabrica.com.mx\/defabrica\/producto\/samsung-50-pulgadas-4k-smart-qled-tv\/","title":{"rendered":"SAMSUNG 50 pulgadas 4K Smart QLED TV"},"content":{"rendered":"<p>Tan inteligente como hermoso.\u00a0Una interfaz de Smart TV aprende el contenido que le gusta y hace sugerencias basadas en lo que mira.\u00a0Las zonas concentradas de retroiluminaci\u00f3n LED ofrecen un mayor contraste y un detalle impecable.\u00a0Y con Object Tracking Sound, no solo ver\u00e1 la acci\u00f3n, la sentir\u00e1 en sus huesos.<\/p>\n","protected":false},"excerpt":{"rendered":"<p>Tan inteligente como hermoso.\u00a0Una interfaz de Smart TV aprende el contenido que le gusta y hace sugerencias basadas en lo que mira.\u00a0Las zonas concentradas de retroiluminaci\u00f3n LED ofrecen un mayor<\/p>\n","protected":false},"featured_media":21438,"comment_status":"open","ping_status":"closed","template":"","meta":{"_acf_changed":false,"_joinchat":[]},"product_brand":[],"product_cat":[336,937],"product_tag":[],"class_list":{"0":"post-21434","1":"product","2":"type-product","3":"status-publish","4":"has-post-thumbnail","6":"product_cat-hogar","7":"product_cat-pantallas","9":"first","10":"instock","11":"sale","12":"shipping-taxable","13":"purchasable","14":"product-type-simple"},"acf":[],"_links":{"self":[{"href":"https:\/\/defabrica.com.mx\/defabrica\/wp-json\/wp\/v2\/product\/21434","targetHints":{"allow":["GET"]}}],"collection":[{"href":"https:\/\/defabrica.com.mx\/defabrica\/wp-json\/wp\/v2\/product"}],"about":[{"href":"https:\/\/defabrica.com.mx\/defabrica\/wp-json\/wp\/v2\/types\/product"}],"replies":[{"embeddable":true,"href":"https:\/\/defabrica.com.mx\/defabrica\/wp-json\/wp\/v2\/comments?post=21434"}],"wp:featuredmedia":[{"embeddable":true,"href":"https:\/\/defabrica.com.mx\/defabrica\/wp-json\/wp\/v2\/media\/21438"}],"wp:attachment":[{"href":"https:\/\/defabrica.com.mx\/defabrica\/wp-json\/wp\/v2\/media?parent=21434"}],"wp:term":[{"taxonomy":"product_brand","embeddable":true,"href":"https:\/\/defabrica.com.mx\/defabrica\/wp-json\/wp\/v2\/product_brand?post=21434"},{"taxonomy":"product_cat","embeddable":true,"href":"https:\/\/defabrica.com.mx\/defabrica\/wp-json\/wp\/v2\/product_cat?post=21434"},{"taxonomy":"product_tag","embeddable":true,"href":"https:\/\/defabrica.com.mx\/defabrica\/wp-json\/wp\/v2\/product_tag?post=21434"}],"curies":[{"name":"wp","href":"https:\/\/api.w.org\/{rel}","templated":true}]}}