{"id":21401,"date":"2020-12-20T15:55:21","date_gmt":"2020-12-20T21:55:21","guid":{"rendered":"https:\/\/defabrica.com.mx\/defabrica\/?post_type=product&#038;p=21401"},"modified":"2022-07-05T13:51:52","modified_gmt":"2022-07-05T18:51:52","slug":"samsung-55-pulgadas-4k-smart-tv","status":"publish","type":"product","link":"https:\/\/defabrica.com.mx\/defabrica\/producto\/samsung-55-pulgadas-4k-smart-tv\/","title":{"rendered":"Samsung &#8211; Smart TV LED 4K UHD 55 pulgadas"},"content":{"rendered":"<p>Sube de Full HD con la claridad del TU8200.\u00a0Obtenga 4 veces la resoluci\u00f3n de Full HD, adem\u00e1s de que el contenido de TV que no sea 4K se escala a 4K a trav\u00e9s de un potente motor UHD.\u00a0Este televisor es una clara mejora para su contenido.\u00a0Mejore su experiencia de entretenimiento en el hogar con Samsung Soundbar.\u00a0Escuche al instante di\u00e1logos m\u00e1s claros y graves m\u00e1s profundos.\u00a0Adem\u00e1s, transmita m\u00fasica simplemente conectando sus dispositivos inteligentes a trav\u00e9s de Bluetooth.<\/p>\n","protected":false},"excerpt":{"rendered":"<p>Sube de Full HD con la claridad del TU8200.\u00a0Obtenga 4 veces la resoluci\u00f3n de Full HD, adem\u00e1s de que el contenido de TV que no sea 4K se escala a<\/p>\n","protected":false},"featured_media":21420,"comment_status":"open","ping_status":"closed","template":"","meta":{"_acf_changed":false,"_joinchat":[]},"product_brand":[],"product_cat":[336,937],"product_tag":[],"class_list":{"0":"post-21401","1":"product","2":"type-product","3":"status-publish","4":"has-post-thumbnail","6":"product_cat-hogar","7":"product_cat-pantallas","9":"first","10":"instock","11":"sale","12":"shipping-taxable","13":"purchasable","14":"product-type-simple"},"acf":[],"_links":{"self":[{"href":"https:\/\/defabrica.com.mx\/defabrica\/wp-json\/wp\/v2\/product\/21401","targetHints":{"allow":["GET"]}}],"collection":[{"href":"https:\/\/defabrica.com.mx\/defabrica\/wp-json\/wp\/v2\/product"}],"about":[{"href":"https:\/\/defabrica.com.mx\/defabrica\/wp-json\/wp\/v2\/types\/product"}],"replies":[{"embeddable":true,"href":"https:\/\/defabrica.com.mx\/defabrica\/wp-json\/wp\/v2\/comments?post=21401"}],"wp:featuredmedia":[{"embeddable":true,"href":"https:\/\/defabrica.com.mx\/defabrica\/wp-json\/wp\/v2\/media\/21420"}],"wp:attachment":[{"href":"https:\/\/defabrica.com.mx\/defabrica\/wp-json\/wp\/v2\/media?parent=21401"}],"wp:term":[{"taxonomy":"product_brand","embeddable":true,"href":"https:\/\/defabrica.com.mx\/defabrica\/wp-json\/wp\/v2\/product_brand?post=21401"},{"taxonomy":"product_cat","embeddable":true,"href":"https:\/\/defabrica.com.mx\/defabrica\/wp-json\/wp\/v2\/product_cat?post=21401"},{"taxonomy":"product_tag","embeddable":true,"href":"https:\/\/defabrica.com.mx\/defabrica\/wp-json\/wp\/v2\/product_tag?post=21401"}],"curies":[{"name":"wp","href":"https:\/\/api.w.org\/{rel}","templated":true}]}}